{"id":61305,"date":"2021-04-30T11:04:14","date_gmt":"2021-04-30T09:04:14","guid":{"rendered":"https:\/\/nabytoklaguna.sk\/sk\/?post_type=product&#038;p=61305"},"modified":"2025-10-27T13:13:06","modified_gmt":"2025-10-27T12:13:06","slug":"novelus-maxi-sedacia-suprava","status":"publish","type":"product","link":"https:\/\/nabytoklaguna.sk\/sk\/produkt\/novelus-maxi-sedacia-suprava\/","title":{"rendered":"L NOMAD MAXI sedacia s\u00faprava"},"content":{"rendered":"<p>Sedacia s\u00faprava <strong>L NOMAD MAXI<\/strong> je sedacia s\u00faprava v tvare <strong>U<\/strong> , ktor\u00e1 je vhodn\u00e1 najm\u00e4 pre \u013eud\u00ed, ktor\u00ed maj\u00fa radi jednoduch\u00e9 a minimalistick\u00e9\u00a0 interi\u00e9ry. Za p\u00e1r sek\u00fand, jednoduch\u00fdm sp\u00f4sobom sedaciu s\u00fapravu <strong>rozlo\u017e\u00edte.<\/strong> Po rozlo\u017een\u00ed V\u00e1m vznikne <strong>plocha pre pr\u00edle\u017eitostn\u00e9 spanie<\/strong> s rozmerom 130&#215;200 cm. <strong>\u00dalo\u017en\u00e9ho priestoru<\/strong>\u00a0 nieje nikdy dos\u0165 a n\u00e1jdete ho aj v tejto sedacej s\u00faprave.Vn\u00fatro\u00a0sedacej s\u00fapravy je vyrobene<strong>\u00a0z vlnitej pru\u017einy a HR peny.<\/strong> V\u010faka tejto v\u00fdplne bude Va\u0161e sedenie komfortnej\u0161ie a taktie\u017e <strong>\u017eivotnos\u0165 sedacej s\u00fapravy<\/strong> je ove\u013ea dlh\u0161ia. Kon\u0161trukcia sedacej s\u00fapravy <strong>je vyroben\u00e1 z mas\u00edvu<\/strong>. Sedaciu s\u00fapravu je mo\u017en\u00e9 umiestni\u0165 <strong>aj do priestoru<\/strong> preto\u017ee je o\u010dalunen\u00e1 aj zo zadnej strany. Mo\u017enos\u0165 v\u00fdberu prav\u00e9ho alebo \u013eav\u00e9ho prevedenia. K sedacej s\u00faprave je mo\u017en\u00e9 doobjedna\u0165 <strong>kreslo<\/strong> za cenu <strong>429 EUR<\/strong><\/p>\n<p class=\"p1\"><strong>SEDACIU S\u00daPRAVU JE MO\u017dN\u00c9 VYROBI\u0164 NA MIERU<\/strong>, pod\u013ea Va\u0161ich predst\u00e1v a po\u017eiadaviek \u2013 pri bli\u017e\u0161ie inform\u00e1cie a pomoc s v\u00fdberom n\u00e1s kontaktujte\u00a0<a href=\"mailto:nabytok.laguna@zoznam.sk\">emailom\u00a0<\/a>alebo\u00a0<strong>telefonicky na tel. \u010d\u00edsle: 0911 918 143.<\/strong>.<\/p>\n<p>Mo\u017enos\u0165 v\u00fdberu farebn\u00e9ho prevedenia zo vzorkovn\u00edka l\u00e1tok. Odpor\u00fa\u010dame l\u00e1tky:<strong> MONOLITH, POWER, QUATRO, LEA.\u00a0<\/strong><\/p>\n<p>&nbsp;<\/p>\n<h3 class=\"page-product-heading\">VLASTNOSTI<\/h3>\n<table class=\"table-data-sheet\">\n<tbody>\n<tr class=\"odd\">\n<td>H\u013abka<\/td>\n<td>190\/215 cm<\/td>\n<\/tr>\n<tr class=\"even\">\n<td>\u0160\u00edrka<\/td>\n<td>330 cm<\/td>\n<\/tr>\n<tr class=\"odd\">\n<td><\/td>\n<td><\/td>\n<\/tr>\n<tr class=\"even\">\n<td>Vhodn\u00e1 miestnos\u0165<\/td>\n<td>ob\u00fdva\u010dka, spolo\u010densk\u00e1 miestnos\u0165, hotely, kaviarne<\/td>\n<\/tr>\n<tr class=\"odd\">\n<td>Typ n\u00e1bytku<\/td>\n<td>Sedacia s\u00faprava v tvare U<\/td>\n<\/tr>\n<tr class=\"even\">\n<td>\u0160t\u00fdl n\u00e1bytku<\/td>\n<td>modern\u00fd<\/td>\n<\/tr>\n<tr class=\"odd\">\n<td>Z\u00e1ruka<\/td>\n<td>2 roky<\/td>\n<\/tr>\n<tr class=\"even\">\n<td>Sp\u00f4sob dodania<\/td>\n<td>demont v troch bal\u00edkoch<\/td>\n<\/tr>\n<tr class=\"odd\">\n<td><\/td>\n<td><\/td>\n<\/tr>\n<tr class=\"even\">\n<td>\u00dalo\u017en\u00fd priestor<\/td>\n<td>\u00e1no<\/td>\n<\/tr>\n<tr class=\"odd\">\n<td>Rohov\u00e9 prevedenie<\/td>\n<td>prevedenie v tvare U<\/td>\n<\/tr>\n<tr class=\"even\">\n<td><\/td>\n<td><\/td>\n<\/tr>\n<tr class=\"odd\">\n<td><\/td>\n<td><\/td>\n<\/tr>\n<tr class=\"even\">\n<td>Mo\u017enos\u0165 rozkladania<\/td>\n<td>\u00e1no<\/td>\n<\/tr>\n<tr class=\"odd\">\n<td>Plocha po rozlo\u017een\u00ed<\/td>\n<td>130\u00d7200 cm<\/td>\n<\/tr>\n<tr class=\"even\">\n<td>Kon\u0161trukcia<\/td>\n<td>mas\u00edv<\/td>\n<\/tr>\n<tr class=\"odd\">\n<td><\/td>\n<td><\/td>\n<\/tr>\n<tr class=\"even\">\n<td>Obsahuje vank\u00fa\u0161e<\/td>\n<td>nie<\/td>\n<\/tr>\n<tr class=\"odd\">\n<td>Nastavenie opierok<\/td>\n<td>nie<\/td>\n<\/tr>\n<tr class=\"even\">\n<td>V\u00fdpl\u0148 seda\u010dky<\/td>\n<td>pena+ pru\u017eina<\/td>\n<\/tr>\n<\/tbody>\n<\/table>\n","protected":false},"excerpt":{"rendered":"<p>Sedacia s\u00faprava L NOMAD MAXI je sedacia s\u00faprava v tvare U , ktor\u00e1 je vhodn\u00e1 najm\u00e4 pre \u013eud\u00ed, ktor\u00ed maj\u00fa radi jednoduch\u00e9 a minimalistick\u00e9\u00a0 interi\u00e9ry. Za p\u00e1r sek\u00fand, jednoduch\u00fdm sp\u00f4sobom sedaciu s\u00fapravu rozlo\u017e\u00edte. Po rozlo\u017een\u00ed V\u00e1m vznikne plocha pre pr\u00edle\u017eitostn\u00e9 spanie s rozmerom 130&#215;200 cm. \u00dalo\u017en\u00e9ho priestoru\u00a0 nieje nikdy dos\u0165 a n\u00e1jdete ho aj v&#8230;<\/p>\n","protected":false},"featured_media":61310,"comment_status":"closed","ping_status":"closed","template":"","meta":{"_seopress_robots_primary_cat":"140","_seopress_titles_title":"","_seopress_titles_desc":"","_seopress_robots_index":""},"product_brand":[],"product_cat":[140,254,250],"product_tag":[],"class_list":{"0":"post-61305","1":"product","2":"type-product","3":"status-publish","4":"has-post-thumbnail","6":"product_cat-sedacie-supravy","7":"product_cat-sedacie-supravy-u","8":"product_cat-namieru","10":"first","11":"onbackorder","12":"shipping-taxable","13":"purchasable","14":"product-type-variable"},"_links":{"self":[{"href":"https:\/\/nabytoklaguna.sk\/sk\/wp-json\/wp\/v2\/product\/61305","targetHints":{"allow":["GET"]}}],"collection":[{"href":"https:\/\/nabytoklaguna.sk\/sk\/wp-json\/wp\/v2\/product"}],"about":[{"href":"https:\/\/nabytoklaguna.sk\/sk\/wp-json\/wp\/v2\/types\/product"}],"replies":[{"embeddable":true,"href":"https:\/\/nabytoklaguna.sk\/sk\/wp-json\/wp\/v2\/comments?post=61305"}],"wp:featuredmedia":[{"embeddable":true,"href":"https:\/\/nabytoklaguna.sk\/sk\/wp-json\/wp\/v2\/media\/61310"}],"wp:attachment":[{"href":"https:\/\/nabytoklaguna.sk\/sk\/wp-json\/wp\/v2\/media?parent=61305"}],"wp:term":[{"taxonomy":"product_brand","embeddable":true,"href":"https:\/\/nabytoklaguna.sk\/sk\/wp-json\/wp\/v2\/product_brand?post=61305"},{"taxonomy":"product_cat","embeddable":true,"href":"https:\/\/nabytoklaguna.sk\/sk\/wp-json\/wp\/v2\/product_cat?post=61305"},{"taxonomy":"product_tag","embeddable":true,"href":"https:\/\/nabytoklaguna.sk\/sk\/wp-json\/wp\/v2\/product_tag?post=61305"}],"curies":[{"name":"wp","href":"https:\/\/api.w.org\/{rel}","templated":true}]}}