{"id":61335,"date":"2021-04-30T11:04:14","date_gmt":"2021-04-30T09:04:14","guid":{"rendered":"https:\/\/nabytoklaguna.sk\/sk\/?post_type=product&#038;p=61335"},"modified":"2024-12-04T10:35:29","modified_gmt":"2024-12-04T09:35:29","slug":"tibago-skrina-adrk","status":"publish","type":"product","link":"https:\/\/nabytoklaguna.sk\/sk\/produkt\/tibago-skrina-adrk\/","title":{"rendered":"TIBAGO 120 skri\u0148a"},"content":{"rendered":"<p>Modern\u00e1\u00a0dvojdverov\u00e1 \u0161atn\u00edkov\u00e1 skri\u0148a\u00a0 <strong>TIBAGO 120<\/strong> na prv\u00fd poh\u013ead zaujme svojim \u0161t\u00fdlov\u00fdm\u00a0dizajnom umocnen\u00fd\u00a0<b>zrkadlami<\/b>. Skri\u0148a je ur\u010den\u00e1 do ka\u017edej miestnosti\u00a0v byte alebo dome. Vo vn\u00fatri sa o\u00a0<strong>poriadok<\/strong> vo Va\u0161ich veciach postaraj\u00fa priestory rozdelen\u00e9 do dvoch <strong>sektorov<\/strong>\u00a0\u2013 v \u013eavej \u010dasti je\u00a0<strong>\u0161atn\u00edkov\u00e1 ty\u010d<\/strong>, v pravej \u010dasti s\u00fa\u00a0<strong>police<\/strong>. Skri\u0148a je vyhotoven\u00e1 v kvalitnom preveden\u00ed \u2013\u00a0<strong>laminovan\u00e1<\/strong>\u00a0<strong>MDF<\/strong>. \u013dahkos\u0165 manipul\u00e1cie zabezpe\u010duj\u00fa\u00a0<strong>kovania<\/strong>\u00a0spolo\u010dnosti\u00a0<strong>Sevroll<\/strong>. Mo\u017enos\u0165 v\u00fdberu z\u00a0<b>piatich\u00a0<\/b>farebn\u00fdch preveden\u00ed:<strong>\u00a0\u010dierna, choco, sonoma, trufel, biela.<\/strong><\/p>\n<p><strong>Mo\u017enos\u0165 dok\u00fapi\u0165 LED RGB osvetlenie za 35,- \u20ac\u00a0<\/strong>(pri objedn\u00e1vke potrebn\u00e9 uvies\u0165 v pozn\u00e1mke).<\/p>\n<p>Rozmer (\u0160xVxH): 120 x 200 x 58 cm<\/p>\n<p><strong>Parametre v\u00fdrobku<\/strong><\/p>\n<table border=\"0\" cellspacing=\"5\" cellpadding=\"1\">\n<tbody>\n<tr>\n<td><strong>Typ v\u00fdrobku<\/strong><\/td>\n<td>Skri\u0148a s posuvn\u00fdmi dverami<\/td>\n<\/tr>\n<tr>\n<td><strong>Materi\u00e1l<\/strong><\/td>\n<td>DTD laminovan\u00e1<\/td>\n<\/tr>\n<tr>\n<td><strong>Rozmery \u0161\/v\/h<br \/>\n<\/strong><\/td>\n<td>120 x 200 x 58 cm<\/td>\n<\/tr>\n<tr>\n<td><strong>Balenie<\/strong><\/td>\n<td>demont<\/td>\n<\/tr>\n<\/tbody>\n<\/table>\n","protected":false},"excerpt":{"rendered":"<p>Modern\u00e1\u00a0dvojdverov\u00e1 \u0161atn\u00edkov\u00e1 skri\u0148a\u00a0 TIBAGO 120 na prv\u00fd poh\u013ead zaujme svojim \u0161t\u00fdlov\u00fdm\u00a0dizajnom umocnen\u00fd\u00a0zrkadlami. Skri\u0148a je ur\u010den\u00e1 do ka\u017edej miestnosti\u00a0v byte alebo dome. Vo vn\u00fatri sa o\u00a0poriadok vo Va\u0161ich veciach postaraj\u00fa priestory rozdelen\u00e9 do dvoch sektorov\u00a0\u2013 v \u013eavej \u010dasti je\u00a0\u0161atn\u00edkov\u00e1 ty\u010d, v pravej \u010dasti s\u00fa\u00a0police. Skri\u0148a je vyhotoven\u00e1 v kvalitnom preveden\u00ed \u2013\u00a0laminovan\u00e1\u00a0MDF. \u013dahkos\u0165 manipul\u00e1cie zabezpe\u010duj\u00fa\u00a0kovania\u00a0spolo\u010dnosti\u00a0Sevroll. Mo\u017enos\u0165 v\u00fdberu&#8230;<\/p>\n","protected":false},"featured_media":61352,"comment_status":"closed","ping_status":"closed","template":"","meta":{"_seopress_robots_primary_cat":"225","_seopress_titles_title":"","_seopress_titles_desc":"","_seopress_robots_index":""},"product_brand":[],"product_cat":[1585,225],"product_tag":[],"class_list":{"0":"post-61335","1":"product","2":"type-product","3":"status-publish","4":"has-post-thumbnail","6":"product_cat-s-posuvnymi-dverami","7":"product_cat-skrine","8":"pa_farba-biela-zrkadla","9":"pa_farba-choco-zrkadla","10":"pa_farba-cierna-zrkadla","11":"pa_farba-dub-sonoma-zrkadla","12":"pa_farba-trufel-zrkadla","14":"first","15":"instock","16":"shipping-taxable","17":"purchasable","18":"product-type-variable"},"_links":{"self":[{"href":"https:\/\/nabytoklaguna.sk\/sk\/wp-json\/wp\/v2\/product\/61335","targetHints":{"allow":["GET"]}}],"collection":[{"href":"https:\/\/nabytoklaguna.sk\/sk\/wp-json\/wp\/v2\/product"}],"about":[{"href":"https:\/\/nabytoklaguna.sk\/sk\/wp-json\/wp\/v2\/types\/product"}],"replies":[{"embeddable":true,"href":"https:\/\/nabytoklaguna.sk\/sk\/wp-json\/wp\/v2\/comments?post=61335"}],"wp:featuredmedia":[{"embeddable":true,"href":"https:\/\/nabytoklaguna.sk\/sk\/wp-json\/wp\/v2\/media\/61352"}],"wp:attachment":[{"href":"https:\/\/nabytoklaguna.sk\/sk\/wp-json\/wp\/v2\/media?parent=61335"}],"wp:term":[{"taxonomy":"product_brand","embeddable":true,"href":"https:\/\/nabytoklaguna.sk\/sk\/wp-json\/wp\/v2\/product_brand?post=61335"},{"taxonomy":"product_cat","embeddable":true,"href":"https:\/\/nabytoklaguna.sk\/sk\/wp-json\/wp\/v2\/product_cat?post=61335"},{"taxonomy":"product_tag","embeddable":true,"href":"https:\/\/nabytoklaguna.sk\/sk\/wp-json\/wp\/v2\/product_tag?post=61335"}],"curies":[{"name":"wp","href":"https:\/\/api.w.org\/{rel}","templated":true}]}}