{"id":61430,"date":"2021-04-30T11:04:14","date_gmt":"2021-04-30T09:04:14","guid":{"rendered":"https:\/\/nabytoklaguna.sk\/sk\/?post_type=product&#038;p=61430"},"modified":"2025-10-24T16:56:41","modified_gmt":"2025-10-24T14:56:41","slug":"apollo-premium1-sedacia-suprava","status":"publish","type":"product","link":"https:\/\/nabytoklaguna.sk\/sk\/produkt\/apollo-premium1-sedacia-suprava\/","title":{"rendered":"L PAOLLO PREMIUM+1 sedacia s\u00faprava"},"content":{"rendered":"<p>Luxusn\u00e1 sedacia s\u00faprava <strong>L PAOLLO PREMIUM+1<\/strong> je rohov\u00e1 sedacia s\u00faprava <strong>s polohovate\u013en\u00fdmi z\u00e1hlavn\u00edkmi<\/strong> a\u00a0 vynikaj\u00facou kvalitou spracovania. Dominantn\u00fd a pritom nevtierav\u00fd a vkusn\u00fd doplnok interi\u00e9ru. Priestrann\u00fd <strong>\u00falo\u017en\u00fd priestor<\/strong>. Mo\u017enos\u0165 <strong>rozlo\u017eenie sedacej s\u00fapravy<\/strong>, po rozlo\u017een\u00ed vnikne plocha na spanie s rozmerom 128x207cm. Vn\u00fatro sedacej s\u00fapravy je vyrobene <strong>z vlnitej pru\u017einy a HR peny.<\/strong> V\u010faka tejto v\u00fdplne bude Va\u0161e sedenie komfortnej\u0161ie a taktie\u017e \u017eivotnos\u0165 sedacej s\u00fapravy je ove\u013ea dlh\u0161ia. <strong>Kon\u0161trukcia sedacej s\u00fapravy je vyroben\u00e1 z mas\u00edvu.<\/strong> Sedaciu s\u00fapravu je mo\u017en\u00e9 umiestni\u0165 aj do priestoru preto\u017ee <strong>je o\u010dalunen\u00e1 aj zo zadnej strany.<\/strong> Mo\u017enos\u0165 v\u00fdberu prav\u00e9ho alebo \u013eav\u00e9ho prevedenia. K sedacej s\u00faprave je mo\u017en\u00e9 doobjedna\u0165 kreslo za cenu <strong>399 EUR<\/strong><\/p>\n<p><strong>SEDACIU S\u00daPRAVU JE MO\u017dN\u00c9 VYROBI\u0164 NA MIERU<\/strong>, pod\u013ea Va\u0161\u00edch predst\u00e1v a po\u017eiadaviek &#8211; pri bli\u017e\u0161ie inform\u00e1cie a pomoc s v\u00fdberom n\u00e1s kontaktujte <a href=\"mailto:nabytok.laguna@zoznam.sk\">emailom <\/a>alebo telefonicky.<\/p>\n<p>Mo\u017enos\u0165 v\u00fdberu farebn\u00e9ho prevedenia zo vzorkovn\u00edka l\u00e1tok. Odpor\u00fa\u010dame l\u00e1tky:<strong>\u00a0MONOLITH, POWER, QUATRO, LEA.\u00a0<\/strong><\/p>\n<p>Mo\u017enos\u0165 vo\u013eby\u00a0<strong>vysok\u00fdch dreven\u00fdch no\u017ei\u010diek<\/strong>\u00a0 \u2013 12 cm\u00a0 vo farbe\u00a0<strong>biela<\/strong>,\u00a0<strong>pr\u00edrodn\u00e1<\/strong>\u00a0hned\u00e1 a\u00a0<strong>\u010dierna\u00a0<\/strong>\u00a0v cene 40 eur.<\/p>\n<p><strong>SEDACIU S\u00daPRAVU JE MO\u017dN\u00c9 VYROBI\u0164 NA MIERU<\/strong>, pod\u013ea Va\u0161ich predst\u00e1v a po\u017eiadaviek \u2013 pri bli\u017e\u0161ie inform\u00e1cie a pomoc s v\u00fdberom n\u00e1s kontaktujte\u00a0<a href=\"mailto:nabytok.laguna@zoznam.sk\">emailom\u00a0<\/a>alebo\u00a0<strong>telefonicky na tel. \u010d\u00edsle: 0911 918 143.<\/strong><\/p>\n<h3 class=\"page-product-heading\">VLASTNOSTI<\/h3>\n<table class=\"table-data-sheet\">\n<tbody>\n<tr class=\"odd\">\n<td>H\u013abka<\/td>\n<td>205 cm<\/td>\n<\/tr>\n<tr class=\"even\">\n<td>\u0160\u00edrka<\/td>\n<td>362 cm<\/td>\n<\/tr>\n<tr class=\"odd\">\n<td>V\u00fd\u0161ka<\/td>\n<td>96 cm<\/td>\n<\/tr>\n<tr class=\"even\">\n<td>Vhodn\u00e1 miestnos\u0165<\/td>\n<td>ob\u00fdva\u010dka, spolo\u010densk\u00e1 miestnos\u0165, hotely, kaviarne<\/td>\n<\/tr>\n<tr class=\"odd\">\n<td>Typ n\u00e1bytku<\/td>\n<td>\u00a0Rohov\u00e1 sedacia s\u00faprava<\/td>\n<\/tr>\n<tr class=\"even\">\n<td>\u0160t\u00fdl n\u00e1bytku<\/td>\n<td>modern\u00fd<\/td>\n<\/tr>\n<tr class=\"odd\">\n<td>Z\u00e1ruka<\/td>\n<td>2 roky<\/td>\n<\/tr>\n<tr class=\"even\">\n<td>Sp\u00f4sob dodania<\/td>\n<td>demont v troch bal\u00edkoch<\/td>\n<\/tr>\n<tr class=\"odd\">\n<td><\/td>\n<td><\/td>\n<\/tr>\n<tr class=\"even\">\n<td>\u00dalo\u017en\u00fd priestor<\/td>\n<td>\u00e1no<\/td>\n<\/tr>\n<tr class=\"odd\">\n<td>Rohov\u00e9 prevedenie<\/td>\n<td>\u00e1no<\/td>\n<\/tr>\n<tr class=\"even\">\n<td><\/td>\n<td><\/td>\n<\/tr>\n<tr class=\"odd\">\n<td><\/td>\n<td><\/td>\n<\/tr>\n<tr class=\"even\">\n<td>Mo\u017enos\u0165 rozkladania<\/td>\n<td>\u00e1no<\/td>\n<\/tr>\n<tr class=\"odd\">\n<td>Plocha po rozlo\u017een\u00ed<\/td>\n<td>128\u00d7207 cm<\/td>\n<\/tr>\n<tr class=\"even\">\n<td>Kon\u0161trukcia<\/td>\n<td>mas\u00edv<\/td>\n<\/tr>\n<tr class=\"odd\">\n<td><\/td>\n<td><\/td>\n<\/tr>\n<tr class=\"even\">\n<td>Obsahuje vank\u00fa\u0161e<\/td>\n<td>nie<\/td>\n<\/tr>\n<tr class=\"odd\">\n<td>Nastavenie opierok<\/td>\n<td>\u00e1no<\/td>\n<\/tr>\n<tr class=\"even\">\n<td>V\u00fdpl\u0148 seda\u010dky<\/td>\n<td>pena+ pru\u017eina<\/td>\n<\/tr>\n<\/tbody>\n<\/table>\n","protected":false},"excerpt":{"rendered":"<p>Luxusn\u00e1 sedacia s\u00faprava L PAOLLO PREMIUM+1 je rohov\u00e1 sedacia s\u00faprava s polohovate\u013en\u00fdmi z\u00e1hlavn\u00edkmi a\u00a0 vynikaj\u00facou kvalitou spracovania. Dominantn\u00fd a pritom nevtierav\u00fd a vkusn\u00fd doplnok interi\u00e9ru. Priestrann\u00fd \u00falo\u017en\u00fd priestor. Mo\u017enos\u0165 rozlo\u017eenie sedacej s\u00fapravy, po rozlo\u017een\u00ed vnikne plocha na spanie s rozmerom 128x207cm. Vn\u00fatro sedacej s\u00fapravy je vyrobene z vlnitej pru\u017einy a HR peny. V\u010faka tejto v\u00fdplne&#8230;<\/p>\n","protected":false},"featured_media":61432,"comment_status":"closed","ping_status":"closed","template":"","meta":{"_seopress_robots_primary_cat":"140","_seopress_titles_title":"","_seopress_titles_desc":"","_seopress_robots_index":""},"product_brand":[],"product_cat":[255,140,250],"product_tag":[],"class_list":{"0":"post-61430","1":"product","2":"type-product","3":"status-publish","4":"has-post-thumbnail","6":"product_cat-rohove-supravy","7":"product_cat-sedacie-supravy","8":"product_cat-namieru","10":"first","11":"onbackorder","12":"shipping-taxable","13":"purchasable","14":"product-type-variable"},"_links":{"self":[{"href":"https:\/\/nabytoklaguna.sk\/sk\/wp-json\/wp\/v2\/product\/61430","targetHints":{"allow":["GET"]}}],"collection":[{"href":"https:\/\/nabytoklaguna.sk\/sk\/wp-json\/wp\/v2\/product"}],"about":[{"href":"https:\/\/nabytoklaguna.sk\/sk\/wp-json\/wp\/v2\/types\/product"}],"replies":[{"embeddable":true,"href":"https:\/\/nabytoklaguna.sk\/sk\/wp-json\/wp\/v2\/comments?post=61430"}],"wp:featuredmedia":[{"embeddable":true,"href":"https:\/\/nabytoklaguna.sk\/sk\/wp-json\/wp\/v2\/media\/61432"}],"wp:attachment":[{"href":"https:\/\/nabytoklaguna.sk\/sk\/wp-json\/wp\/v2\/media?parent=61430"}],"wp:term":[{"taxonomy":"product_brand","embeddable":true,"href":"https:\/\/nabytoklaguna.sk\/sk\/wp-json\/wp\/v2\/product_brand?post=61430"},{"taxonomy":"product_cat","embeddable":true,"href":"https:\/\/nabytoklaguna.sk\/sk\/wp-json\/wp\/v2\/product_cat?post=61430"},{"taxonomy":"product_tag","embeddable":true,"href":"https:\/\/nabytoklaguna.sk\/sk\/wp-json\/wp\/v2\/product_tag?post=61430"}],"curies":[{"name":"wp","href":"https:\/\/api.w.org\/{rel}","templated":true}]}}