{"id":63650,"date":"2021-04-30T11:04:14","date_gmt":"2021-04-30T09:04:14","guid":{"rendered":"https:\/\/nabytoklaguna.sk\/sk\/?post_type=product&#038;p=63650"},"modified":"2025-06-30T12:02:22","modified_gmt":"2025-06-30T10:02:22","slug":"lada-new-predsien","status":"publish","type":"product","link":"https:\/\/nabytoklaguna.sk\/sk\/produkt\/lada-new-predsien\/","title":{"rendered":"K LADA NEW predsie\u0148"},"content":{"rendered":"<p>Kvalitn\u00e1 predsie\u0148ov\u00e1 zostava LADA NEW je vyroben\u00e1 z laminovanej DTD. Svoj\u00edmi rozmermi sa hod\u00ed najm\u00e4 do men\u0161\u00edch chodieb a predsien\u00ed. Predsie\u0148ov\u00e1 zostava obsahuje ve\u0161iakov\u00fd panel so zrkadlom a botn\u00edk.<\/p>\n<p><strong>KVALITN\u00dd SLOVENSK\u00dd V\u00ddROBOK<\/strong><\/p>\n<p>Mo\u017enos\u0165 v\u00fdberu farebn\u00e9ho prevedenia:<\/p>\n<ul>\n<li>buk<\/li>\n<li>biela<\/li>\n<li>dub sonoma<\/li>\n<\/ul>\n<p>ROZMER<br \/>\n\u0160\u00edrka: 91,8 cm<br \/>\nH\u013abka: 25 cm<br \/>\nV\u00fd\u0161ka: 200 cm<\/p>\n","protected":false},"excerpt":{"rendered":"<p>Kvalitn\u00e1 predsie\u0148ov\u00e1 zostava LADA NEW je vyroben\u00e1 z laminovanej DTD. Svoj\u00edmi rozmermi sa hod\u00ed najm\u00e4 do men\u0161\u00edch chodieb a predsien\u00ed. Predsie\u0148ov\u00e1 zostava obsahuje ve\u0161iakov\u00fd panel so zrkadlom a botn\u00edk. KVALITN\u00dd SLOVENSK\u00dd V\u00ddROBOK Mo\u017enos\u0165 v\u00fdberu farebn\u00e9ho prevedenia: buk biela dub sonoma ROZMER \u0160\u00edrka: 91,8 cm H\u013abka: 25 cm V\u00fd\u0161ka: 200 cm<\/p>\n","protected":false},"featured_media":63652,"comment_status":"closed","ping_status":"closed","template":"","meta":{"_seopress_robots_primary_cat":"257","_seopress_titles_title":"","_seopress_titles_desc":"","_seopress_robots_index":""},"product_brand":[],"product_cat":[2139,6943,257],"product_tag":[],"class_list":{"0":"post-63650","1":"product","2":"type-product","3":"status-publish","4":"has-post-thumbnail","6":"product_cat-predsiene-predsiene","7":"product_cat-predsiene-zostavy","8":"product_cat-predsiene","9":"pa_farba-biela","10":"pa_farba-buk","11":"pa_farba-dub-sonoma","13":"first","14":"onbackorder","15":"shipping-taxable","16":"purchasable","17":"product-type-variable"},"_links":{"self":[{"href":"https:\/\/nabytoklaguna.sk\/sk\/wp-json\/wp\/v2\/product\/63650","targetHints":{"allow":["GET"]}}],"collection":[{"href":"https:\/\/nabytoklaguna.sk\/sk\/wp-json\/wp\/v2\/product"}],"about":[{"href":"https:\/\/nabytoklaguna.sk\/sk\/wp-json\/wp\/v2\/types\/product"}],"replies":[{"embeddable":true,"href":"https:\/\/nabytoklaguna.sk\/sk\/wp-json\/wp\/v2\/comments?post=63650"}],"wp:featuredmedia":[{"embeddable":true,"href":"https:\/\/nabytoklaguna.sk\/sk\/wp-json\/wp\/v2\/media\/63652"}],"wp:attachment":[{"href":"https:\/\/nabytoklaguna.sk\/sk\/wp-json\/wp\/v2\/media?parent=63650"}],"wp:term":[{"taxonomy":"product_brand","embeddable":true,"href":"https:\/\/nabytoklaguna.sk\/sk\/wp-json\/wp\/v2\/product_brand?post=63650"},{"taxonomy":"product_cat","embeddable":true,"href":"https:\/\/nabytoklaguna.sk\/sk\/wp-json\/wp\/v2\/product_cat?post=63650"},{"taxonomy":"product_tag","embeddable":true,"href":"https:\/\/nabytoklaguna.sk\/sk\/wp-json\/wp\/v2\/product_tag?post=63650"}],"curies":[{"name":"wp","href":"https:\/\/api.w.org\/{rel}","templated":true}]}}