{"id":63684,"date":"2021-04-30T11:04:14","date_gmt":"2021-04-30T09:04:14","guid":{"rendered":"https:\/\/nabytoklaguna.sk\/sk\/?post_type=product&#038;p=63684"},"modified":"2025-07-08T10:57:18","modified_gmt":"2025-07-08T08:57:18","slug":"marina-skrina","status":"publish","type":"product","link":"https:\/\/nabytoklaguna.sk\/sk\/produkt\/marina-skrina\/","title":{"rendered":"K MARINA botn\u00edkov\u00e1 skri\u0148a"},"content":{"rendered":"<p>Praktick\u00e1 botn\u00edkov\u00e1 skri\u0148a s 8 policami vyroben\u00e1 z kvalitnej laminovanej DTD. Svojimi rozmermi je vhodn\u00e1 do men\u0161ej \u010di v\u00e4\u010d\u0161ej predsiene.\u00a0 Skri\u0148a sa vyr\u00e1ba v troch farebn\u00fdch prevedeniach tak ju ur\u010dite dolad\u00edte k svojmu interi\u00e9ru.<\/p>\n<p>Mo\u017enos\u0165 v\u00fdberu farebn\u00e9ho prevedenia:<\/p>\n<ul>\n<li>buk<\/li>\n<li>biela<\/li>\n<li>dub sonoma<\/li>\n<\/ul>\n<p><img loading=\"lazy\" decoding=\"async\" class=\"alignnone size-full wp-image-43244\" src=\"https:\/\/nabytoklaguna.sk\/sk\/wp-content\/uploads\/2018\/05\/slovensk\u00fd-znak.png\" alt=\"\" width=\"126\" height=\"126\" srcset=\"https:\/\/nabytoklaguna.sk\/sk\/wp-content\/uploads\/2018\/05\/slovensk\u00fd-znak.png 126w, https:\/\/nabytoklaguna.sk\/sk\/wp-content\/uploads\/2018\/05\/slovensk\u00fd-znak-100x100.png 100w\" sizes=\"auto, (max-width: 126px) 100vw, 126px\" \/><\/p>\n<p>&nbsp;<\/p>\n<p>ROZMER<\/p>\n<p>\u0160\u00edrka: 68 cm<\/p>\n<p>V\u00fd\u0161ka: 197,1 cm<\/p>\n<p>H\u013abka: 34,9 cm<\/p>\n","protected":false},"excerpt":{"rendered":"<p>Praktick\u00e1 botn\u00edkov\u00e1 skri\u0148a s 8 policami vyroben\u00e1 z kvalitnej laminovanej DTD. Svojimi rozmermi je vhodn\u00e1 do men\u0161ej \u010di v\u00e4\u010d\u0161ej predsiene.\u00a0 Skri\u0148a sa vyr\u00e1ba v troch farebn\u00fdch prevedeniach tak ju ur\u010dite dolad\u00edte k svojmu interi\u00e9ru. Mo\u017enos\u0165 v\u00fdberu farebn\u00e9ho prevedenia: buk biela dub sonoma &nbsp; ROZMER \u0160\u00edrka: 68 cm V\u00fd\u0161ka: 197,1 cm H\u013abka: 34,9 cm<\/p>\n","protected":false},"featured_media":63687,"comment_status":"closed","ping_status":"closed","template":"","meta":{"_seopress_robots_primary_cat":"257","_seopress_titles_title":"","_seopress_titles_desc":"","_seopress_robots_index":""},"product_brand":[],"product_cat":[2139,6943,257],"product_tag":[],"class_list":{"0":"post-63684","1":"product","2":"type-product","3":"status-publish","4":"has-post-thumbnail","6":"product_cat-predsiene-predsiene","7":"product_cat-predsiene-zostavy","8":"product_cat-predsiene","9":"pa_farba-biela","10":"pa_farba-buk","11":"pa_farba-dub-sonoma","13":"first","14":"onbackorder","15":"shipping-taxable","16":"purchasable","17":"product-type-variable"},"_links":{"self":[{"href":"https:\/\/nabytoklaguna.sk\/sk\/wp-json\/wp\/v2\/product\/63684","targetHints":{"allow":["GET"]}}],"collection":[{"href":"https:\/\/nabytoklaguna.sk\/sk\/wp-json\/wp\/v2\/product"}],"about":[{"href":"https:\/\/nabytoklaguna.sk\/sk\/wp-json\/wp\/v2\/types\/product"}],"replies":[{"embeddable":true,"href":"https:\/\/nabytoklaguna.sk\/sk\/wp-json\/wp\/v2\/comments?post=63684"}],"wp:featuredmedia":[{"embeddable":true,"href":"https:\/\/nabytoklaguna.sk\/sk\/wp-json\/wp\/v2\/media\/63687"}],"wp:attachment":[{"href":"https:\/\/nabytoklaguna.sk\/sk\/wp-json\/wp\/v2\/media?parent=63684"}],"wp:term":[{"taxonomy":"product_brand","embeddable":true,"href":"https:\/\/nabytoklaguna.sk\/sk\/wp-json\/wp\/v2\/product_brand?post=63684"},{"taxonomy":"product_cat","embeddable":true,"href":"https:\/\/nabytoklaguna.sk\/sk\/wp-json\/wp\/v2\/product_cat?post=63684"},{"taxonomy":"product_tag","embeddable":true,"href":"https:\/\/nabytoklaguna.sk\/sk\/wp-json\/wp\/v2\/product_tag?post=63684"}],"curies":[{"name":"wp","href":"https:\/\/api.w.org\/{rel}","templated":true}]}}