{"id":63801,"date":"2021-04-30T11:04:14","date_gmt":"2021-04-30T09:04:14","guid":{"rendered":"https:\/\/nabytoklaguna.sk\/sk\/?post_type=product&#038;p=63801"},"modified":"2025-06-30T12:26:30","modified_gmt":"2025-06-30T10:26:30","slug":"mario-new-tempo-kondela","status":"publish","type":"product","link":"https:\/\/nabytoklaguna.sk\/sk\/produkt\/mario-new-tempo-kondela\/","title":{"rendered":"K MARIO new"},"content":{"rendered":"<p>Modern\u00e1 predsie\u0148ov\u00e1 sektorov\u00e1 zostava MARIO NEW V\u00e1m poskytne mno\u017estvo \u00falo\u017en\u00e9ho priestoru. Vyr\u00e1ba sa v ob\u013e\u00fabenom farebnom preveden\u00ed: dub sonoma. Materi\u00e1l:DTD laminovana. Ked\u017ee je to sektorov\u00e1 zostava jednotliv\u00e9 komponenty si m\u00f4\u017ete zak\u00fapi\u0165 aj jednotlivo. Podu\u0161ka nieje v cene , m\u00f4\u017ete si ju dok\u00fapi\u0165 za cenu 30<strong>\u00a0EUR<\/strong><\/p>\n<p><img loading=\"lazy\" decoding=\"async\" class=\"alignnone size-full wp-image-43244\" src=\"https:\/\/nabytoklaguna.sk\/sk\/wp-content\/uploads\/2018\/05\/slovensk\u00fd-znak.png\" alt=\"\" width=\"126\" height=\"126\" srcset=\"https:\/\/nabytoklaguna.sk\/sk\/wp-content\/uploads\/2018\/05\/slovensk\u00fd-znak.png 126w, https:\/\/nabytoklaguna.sk\/sk\/wp-content\/uploads\/2018\/05\/slovensk\u00fd-znak-100x100.png 100w\" sizes=\"auto, (max-width: 126px) 100vw, 126px\" \/><\/p>\n<p>ROZMER<\/p>\n<p><strong>Komoda s nadstavcom Typ B+C<br \/>\n<\/strong>\u0160irka: 30,2 cm<br \/>\nH\u013abka: 32 cm<br \/>\nV\u00fd\u0161ka: 202,9 cm<\/p>\n<p><strong>Skri\u0148a Typ A<br \/>\n<\/strong>\u0160\u00edrka: 60,2 cm<br \/>\nH\u013abka: 32 cm<br \/>\nV\u00fd\u0161ka: 202,9 cm<\/p>\n<p><strong>Panel s ve\u0161iakom Typ D<br \/>\n<\/strong>\u0160irka: 60,2 cm<br \/>\nH\u013abka: 28 cm<br \/>\nV\u00fd\u0161ka: 156,3 cm<\/p>\n<p><strong>Nadstavec so zrkadlom Typ E<br \/>\n<\/strong>\u0160irka: 60,2 cm<br \/>\nH\u013abka: 28 cm<br \/>\nV\u00fd\u0161ka: 106,5 cm<\/p>\n<p><strong>Komoda Typ G<br \/>\n<\/strong>\u0160irka: 60,2 cm<br \/>\nH\u013abka: 32 cm<br \/>\nV\u00fd\u0161ka: 96,4 cm<\/p>\n<p><strong>Skinka bez podu\u0161ky, typ F<br \/>\n<\/strong>\u0160irka: 60,2 cm<br \/>\nH\u013abka: 32 cm<br \/>\nV\u00fd\u0161ka: 46,3 cm<\/p>\n","protected":false},"excerpt":{"rendered":"<p>Modern\u00e1 predsie\u0148ov\u00e1 sektorov\u00e1 zostava MARIO NEW V\u00e1m poskytne mno\u017estvo \u00falo\u017en\u00e9ho priestoru. Vyr\u00e1ba sa v ob\u013e\u00fabenom farebnom preveden\u00ed: dub sonoma. Materi\u00e1l:DTD laminovana. Ked\u017ee je to sektorov\u00e1 zostava jednotliv\u00e9 komponenty si m\u00f4\u017ete zak\u00fapi\u0165 aj jednotlivo. Podu\u0161ka nieje v cene , m\u00f4\u017ete si ju dok\u00fapi\u0165 za cenu 30\u00a0EUR ROZMER Komoda s nadstavcom Typ B+C \u0160irka: 30,2 cm H\u013abka:&#8230;<\/p>\n","protected":false},"featured_media":63802,"comment_status":"closed","ping_status":"closed","template":"","meta":{"_seopress_robots_primary_cat":"257","_seopress_titles_title":"","_seopress_titles_desc":"","_seopress_robots_index":""},"product_brand":[],"product_cat":[2139,6943,257],"product_tag":[],"class_list":{"0":"post-63801","1":"product","2":"type-product","3":"status-publish","4":"has-post-thumbnail","6":"product_cat-predsiene-predsiene","7":"product_cat-predsiene-zostavy","8":"product_cat-predsiene","9":"pa_typ-produktu-komoda-s-nadstavcom-typ-bc","10":"pa_typ-produktu-komoda-typ-g","11":"pa_typ-produktu-nadstavec-so-zrkadlom-typ-e","12":"pa_typ-produktu-panel-s-vesiakom-typ-d","13":"pa_typ-produktu-predsienova-zostava","14":"pa_typ-produktu-skrina-typ-a","15":"pa_typ-produktu-skrinka-bez-podusky-typ-f","17":"first","18":"onbackorder","19":"shipping-taxable","20":"purchasable","21":"product-type-variable"},"_links":{"self":[{"href":"https:\/\/nabytoklaguna.sk\/sk\/wp-json\/wp\/v2\/product\/63801","targetHints":{"allow":["GET"]}}],"collection":[{"href":"https:\/\/nabytoklaguna.sk\/sk\/wp-json\/wp\/v2\/product"}],"about":[{"href":"https:\/\/nabytoklaguna.sk\/sk\/wp-json\/wp\/v2\/types\/product"}],"replies":[{"embeddable":true,"href":"https:\/\/nabytoklaguna.sk\/sk\/wp-json\/wp\/v2\/comments?post=63801"}],"wp:featuredmedia":[{"embeddable":true,"href":"https:\/\/nabytoklaguna.sk\/sk\/wp-json\/wp\/v2\/media\/63802"}],"wp:attachment":[{"href":"https:\/\/nabytoklaguna.sk\/sk\/wp-json\/wp\/v2\/media?parent=63801"}],"wp:term":[{"taxonomy":"product_brand","embeddable":true,"href":"https:\/\/nabytoklaguna.sk\/sk\/wp-json\/wp\/v2\/product_brand?post=63801"},{"taxonomy":"product_cat","embeddable":true,"href":"https:\/\/nabytoklaguna.sk\/sk\/wp-json\/wp\/v2\/product_cat?post=63801"},{"taxonomy":"product_tag","embeddable":true,"href":"https:\/\/nabytoklaguna.sk\/sk\/wp-json\/wp\/v2\/product_tag?post=63801"}],"curies":[{"name":"wp","href":"https:\/\/api.w.org\/{rel}","templated":true}]}}