{"id":65335,"date":"2021-04-30T11:04:14","date_gmt":"2021-04-30T09:04:14","guid":{"rendered":"https:\/\/nabytoklaguna.sk\/sk\/?post_type=product&#038;p=65335"},"modified":"2025-09-29T16:56:59","modified_gmt":"2025-09-29T14:56:59","slug":"k-clorin","status":"publish","type":"product","link":"https:\/\/nabytoklaguna.sk\/sk\/produkt\/k-clorin\/","title":{"rendered":"K CLORIN NEW"},"content":{"rendered":"<p>Dizajnov\u00e9 kreslo CLORIN NEW sa stane ob\u013e\u00faben\u00fdm k\u00faskom n\u00e1bytku vo Va\u0161ej dom\u00e1cnosti. \u010cal\u00fanen\u00e9 je pr\u00edjemnou l\u00e1tkou, na v\u00fdber m\u00e1te tri farebn\u00e9 prevedenia. Kreslo dop\u013a\u0148aj\u00fa\u00a0 \u0161tyri dreven\u00e9 nohy vo farbe buk. Doprajte si zasl\u00fa\u017een\u00fd oddych<\/p>\n<p><strong>VLASTNOSTI<\/strong><\/p>\n<div class=\"text\">\n<ul>\n<li><b>Materi\u00e1l:<\/b>\u00a0l\u00e1tka\/drevo<\/li>\n<li><b>Farba:<\/b> hned\u00e1\/buk, svetlosiv\u00e1\/buk, tmavosiv\u00e1\/buk<\/li>\n<li><b>Rozmery (\u0160xHxV):<\/b>\u00a056x60x82 cm<\/li>\n<li><b>V\u00fd\u0161ka sedu :<\/b>\u00a046 cm<\/li>\n<li><b>H\u013abka sedu :<\/b>\u00a046 cm<\/li>\n<li><b>Nosnos\u0165:<\/b>\u00a0max 100 kg<\/li>\n<li>Dod\u00e1van\u00e9 v demonte<\/li>\n<\/ul>\n<\/div>\n<p>&nbsp;<\/p>\n<p>&nbsp;<\/p>\n","protected":false},"excerpt":{"rendered":"<p>Dizajnov\u00e9 kreslo CLORIN NEW sa stane ob\u013e\u00faben\u00fdm k\u00faskom n\u00e1bytku vo Va\u0161ej dom\u00e1cnosti. \u010cal\u00fanen\u00e9 je pr\u00edjemnou l\u00e1tkou, na v\u00fdber m\u00e1te tri farebn\u00e9 prevedenia. Kreslo dop\u013a\u0148aj\u00fa\u00a0 \u0161tyri dreven\u00e9 nohy vo farbe buk. Doprajte si zasl\u00fa\u017een\u00fd oddych VLASTNOSTI Materi\u00e1l:\u00a0l\u00e1tka\/drevo Farba: hned\u00e1\/buk, svetlosiv\u00e1\/buk, tmavosiv\u00e1\/buk Rozmery (\u0160xHxV):\u00a056x60x82 cm V\u00fd\u0161ka sedu :\u00a046 cm H\u013abka sedu :\u00a046 cm Nosnos\u0165:\u00a0max 100 kg Dod\u00e1van\u00e9&#8230;<\/p>\n","protected":false},"featured_media":92349,"comment_status":"closed","ping_status":"closed","template":"","meta":{"_seopress_robots_primary_cat":"237","_seopress_titles_title":"","_seopress_titles_desc":"","_seopress_robots_index":""},"product_brand":[],"product_cat":[238,237],"product_tag":[],"class_list":{"0":"post-65335","1":"product","2":"type-product","3":"status-publish","4":"has-post-thumbnail","6":"product_cat-drevene-stolicky","7":"product_cat-stolicky","8":"pa_farba-tmavosivabuk","9":"pa_farba-hnedabuk","10":"pa_farba-svetlosivabuk","12":"first","13":"onbackorder","14":"shipping-taxable","15":"purchasable","16":"product-type-variable"},"_links":{"self":[{"href":"https:\/\/nabytoklaguna.sk\/sk\/wp-json\/wp\/v2\/product\/65335","targetHints":{"allow":["GET"]}}],"collection":[{"href":"https:\/\/nabytoklaguna.sk\/sk\/wp-json\/wp\/v2\/product"}],"about":[{"href":"https:\/\/nabytoklaguna.sk\/sk\/wp-json\/wp\/v2\/types\/product"}],"replies":[{"embeddable":true,"href":"https:\/\/nabytoklaguna.sk\/sk\/wp-json\/wp\/v2\/comments?post=65335"}],"wp:featuredmedia":[{"embeddable":true,"href":"https:\/\/nabytoklaguna.sk\/sk\/wp-json\/wp\/v2\/media\/92349"}],"wp:attachment":[{"href":"https:\/\/nabytoklaguna.sk\/sk\/wp-json\/wp\/v2\/media?parent=65335"}],"wp:term":[{"taxonomy":"product_brand","embeddable":true,"href":"https:\/\/nabytoklaguna.sk\/sk\/wp-json\/wp\/v2\/product_brand?post=65335"},{"taxonomy":"product_cat","embeddable":true,"href":"https:\/\/nabytoklaguna.sk\/sk\/wp-json\/wp\/v2\/product_cat?post=65335"},{"taxonomy":"product_tag","embeddable":true,"href":"https:\/\/nabytoklaguna.sk\/sk\/wp-json\/wp\/v2\/product_tag?post=65335"}],"curies":[{"name":"wp","href":"https:\/\/api.w.org\/{rel}","templated":true}]}}