{"id":65540,"date":"2021-04-30T11:04:14","date_gmt":"2021-04-30T09:04:14","guid":{"rendered":"https:\/\/nabytoklaguna.sk\/sk\/?post_type=product&#038;p=65540"},"modified":"2025-12-11T13:41:51","modified_gmt":"2025-12-11T12:41:51","slug":"k-farnel","status":"publish","type":"product","link":"https:\/\/nabytoklaguna.sk\/sk\/produkt\/k-farnel\/","title":{"rendered":"K FARNEL"},"content":{"rendered":"<p>Jed\u00e1lensk\u00fd st\u00f4l FARNEL je vhodn\u00fd do modern\u00e9ho interi\u00e9ru kde vynikaj\u00faco zapadne. Je vyroben\u00fd z kvalitnej MDF a kovu. Biela s vysok\u00fdm leskom HG je kombinovan\u00e1 s modern\u00fdm preveden\u00edm bet\u00f3n. Vhodn\u00fd pre 6 os\u00f4b.<\/p>\n<ul>\n<li><b>Materi\u00e1l:<\/b>\u00a0MDF\/kov<\/li>\n<li><b>Farba:<\/b> biela s vysok\u00fdm leskom HG\/bet\u00f3n, biela s extra vysok\u00fdm leskom HG\/biela extra vysok\u00fd lesk, biela extra vysok\u00fd lesk\/dub sonoma<\/li>\n<li><b>Rozmery (\u0160xHxV):<\/b>\u00a0160x90x76 cm<\/li>\n<li>Kovov\u00e1 podstava<\/li>\n<li>Bez rozkladu<\/li>\n<\/ul>\n<p>Dod\u00e1van\u00e9 v demonte.<\/p>\n<p>&nbsp;<\/p>\n","protected":false},"excerpt":{"rendered":"<p>Jed\u00e1lensk\u00fd st\u00f4l FARNEL je vhodn\u00fd do modern\u00e9ho interi\u00e9ru kde vynikaj\u00faco zapadne. Je vyroben\u00fd z kvalitnej MDF a kovu. Biela s vysok\u00fdm leskom HG je kombinovan\u00e1 s modern\u00fdm preveden\u00edm bet\u00f3n. Vhodn\u00fd pre 6 os\u00f4b. Materi\u00e1l:\u00a0MDF\/kov Farba: biela s vysok\u00fdm leskom HG\/bet\u00f3n, biela s extra vysok\u00fdm leskom HG\/biela extra vysok\u00fd lesk, biela extra vysok\u00fd lesk\/dub sonoma Rozmery&#8230;<\/p>\n","protected":false},"featured_media":65544,"comment_status":"closed","ping_status":"closed","template":"","meta":{"_seopress_robots_primary_cat":"243","_seopress_titles_title":"","_seopress_titles_desc":"","_seopress_robots_index":""},"product_brand":[],"product_cat":[245,243],"product_tag":[],"class_list":{"0":"post-65540","1":"product","2":"type-product","3":"status-publish","4":"has-post-thumbnail","6":"product_cat-kovove-stoly","7":"product_cat-stoly","8":"pa_farba-biely-lesk-beton","9":"pa_farba-biely-lesk-biely-lesk","10":"pa_farba-biely-lesk-dub-sonoma","12":"first","13":"onbackorder","14":"shipping-taxable","15":"purchasable","16":"product-type-variable"},"_links":{"self":[{"href":"https:\/\/nabytoklaguna.sk\/sk\/wp-json\/wp\/v2\/product\/65540","targetHints":{"allow":["GET"]}}],"collection":[{"href":"https:\/\/nabytoklaguna.sk\/sk\/wp-json\/wp\/v2\/product"}],"about":[{"href":"https:\/\/nabytoklaguna.sk\/sk\/wp-json\/wp\/v2\/types\/product"}],"replies":[{"embeddable":true,"href":"https:\/\/nabytoklaguna.sk\/sk\/wp-json\/wp\/v2\/comments?post=65540"}],"wp:featuredmedia":[{"embeddable":true,"href":"https:\/\/nabytoklaguna.sk\/sk\/wp-json\/wp\/v2\/media\/65544"}],"wp:attachment":[{"href":"https:\/\/nabytoklaguna.sk\/sk\/wp-json\/wp\/v2\/media?parent=65540"}],"wp:term":[{"taxonomy":"product_brand","embeddable":true,"href":"https:\/\/nabytoklaguna.sk\/sk\/wp-json\/wp\/v2\/product_brand?post=65540"},{"taxonomy":"product_cat","embeddable":true,"href":"https:\/\/nabytoklaguna.sk\/sk\/wp-json\/wp\/v2\/product_cat?post=65540"},{"taxonomy":"product_tag","embeddable":true,"href":"https:\/\/nabytoklaguna.sk\/sk\/wp-json\/wp\/v2\/product_tag?post=65540"}],"curies":[{"name":"wp","href":"https:\/\/api.w.org\/{rel}","templated":true}]}}