{"id":65627,"date":"2021-04-30T11:04:14","date_gmt":"2021-04-30T09:04:14","guid":{"rendered":"https:\/\/nabytoklaguna.sk\/sk\/?post_type=product&#038;p=65627"},"modified":"2025-10-24T16:23:47","modified_gmt":"2025-10-24T14:23:47","slug":"k-marid","status":"publish","type":"product","link":"https:\/\/nabytoklaguna.sk\/sk\/produkt\/k-marid\/","title":{"rendered":"K MARID"},"content":{"rendered":"<p>Barov\u00e1 stoli\u010dka MARID je \u0161t\u00fdlov\u00e1 a maxim\u00e1lne pohodln\u00e1. Vyroben\u00e1 je z \u010diernej ekoko\u017ee, noha stoli\u010dky je z chr\u00f3mu.<\/p>\n<ul>\n<li><b>Materi\u00e1l:<\/b>\u00a0ekoko\u017ea\/chr\u00f3m<\/li>\n<li><b>Farba:<\/b> \u010dierna\/chr\u00f3mov\u00e1<\/li>\n<li><b>Rozmery (\u0160xHxV):<\/b>\u00a045x48x84-105 cm<\/li>\n<li><b>V\u00fd\u0161ka sedu:<\/b>\u00a062-83 cm<\/li>\n<li><b>H\u013abka sedu:<\/b>\u00a037 cm<\/li>\n<li>S oto\u010dn\u00fdm v\u00fd\u0161kovo nastavite\u013en\u00fdm sedadlom<\/li>\n<li>\u010cal\u00fanenie s dekorat\u00edvnym \u0161it\u00edm<\/li>\n<li>Opierka na nohy<\/li>\n<\/ul>\n<p>Dod\u00e1van\u00e9 v demonte<\/p>\n","protected":false},"excerpt":{"rendered":"<p>Barov\u00e1 stoli\u010dka MARID je \u0161t\u00fdlov\u00e1 a maxim\u00e1lne pohodln\u00e1. Vyroben\u00e1 je z \u010diernej ekoko\u017ee, noha stoli\u010dky je z chr\u00f3mu. Materi\u00e1l:\u00a0ekoko\u017ea\/chr\u00f3m Farba: \u010dierna\/chr\u00f3mov\u00e1 Rozmery (\u0160xHxV):\u00a045x48x84-105 cm V\u00fd\u0161ka sedu:\u00a062-83 cm H\u013abka sedu:\u00a037 cm S oto\u010dn\u00fdm v\u00fd\u0161kovo nastavite\u013en\u00fdm sedadlom \u010cal\u00fanenie s dekorat\u00edvnym \u0161it\u00edm Opierka na nohy Dod\u00e1van\u00e9 v demonte<\/p>\n","protected":false},"featured_media":65632,"comment_status":"closed","ping_status":"closed","template":"","meta":{"_seopress_robots_primary_cat":"241","_seopress_titles_title":"","_seopress_titles_desc":"","_seopress_robots_index":""},"product_brand":[],"product_cat":[241],"product_tag":[],"class_list":{"0":"post-65627","1":"product","2":"type-product","3":"status-publish","4":"has-post-thumbnail","6":"product_cat-barove-stolicky","7":"pa_farba-biela","8":"pa_farba-cierna-2","10":"first","11":"onbackorder","12":"shipping-taxable","13":"purchasable","14":"product-type-variable"},"_links":{"self":[{"href":"https:\/\/nabytoklaguna.sk\/sk\/wp-json\/wp\/v2\/product\/65627","targetHints":{"allow":["GET"]}}],"collection":[{"href":"https:\/\/nabytoklaguna.sk\/sk\/wp-json\/wp\/v2\/product"}],"about":[{"href":"https:\/\/nabytoklaguna.sk\/sk\/wp-json\/wp\/v2\/types\/product"}],"replies":[{"embeddable":true,"href":"https:\/\/nabytoklaguna.sk\/sk\/wp-json\/wp\/v2\/comments?post=65627"}],"wp:featuredmedia":[{"embeddable":true,"href":"https:\/\/nabytoklaguna.sk\/sk\/wp-json\/wp\/v2\/media\/65632"}],"wp:attachment":[{"href":"https:\/\/nabytoklaguna.sk\/sk\/wp-json\/wp\/v2\/media?parent=65627"}],"wp:term":[{"taxonomy":"product_brand","embeddable":true,"href":"https:\/\/nabytoklaguna.sk\/sk\/wp-json\/wp\/v2\/product_brand?post=65627"},{"taxonomy":"product_cat","embeddable":true,"href":"https:\/\/nabytoklaguna.sk\/sk\/wp-json\/wp\/v2\/product_cat?post=65627"},{"taxonomy":"product_tag","embeddable":true,"href":"https:\/\/nabytoklaguna.sk\/sk\/wp-json\/wp\/v2\/product_tag?post=65627"}],"curies":[{"name":"wp","href":"https:\/\/api.w.org\/{rel}","templated":true}]}}