{"id":65633,"date":"2021-04-30T11:04:14","date_gmt":"2021-04-30T09:04:14","guid":{"rendered":"https:\/\/nabytoklaguna.sk\/sk\/?post_type=product&#038;p=65633"},"modified":"2025-10-24T16:31:42","modified_gmt":"2025-10-24T14:31:42","slug":"k-lorasa","status":"publish","type":"product","link":"https:\/\/nabytoklaguna.sk\/sk\/produkt\/k-lorasa\/","title":{"rendered":"K LORASA"},"content":{"rendered":"<p>Modern\u00e1 barov\u00e1 stoli\u010dka s oto\u010dn\u00fdm v\u00fd\u0161kovo nastavite\u013en\u00fdm sedadlom s efektom br\u00fasenej ko\u017ee. Kovov\u00e1 v\u00fd\u0161kovo nastavite\u013en\u00e1 noha v\u00e1m umo\u017en\u00ed pohodlie a komfort.<\/p>\n<ul>\n<li><b>Materi\u00e1l:<\/b>\u00a0l\u00e1tka s efektom br\u00fasenej ko\u017ee\/kov<\/li>\n<li><b>Farba:<\/b>\u00a0hned\u00e1,\u010dierna<\/li>\n<li><b>Rozmery (\u0160xHxV):<\/b>\u00a046x48x84-105 cm<\/li>\n<li><b>V\u00fd\u0161ka sedu:<\/b>\u00a060-81 cm<\/li>\n<li><b>H\u013abka sedu:<\/b>\u00a040 cm<\/li>\n<li><b>Nosnos\u0165:<\/b>\u00a090 kg<\/li>\n<li>Nastavenie v\u00fd\u0161ky<\/li>\n<\/ul>\n<p>Dod\u00e1van\u00e9 v demonte<\/p>\n","protected":false},"excerpt":{"rendered":"<p>Modern\u00e1 barov\u00e1 stoli\u010dka s oto\u010dn\u00fdm v\u00fd\u0161kovo nastavite\u013en\u00fdm sedadlom s efektom br\u00fasenej ko\u017ee. Kovov\u00e1 v\u00fd\u0161kovo nastavite\u013en\u00e1 noha v\u00e1m umo\u017en\u00ed pohodlie a komfort. Materi\u00e1l:\u00a0l\u00e1tka s efektom br\u00fasenej ko\u017ee\/kov Farba:\u00a0hned\u00e1,\u010dierna Rozmery (\u0160xHxV):\u00a046x48x84-105 cm V\u00fd\u0161ka sedu:\u00a060-81 cm H\u013abka sedu:\u00a040 cm Nosnos\u0165:\u00a090 kg Nastavenie v\u00fd\u0161ky Dod\u00e1van\u00e9 v demonte<\/p>\n","protected":false},"featured_media":65636,"comment_status":"closed","ping_status":"closed","template":"","meta":{"_seopress_robots_primary_cat":"241","_seopress_titles_title":"","_seopress_titles_desc":"","_seopress_robots_index":""},"product_brand":[],"product_cat":[241],"product_tag":[],"class_list":{"0":"post-65633","1":"product","2":"type-product","3":"status-publish","4":"has-post-thumbnail","6":"product_cat-barove-stolicky","7":"pa_farba-cierna-2","8":"pa_farba-hneda","10":"first","11":"onbackorder","12":"shipping-taxable","13":"purchasable","14":"product-type-variable"},"_links":{"self":[{"href":"https:\/\/nabytoklaguna.sk\/sk\/wp-json\/wp\/v2\/product\/65633","targetHints":{"allow":["GET"]}}],"collection":[{"href":"https:\/\/nabytoklaguna.sk\/sk\/wp-json\/wp\/v2\/product"}],"about":[{"href":"https:\/\/nabytoklaguna.sk\/sk\/wp-json\/wp\/v2\/types\/product"}],"replies":[{"embeddable":true,"href":"https:\/\/nabytoklaguna.sk\/sk\/wp-json\/wp\/v2\/comments?post=65633"}],"wp:featuredmedia":[{"embeddable":true,"href":"https:\/\/nabytoklaguna.sk\/sk\/wp-json\/wp\/v2\/media\/65636"}],"wp:attachment":[{"href":"https:\/\/nabytoklaguna.sk\/sk\/wp-json\/wp\/v2\/media?parent=65633"}],"wp:term":[{"taxonomy":"product_brand","embeddable":true,"href":"https:\/\/nabytoklaguna.sk\/sk\/wp-json\/wp\/v2\/product_brand?post=65633"},{"taxonomy":"product_cat","embeddable":true,"href":"https:\/\/nabytoklaguna.sk\/sk\/wp-json\/wp\/v2\/product_cat?post=65633"},{"taxonomy":"product_tag","embeddable":true,"href":"https:\/\/nabytoklaguna.sk\/sk\/wp-json\/wp\/v2\/product_tag?post=65633"}],"curies":[{"name":"wp","href":"https:\/\/api.w.org\/{rel}","templated":true}]}}