{"id":65956,"date":"2021-04-30T11:04:14","date_gmt":"2021-04-30T09:04:14","guid":{"rendered":"https:\/\/nabytoklaguna.sk\/sk\/?post_type=product&#038;p=65956"},"modified":"2025-02-19T14:10:19","modified_gmt":"2025-02-19T13:10:19","slug":"tempo-kondela-hakan","status":"publish","type":"product","link":"https:\/\/nabytoklaguna.sk\/sk\/produkt\/tempo-kondela-hakan\/","title":{"rendered":"TK HAKAN"},"content":{"rendered":"<p>Dizajnov\u00e1 seda\u010dka <strong>HAKAN<\/strong>,\u00a0 sa stane stredobodom va\u0161ej ob\u00fdva\u010dky. <strong>Kvalitn\u00e1 l\u00e1tka<\/strong> vo farebnom preveden\u00ed svetlosiv\u00e1\/mentolov\u00e1, hned\u00e1\/svetlohned\u00e1, siv\u00e1\/p\u00fadrovoru\u017eov\u00e1. Seda\u010dka <strong>m\u00e1 funkciu rozklad<\/strong>, v\u010faka \u010domu vyk\u00fazlite jedn\u00fdm \u0165ahom l\u00f4\u017eko s plochou na spanie 145&#215;206 cm. Pote\u0161\u00ed v\u00e1s aj <strong>\u00falo\u017en\u00fd priestor<\/strong>, kde odlo\u017e\u00edte v\u0161etky nepotrebn\u00e9 veci. O va\u0161e pohodlie pri seden\u00ed sa postar\u00e1 <strong>HR pena a pru\u017eina Falista<\/strong>. T\u00e1to seda\u010dka stoj\u00ed na n\u00e1dhern\u00fdch <strong>dreven\u00fdch noh\u00e1ch.<\/strong> Mo\u017enos\u0165 v\u00fdberu prav\u00e9ho \u010di \u013eav\u00e9ho prevedenia. V\u00fd\u0161ka spodn\u00e9ho priestoru od podlahy\u00a0 je 8 cm<\/p>\n<h3 class=\"page-product-heading\">VLASTNOSTI<\/h3>\n<table class=\"table-data-sheet\">\n<tbody>\n<tr class=\"odd\">\n<td>H\u013abka<\/td>\n<td>146 cm<\/td>\n<\/tr>\n<tr class=\"even\">\n<td>\u0160\u00edrka<\/td>\n<td>238 cm<\/td>\n<\/tr>\n<tr class=\"odd\">\n<td>V\u00fd\u0161ka<\/td>\n<td>94 cm<\/td>\n<\/tr>\n<tr class=\"even\">\n<td>Vhodn\u00e1 miestnos\u0165<\/td>\n<td>ob\u00fdva\u010dka, spolo\u010densk\u00e1 miestnos\u0165, hotely, kaviarne<\/td>\n<\/tr>\n<tr class=\"odd\">\n<td>Typ n\u00e1bytku<\/td>\n<td>rohov\u00e1 sedacia s\u00faprava<\/td>\n<\/tr>\n<tr class=\"even\">\n<td>\u0160t\u00fdl n\u00e1bytku<\/td>\n<td>modern\u00fd<\/td>\n<\/tr>\n<tr class=\"odd\">\n<td>Z\u00e1ruka<\/td>\n<td>2 roky<\/td>\n<\/tr>\n<tr class=\"even\">\n<td>Sp\u00f4sob dodania<\/td>\n<td>demont v dvoch bal\u00edkoch<\/td>\n<\/tr>\n<tr class=\"odd\">\n<td>Hmotnos\u0165<\/td>\n<td>135 kg<\/td>\n<\/tr>\n<tr class=\"even\">\n<td>\u00dalo\u017en\u00fd priestor<\/td>\n<td>\u00e1no<\/td>\n<\/tr>\n<tr class=\"odd\">\n<td>Rohov\u00e9 prevedenie<\/td>\n<td>\u00e1no<\/td>\n<\/tr>\n<tr class=\"even\">\n<td>V\u00fd\u0161ka sed\u00e1ka<\/td>\n<td>46 cm<\/td>\n<\/tr>\n<tr class=\"odd\">\n<td>V\u00fd\u0161ka zadn\u00e9ho \u010dela<\/td>\n<td>max. 94 cm<\/td>\n<\/tr>\n<tr class=\"even\">\n<td>Mo\u017enos\u0165 rozkladania<\/td>\n<td>\u00e1no<\/td>\n<\/tr>\n<tr class=\"odd\">\n<td>Plocha na spanie<\/td>\n<td>145\u00d7206 cm<\/td>\n<\/tr>\n<tr class=\"even\">\n<td>Kon\u0161trukcia<\/td>\n<td>DTD<\/td>\n<\/tr>\n<tr class=\"odd\">\n<td>No\u017eky<\/td>\n<td>dreven\u00e9<\/td>\n<\/tr>\n<tr class=\"even\">\n<td>Obsahuje vank\u00fa\u0161e<\/td>\n<td>nie<\/td>\n<\/tr>\n<tr class=\"odd\">\n<td>Nastavenie opierok<\/td>\n<td>nie<\/td>\n<\/tr>\n<tr class=\"even\">\n<td>V\u00fdpl\u0148 seda\u010dky<\/td>\n<td>pena+ pru\u017eina<\/td>\n<\/tr>\n<\/tbody>\n<\/table>\n<p>&nbsp;<\/p>\n","protected":false},"excerpt":{"rendered":"<p>Dizajnov\u00e1 seda\u010dka HAKAN,\u00a0 sa stane stredobodom va\u0161ej ob\u00fdva\u010dky. Kvalitn\u00e1 l\u00e1tka vo farebnom preveden\u00ed svetlosiv\u00e1\/mentolov\u00e1, hned\u00e1\/svetlohned\u00e1, siv\u00e1\/p\u00fadrovoru\u017eov\u00e1. Seda\u010dka m\u00e1 funkciu rozklad, v\u010faka \u010domu vyk\u00fazlite jedn\u00fdm \u0165ahom l\u00f4\u017eko s plochou na spanie 145&#215;206 cm. Pote\u0161\u00ed v\u00e1s aj \u00falo\u017en\u00fd priestor, kde odlo\u017e\u00edte v\u0161etky nepotrebn\u00e9 veci. O va\u0161e pohodlie pri seden\u00ed sa postar\u00e1 HR pena a pru\u017eina Falista. T\u00e1to&#8230;<\/p>\n","protected":false},"featured_media":65966,"comment_status":"closed","ping_status":"closed","template":"","meta":{"_seopress_robots_primary_cat":"255","_seopress_titles_title":"","_seopress_titles_desc":"","_seopress_robots_index":""},"product_brand":[],"product_cat":[255,140],"product_tag":[],"class_list":{"0":"post-65956","1":"product","2":"type-product","3":"status-publish","4":"has-post-thumbnail","6":"product_cat-rohove-supravy","7":"product_cat-sedacie-supravy","9":"first","10":"onbackorder","11":"shipping-taxable","12":"purchasable","13":"product-type-variable"},"_links":{"self":[{"href":"https:\/\/nabytoklaguna.sk\/sk\/wp-json\/wp\/v2\/product\/65956","targetHints":{"allow":["GET"]}}],"collection":[{"href":"https:\/\/nabytoklaguna.sk\/sk\/wp-json\/wp\/v2\/product"}],"about":[{"href":"https:\/\/nabytoklaguna.sk\/sk\/wp-json\/wp\/v2\/types\/product"}],"replies":[{"embeddable":true,"href":"https:\/\/nabytoklaguna.sk\/sk\/wp-json\/wp\/v2\/comments?post=65956"}],"wp:featuredmedia":[{"embeddable":true,"href":"https:\/\/nabytoklaguna.sk\/sk\/wp-json\/wp\/v2\/media\/65966"}],"wp:attachment":[{"href":"https:\/\/nabytoklaguna.sk\/sk\/wp-json\/wp\/v2\/media?parent=65956"}],"wp:term":[{"taxonomy":"product_brand","embeddable":true,"href":"https:\/\/nabytoklaguna.sk\/sk\/wp-json\/wp\/v2\/product_brand?post=65956"},{"taxonomy":"product_cat","embeddable":true,"href":"https:\/\/nabytoklaguna.sk\/sk\/wp-json\/wp\/v2\/product_cat?post=65956"},{"taxonomy":"product_tag","embeddable":true,"href":"https:\/\/nabytoklaguna.sk\/sk\/wp-json\/wp\/v2\/product_tag?post=65956"}],"curies":[{"name":"wp","href":"https:\/\/api.w.org\/{rel}","templated":true}]}}