{"id":6598,"date":"2021-02-13T11:35:32","date_gmt":"2021-02-13T10:35:32","guid":{"rendered":"http:\/\/nabytoklaguna.sk\/sk\/?post_type=product&#038;p=6598"},"modified":"2024-04-11T12:43:04","modified_gmt":"2024-04-11T10:43:04","slug":"delta-i","status":"publish","type":"product","link":"https:\/\/nabytoklaguna.sk\/sk\/produkt\/delta-i\/","title":{"rendered":"Elb DELTA skri\u0148a Dub san remo svetl\u00fd\/biela-zrkadlo"},"content":{"rendered":"<p>Praktick\u00e1 a elegantn\u00e1 skri\u0148a s posuvn\u00fdmi dverami a zrkadlom. Vyroben\u00e1 z kvalitn\u00e9ho lamin\u00e1tu odoln\u00e9ho proti po\u0161kriabaniu.\u00a0 Vn\u00fatro skrine obsahuje jednu \u010das\u0165 s policami, druh\u00e1 \u010das\u0165 je na ve\u0161anie. Farebn\u00e9 prevedenie: Dub san remo svetl\u00fd\/biela-zrkadlo<\/p>\n<p>Na v\u00fdber s\u00fa tri rozmery skrine<\/p>\n<p>\u0160xHxV<\/p>\n<ul>\n<li>221x61x210 cm<\/li>\n<li>200x61x210 cm<\/li>\n<li>180x61x210 cm<\/li>\n<\/ul>\n","protected":false},"excerpt":{"rendered":"<p>Praktick\u00e1 a elegantn\u00e1 skri\u0148a s posuvn\u00fdmi dverami a zrkadlom. Vyroben\u00e1 z kvalitn\u00e9ho lamin\u00e1tu odoln\u00e9ho proti po\u0161kriabaniu.\u00a0 Vn\u00fatro skrine obsahuje jednu \u010das\u0165 s policami, druh\u00e1 \u010das\u0165 je na ve\u0161anie. Farebn\u00e9 prevedenie: Dub san remo svetl\u00fd\/biela-zrkadlo Na v\u00fdber s\u00fa tri rozmery skrine \u0160xHxV 221x61x210 cm 200x61x210 cm 180x61x210 cm<\/p>\n","protected":false},"featured_media":6604,"comment_status":"closed","ping_status":"closed","template":"","meta":{"_seopress_robots_primary_cat":"225","_seopress_titles_title":"","_seopress_titles_desc":"","_seopress_robots_index":""},"product_brand":[],"product_cat":[1585,225],"product_tag":[],"class_list":{"0":"post-6598","1":"product","2":"type-product","3":"status-publish","4":"has-post-thumbnail","6":"product_cat-s-posuvnymi-dverami","7":"product_cat-skrine","9":"first","10":"onbackorder","11":"shipping-taxable","12":"purchasable","13":"product-type-variable"},"_links":{"self":[{"href":"https:\/\/nabytoklaguna.sk\/sk\/wp-json\/wp\/v2\/product\/6598","targetHints":{"allow":["GET"]}}],"collection":[{"href":"https:\/\/nabytoklaguna.sk\/sk\/wp-json\/wp\/v2\/product"}],"about":[{"href":"https:\/\/nabytoklaguna.sk\/sk\/wp-json\/wp\/v2\/types\/product"}],"replies":[{"embeddable":true,"href":"https:\/\/nabytoklaguna.sk\/sk\/wp-json\/wp\/v2\/comments?post=6598"}],"wp:featuredmedia":[{"embeddable":true,"href":"https:\/\/nabytoklaguna.sk\/sk\/wp-json\/wp\/v2\/media\/6604"}],"wp:attachment":[{"href":"https:\/\/nabytoklaguna.sk\/sk\/wp-json\/wp\/v2\/media?parent=6598"}],"wp:term":[{"taxonomy":"product_brand","embeddable":true,"href":"https:\/\/nabytoklaguna.sk\/sk\/wp-json\/wp\/v2\/product_brand?post=6598"},{"taxonomy":"product_cat","embeddable":true,"href":"https:\/\/nabytoklaguna.sk\/sk\/wp-json\/wp\/v2\/product_cat?post=6598"},{"taxonomy":"product_tag","embeddable":true,"href":"https:\/\/nabytoklaguna.sk\/sk\/wp-json\/wp\/v2\/product_tag?post=6598"}],"curies":[{"name":"wp","href":"https:\/\/api.w.org\/{rel}","templated":true}]}}