{"id":66013,"date":"2021-04-30T11:04:14","date_gmt":"2021-04-30T09:04:14","guid":{"rendered":"https:\/\/nabytoklaguna.sk\/sk\/?post_type=product&#038;p=66013"},"modified":"2026-02-18T08:29:48","modified_gmt":"2026-02-18T07:29:48","slug":"tempo-kondela-rufino","status":"publish","type":"product","link":"https:\/\/nabytoklaguna.sk\/sk\/produkt\/tempo-kondela-rufino\/","title":{"rendered":"K RUFINO"},"content":{"rendered":"<p>Modern\u00e9 a\u00a0 pohodln\u00e9 kreslo <strong>RUFINO <\/strong>je vyroben\u00e9 z kvalitnej l\u00e1tky Kronos a Trinity. Bolestiam chrbta pom\u00e1ha pred\u00eds\u0165 opierka chrbta, ktor\u00e1 m\u00e1 t\u00fa spr\u00e1vnu tvrdos\u0165. Modern\u00fd look kreslu dod\u00e1vaj\u00fa ozdobn\u00e9 gomb\u00edky a mohutn\u00e9 opierky r\u00fak. Stabilitu kresla zabezpe\u010duj\u00fa no\u017ei\u010dky, ktor\u00e9 s\u00fa vyroben\u00e9 z dreva vo farebnom preveden\u00ed orech, buk alebo biela.<\/p>\n<p>Taburet\u00a0<strong>RUFINO<\/strong> je vyroben\u00fd z kvalitnej l\u00e1tky Kronos a Trinity. Elegantn\u00e9 no\u017ei\u010dky s\u00fa vyroben\u00e9 z dreva vo farebnom preveden\u00ed orech, alebo biela. Taburet m\u00f4\u017eete vyu\u017ei\u0165 ako dekor\u00e1ciu na odlo\u017eenie \u010dasopisov alebo ako sedadlo pre jedn\u00e9ho hos\u0165a va\u0161ej n\u00e1v\u0161tevy.<\/p>\n<p>&nbsp;<\/p>\n<ul>\n<li><b>Materi\u00e1l:\u00a0<\/b>l\u00e1tka Kronos, Trinity\/drevo,<\/li>\n<li><b>Farba:\u00a0<\/b>b\u00e9\u017eovozlat\u00e1\/orech, staroru\u017eov\u00e1\/orech, zelen\u00e1\/orech, modr\u00e1\/orech, svetlosiv\u00e1\/orech, b\u00e9\u017eovosiv\u00e1\/buk,\u00a0 \u017elt\u00e1\/wenge, svetlosiv\u00e1\/biela, petrolejov\u00e1\/buk<\/li>\n<li><b>Rozmery kresla (\u0160xHxV):\u00a0<\/b>85x90x105 cm<\/li>\n<li><strong>Rozmery taburetu (\u0160xHxV):\u00a0<\/strong>50x50x40 cm<\/li>\n<li><b>V\u00fd\u0161ka sedu:<\/b>\u00a045 cm<\/li>\n<li><b>H\u013abka sedu:<\/b>\u00a058 cm<\/li>\n<li><b>V\u00fd\u0161ka no\u017ei\u010dky:<\/b>\u00a013 cm<\/li>\n<li><b>V\u00fd\u0161ka spodn\u00e9ho priestoru od podlahy:<\/b>\u00a013 cm<\/li>\n<li>Dreven\u00e9 no\u017ei\u010dky<\/li>\n<li>Elegantn\u00fd dizajn<\/li>\n<li>Dod\u00e1van\u00e9 v demonte<\/li>\n<\/ul>\n<p>&nbsp;<\/p>\n","protected":false},"excerpt":{"rendered":"<p>Modern\u00e9 a\u00a0 pohodln\u00e9 kreslo RUFINO je vyroben\u00e9 z kvalitnej l\u00e1tky Kronos a Trinity. Bolestiam chrbta pom\u00e1ha pred\u00eds\u0165 opierka chrbta, ktor\u00e1 m\u00e1 t\u00fa spr\u00e1vnu tvrdos\u0165. Modern\u00fd look kreslu dod\u00e1vaj\u00fa ozdobn\u00e9 gomb\u00edky a mohutn\u00e9 opierky r\u00fak. Stabilitu kresla zabezpe\u010duj\u00fa no\u017ei\u010dky, ktor\u00e9 s\u00fa vyroben\u00e9 z dreva vo farebnom preveden\u00ed orech, buk alebo biela. Taburet\u00a0RUFINO je vyroben\u00fd z kvalitnej&#8230;<\/p>\n","protected":false},"featured_media":66038,"comment_status":"closed","ping_status":"closed","template":"","meta":{"_seopress_robots_primary_cat":"232","_seopress_titles_title":"","_seopress_titles_desc":"","_seopress_robots_index":""},"product_brand":[],"product_cat":[231,232],"product_tag":[],"class_list":{"0":"post-66013","1":"product","2":"type-product","3":"status-publish","4":"has-post-thumbnail","6":"product_cat-kresla","7":"product_cat-taburetky","8":"pa_farba-bezovosiva-buk","9":"pa_farba-bezovozlata-orech","10":"pa_farba-modra-orech","11":"pa_farba-petrolejova-buk","12":"pa_farba-ruzova-orech","13":"pa_farba-svetlosiva-biela","14":"pa_farba-svetlosiva-orech","15":"pa_farba-zelena-orech","16":"pa_farba-zlta-wenge","17":"pa_typ-produktu-kreslo","18":"pa_typ-produktu-taburetka","20":"first","21":"onbackorder","22":"shipping-taxable","23":"purchasable","24":"product-type-variable"},"_links":{"self":[{"href":"https:\/\/nabytoklaguna.sk\/sk\/wp-json\/wp\/v2\/product\/66013","targetHints":{"allow":["GET"]}}],"collection":[{"href":"https:\/\/nabytoklaguna.sk\/sk\/wp-json\/wp\/v2\/product"}],"about":[{"href":"https:\/\/nabytoklaguna.sk\/sk\/wp-json\/wp\/v2\/types\/product"}],"replies":[{"embeddable":true,"href":"https:\/\/nabytoklaguna.sk\/sk\/wp-json\/wp\/v2\/comments?post=66013"}],"wp:featuredmedia":[{"embeddable":true,"href":"https:\/\/nabytoklaguna.sk\/sk\/wp-json\/wp\/v2\/media\/66038"}],"wp:attachment":[{"href":"https:\/\/nabytoklaguna.sk\/sk\/wp-json\/wp\/v2\/media?parent=66013"}],"wp:term":[{"taxonomy":"product_brand","embeddable":true,"href":"https:\/\/nabytoklaguna.sk\/sk\/wp-json\/wp\/v2\/product_brand?post=66013"},{"taxonomy":"product_cat","embeddable":true,"href":"https:\/\/nabytoklaguna.sk\/sk\/wp-json\/wp\/v2\/product_cat?post=66013"},{"taxonomy":"product_tag","embeddable":true,"href":"https:\/\/nabytoklaguna.sk\/sk\/wp-json\/wp\/v2\/product_tag?post=66013"}],"curies":[{"name":"wp","href":"https:\/\/api.w.org\/{rel}","templated":true}]}}