{"id":66304,"date":"2021-04-30T11:04:14","date_gmt":"2021-04-30T09:04:14","guid":{"rendered":"https:\/\/nabytoklaguna.sk\/sk\/?post_type=product&#038;p=66304"},"modified":"2025-05-29T11:39:31","modified_gmt":"2025-05-29T09:39:31","slug":"tempo-kondela-broken","status":"publish","type":"product","link":"https:\/\/nabytoklaguna.sk\/sk\/produkt\/tempo-kondela-broken\/","title":{"rendered":"TK BROKEN"},"content":{"rendered":"<p>Pohodln\u00e1 pohovka BROKEN je \u010dal\u00fanen\u00e1 sivou l\u00e1tkou, ktor\u00e1 vyzer\u00e1 luxusne. Stabilitu zabezpe\u010duj\u00fa dreven\u00e9 nohy vo farebnom preveden\u00ed buk.\u00a0 o v\u00e1\u0161 komfort pri\u00a0 relaxovan\u00ed sa postar\u00e1 molitanov\u00e1 v\u00fdpl\u0148,<\/p>\n<ul>\n<li><b>Materi\u00e1l:<\/b>\u00a0l\u00e1tka Chester 17<\/li>\n<li><b>Farba:<\/b>\u00a017 siv\u00e1\/buk<\/li>\n<li><b>Rozmery (\u0160xHxV):<\/b>\u00a0144x76x67 cm<\/li>\n<li><b>V\u00fd\u0161ka spodn\u00e9ho priestoru od podlahy:<\/b>\u00a013 cm<\/li>\n<li><b>V\u00fd\u0161ka sedu:<\/b>\u00a041 cm<\/li>\n<li><b>H\u013abka sedu:<\/b>\u00a053 cm<\/li>\n<li>Dekorat\u00edvny vank\u00fa\u0161<\/li>\n<li>Dreven\u00e9 nohy<\/li>\n<li>Molitanov\u00e1 v\u00fdpl\u0148<\/li>\n<li>Prav\u00e9\u00a0 a \u013eav\u00e9 prevedenie<\/li>\n<li>Dod\u00e1van\u00e9 v demonte<\/li>\n<\/ul>\n<p>&nbsp;<\/p>\n<p>Roz\u0161\u00edrte va\u0161u relaxa\u010dn\u00fa z\u00f3nu\u00a0<a href=\"https:\/\/www.temponabytok.sk\/obyvacka\/taburety\/taburet-siva-latka-buk-broken-672315776\">taburetom BROKEN.<\/a><\/p>\n","protected":false},"excerpt":{"rendered":"<p>Pohodln\u00e1 pohovka BROKEN je \u010dal\u00fanen\u00e1 sivou l\u00e1tkou, ktor\u00e1 vyzer\u00e1 luxusne. Stabilitu zabezpe\u010duj\u00fa dreven\u00e9 nohy vo farebnom preveden\u00ed buk.\u00a0 o v\u00e1\u0161 komfort pri\u00a0 relaxovan\u00ed sa postar\u00e1 molitanov\u00e1 v\u00fdpl\u0148, Materi\u00e1l:\u00a0l\u00e1tka Chester 17 Farba:\u00a017 siv\u00e1\/buk Rozmery (\u0160xHxV):\u00a0144x76x67 cm V\u00fd\u0161ka spodn\u00e9ho priestoru od podlahy:\u00a013 cm V\u00fd\u0161ka sedu:\u00a041 cm H\u013abka sedu:\u00a053 cm Dekorat\u00edvny vank\u00fa\u0161 Dreven\u00e9 nohy Molitanov\u00e1 v\u00fdpl\u0148 Prav\u00e9\u00a0 a&#8230;<\/p>\n","protected":false},"featured_media":66314,"comment_status":"closed","ping_status":"closed","template":"","meta":{"_seopress_robots_primary_cat":"219","_seopress_titles_title":"                                    ","_seopress_titles_desc":"                                    ","_seopress_robots_index":""},"product_brand":[],"product_cat":[219],"product_tag":[],"class_list":{"0":"post-66304","1":"product","2":"type-product","3":"status-publish","4":"has-post-thumbnail","6":"product_cat-pohovky","8":"first","9":"onbackorder","10":"shipping-taxable","11":"purchasable","12":"product-type-variable"},"_links":{"self":[{"href":"https:\/\/nabytoklaguna.sk\/sk\/wp-json\/wp\/v2\/product\/66304","targetHints":{"allow":["GET"]}}],"collection":[{"href":"https:\/\/nabytoklaguna.sk\/sk\/wp-json\/wp\/v2\/product"}],"about":[{"href":"https:\/\/nabytoklaguna.sk\/sk\/wp-json\/wp\/v2\/types\/product"}],"replies":[{"embeddable":true,"href":"https:\/\/nabytoklaguna.sk\/sk\/wp-json\/wp\/v2\/comments?post=66304"}],"wp:featuredmedia":[{"embeddable":true,"href":"https:\/\/nabytoklaguna.sk\/sk\/wp-json\/wp\/v2\/media\/66314"}],"wp:attachment":[{"href":"https:\/\/nabytoklaguna.sk\/sk\/wp-json\/wp\/v2\/media?parent=66304"}],"wp:term":[{"taxonomy":"product_brand","embeddable":true,"href":"https:\/\/nabytoklaguna.sk\/sk\/wp-json\/wp\/v2\/product_brand?post=66304"},{"taxonomy":"product_cat","embeddable":true,"href":"https:\/\/nabytoklaguna.sk\/sk\/wp-json\/wp\/v2\/product_cat?post=66304"},{"taxonomy":"product_tag","embeddable":true,"href":"https:\/\/nabytoklaguna.sk\/sk\/wp-json\/wp\/v2\/product_tag?post=66304"}],"curies":[{"name":"wp","href":"https:\/\/api.w.org\/{rel}","templated":true}]}}