{"id":66342,"date":"2021-04-30T11:04:14","date_gmt":"2021-04-30T09:04:14","guid":{"rendered":"https:\/\/nabytoklaguna.sk\/sk\/?post_type=product&#038;p=66342"},"modified":"2025-05-29T11:42:36","modified_gmt":"2025-05-29T09:42:36","slug":"tempo-kondela-laurel","status":"publish","type":"product","link":"https:\/\/nabytoklaguna.sk\/sk\/produkt\/tempo-kondela-laurel\/","title":{"rendered":"K LAUREL"},"content":{"rendered":"<p>Pohodln\u00e1 pohovka LAUREL je \u010dal\u00fanen\u00e1 v sivo\u010diernej l\u00e1tke ktor\u00e1 p\u00f4sob\u00ed elegantne a nad\u010dasovo. Ocen\u00edte funkciu rozkladu, v\u010faka ktorej premen\u00edte pohovku na l\u00f4\u017eko s rozmermi 80&#215;195 cm. Pote\u0161\u00ed v\u00e1s aj \u00falo\u017en\u00fd priestor, kde m\u00f4\u017eete odlo\u017ei\u0165 v\u0161etky sez\u00f3nne veci. O v\u00e1\u0161 komfort pri seden\u00ed sa postar\u00e1 bonelov\u00e1 v\u00fdpl\u0148. Mo\u017enos\u0165 objedna\u0165 v l\u00e1tkach Haiti za cenu 359,- eur.<\/p>\n<ul>\n<li><b>Materi\u00e1l:<\/b>\u00a0l\u00e1tka<\/li>\n<li><b>Farba:<\/b>\u00a0sivo\u010dierna\/biele \u0161itie<\/li>\n<li><b>Rozmery (\u0160xHxV):<\/b>\u00a0149x90x80 cm<\/li>\n<li><b>Plocha na spanie (\u0160xD):<\/b>\u00a080&#215;195 cm<\/li>\n<li><b>V\u00fd\u0161ka sedu:<\/b>\u00a040 cm<\/li>\n<li><b>H\u013abka sedu:<\/b>\u00a083 cm<\/li>\n<li>Rozkladacia<\/li>\n<li>S \u00falo\u017en\u00fdm priestorom<\/li>\n<li>Dva vank\u00fa\u0161e<\/li>\n<li>\u013dav\u00e9 a prav\u00e9 prevedenie<\/li>\n<li>Dod\u00e1van\u00e9 v demonte<\/li>\n<\/ul>\n","protected":false},"excerpt":{"rendered":"<p>Pohodln\u00e1 pohovka LAUREL je \u010dal\u00fanen\u00e1 v sivo\u010diernej l\u00e1tke ktor\u00e1 p\u00f4sob\u00ed elegantne a nad\u010dasovo. Ocen\u00edte funkciu rozkladu, v\u010faka ktorej premen\u00edte pohovku na l\u00f4\u017eko s rozmermi 80&#215;195 cm. Pote\u0161\u00ed v\u00e1s aj \u00falo\u017en\u00fd priestor, kde m\u00f4\u017eete odlo\u017ei\u0165 v\u0161etky sez\u00f3nne veci. O v\u00e1\u0161 komfort pri seden\u00ed sa postar\u00e1 bonelov\u00e1 v\u00fdpl\u0148. Mo\u017enos\u0165 objedna\u0165 v l\u00e1tkach Haiti za cenu 359,- eur&#8230;.<\/p>\n","protected":false},"featured_media":66346,"comment_status":"closed","ping_status":"closed","template":"","meta":{"_seopress_robots_primary_cat":"219","_seopress_titles_title":"","_seopress_titles_desc":"","_seopress_robots_index":""},"product_brand":[],"product_cat":[219],"product_tag":[],"class_list":{"0":"post-66342","1":"product","2":"type-product","3":"status-publish","4":"has-post-thumbnail","6":"product_cat-pohovky","8":"first","9":"onbackorder","10":"shipping-taxable","11":"purchasable","12":"product-type-variable"},"_links":{"self":[{"href":"https:\/\/nabytoklaguna.sk\/sk\/wp-json\/wp\/v2\/product\/66342","targetHints":{"allow":["GET"]}}],"collection":[{"href":"https:\/\/nabytoklaguna.sk\/sk\/wp-json\/wp\/v2\/product"}],"about":[{"href":"https:\/\/nabytoklaguna.sk\/sk\/wp-json\/wp\/v2\/types\/product"}],"replies":[{"embeddable":true,"href":"https:\/\/nabytoklaguna.sk\/sk\/wp-json\/wp\/v2\/comments?post=66342"}],"wp:featuredmedia":[{"embeddable":true,"href":"https:\/\/nabytoklaguna.sk\/sk\/wp-json\/wp\/v2\/media\/66346"}],"wp:attachment":[{"href":"https:\/\/nabytoklaguna.sk\/sk\/wp-json\/wp\/v2\/media?parent=66342"}],"wp:term":[{"taxonomy":"product_brand","embeddable":true,"href":"https:\/\/nabytoklaguna.sk\/sk\/wp-json\/wp\/v2\/product_brand?post=66342"},{"taxonomy":"product_cat","embeddable":true,"href":"https:\/\/nabytoklaguna.sk\/sk\/wp-json\/wp\/v2\/product_cat?post=66342"},{"taxonomy":"product_tag","embeddable":true,"href":"https:\/\/nabytoklaguna.sk\/sk\/wp-json\/wp\/v2\/product_tag?post=66342"}],"curies":[{"name":"wp","href":"https:\/\/api.w.org\/{rel}","templated":true}]}}