{"id":66514,"date":"2021-04-30T11:04:14","date_gmt":"2021-04-30T09:04:14","guid":{"rendered":"https:\/\/nabytoklaguna.sk\/sk\/?post_type=product&#038;p=66514"},"modified":"2026-02-18T08:29:48","modified_gmt":"2026-02-18T07:29:48","slug":"tempo-kondela-kerem","status":"publish","type":"product","link":"https:\/\/nabytoklaguna.sk\/sk\/produkt\/tempo-kondela-kerem\/","title":{"rendered":"K KEREM"},"content":{"rendered":"<p>Romantick\u00fd a praktick\u00fd taburet KEREM, ktor\u00fd je nad\u010dasov\u00fd a hod\u00ed sa do ka\u017edej dom\u00e1cnosti. Farebn\u00e9 prevedenia: hned\u00e1, sivohned\u00e1 taupe, mentolov\u00e1, smaragdov\u00e1, staroru\u017eov\u00e1, v\u00ednovo\u010derven\u00e1.<\/p>\n<ul>\n<li><b>Materi\u00e1l:<\/b>\u00a0l\u00e1tka<\/li>\n<li><b>Prevedenie:<\/b>\u00a0hned\u00e1<\/li>\n<li><b>Rozmery (\u0160xHxV):\u00a0<\/b>45x45x26 cm<\/li>\n<li><b>Nosnos\u0165:\u00a0<\/b>80 kg<\/li>\n<li>Ov\u00e1lny tvar<\/li>\n<li>S dekorat\u00edvnym \u0161it\u00edm<\/li>\n<li>Dod\u00e1van\u00e9 v monte<\/li>\n<\/ul>\n<p>&nbsp;<\/p>\n","protected":false},"excerpt":{"rendered":"<p>Romantick\u00fd a praktick\u00fd taburet KEREM, ktor\u00fd je nad\u010dasov\u00fd a hod\u00ed sa do ka\u017edej dom\u00e1cnosti. Farebn\u00e9 prevedenia: hned\u00e1, sivohned\u00e1 taupe, mentolov\u00e1, smaragdov\u00e1, staroru\u017eov\u00e1, v\u00ednovo\u010derven\u00e1. Materi\u00e1l:\u00a0l\u00e1tka Prevedenie:\u00a0hned\u00e1 Rozmery (\u0160xHxV):\u00a045x45x26 cm Nosnos\u0165:\u00a080 kg Ov\u00e1lny tvar S dekorat\u00edvnym \u0161it\u00edm Dod\u00e1van\u00e9 v monte &nbsp;<\/p>\n","protected":false},"featured_media":66529,"comment_status":"closed","ping_status":"closed","template":"","meta":{"_seopress_robots_primary_cat":"232","_seopress_titles_title":"","_seopress_titles_desc":"","_seopress_robots_index":""},"product_brand":[],"product_cat":[231,232],"product_tag":[],"class_list":{"0":"post-66514","1":"product","2":"type-product","3":"status-publish","4":"has-post-thumbnail","6":"product_cat-kresla","7":"product_cat-taburetky","8":"pa_farba-hneda","9":"pa_farba-mentolova","10":"pa_farba-sivohneda","11":"pa_farba-smaragdova","12":"pa_farba-staroruzova","13":"pa_farba-vinovocervena","15":"first","16":"onbackorder","17":"shipping-taxable","18":"purchasable","19":"product-type-variable"},"_links":{"self":[{"href":"https:\/\/nabytoklaguna.sk\/sk\/wp-json\/wp\/v2\/product\/66514","targetHints":{"allow":["GET"]}}],"collection":[{"href":"https:\/\/nabytoklaguna.sk\/sk\/wp-json\/wp\/v2\/product"}],"about":[{"href":"https:\/\/nabytoklaguna.sk\/sk\/wp-json\/wp\/v2\/types\/product"}],"replies":[{"embeddable":true,"href":"https:\/\/nabytoklaguna.sk\/sk\/wp-json\/wp\/v2\/comments?post=66514"}],"wp:featuredmedia":[{"embeddable":true,"href":"https:\/\/nabytoklaguna.sk\/sk\/wp-json\/wp\/v2\/media\/66529"}],"wp:attachment":[{"href":"https:\/\/nabytoklaguna.sk\/sk\/wp-json\/wp\/v2\/media?parent=66514"}],"wp:term":[{"taxonomy":"product_brand","embeddable":true,"href":"https:\/\/nabytoklaguna.sk\/sk\/wp-json\/wp\/v2\/product_brand?post=66514"},{"taxonomy":"product_cat","embeddable":true,"href":"https:\/\/nabytoklaguna.sk\/sk\/wp-json\/wp\/v2\/product_cat?post=66514"},{"taxonomy":"product_tag","embeddable":true,"href":"https:\/\/nabytoklaguna.sk\/sk\/wp-json\/wp\/v2\/product_tag?post=66514"}],"curies":[{"name":"wp","href":"https:\/\/api.w.org\/{rel}","templated":true}]}}