{"id":66664,"date":"2021-04-30T11:04:14","date_gmt":"2021-04-30T09:04:14","guid":{"rendered":"https:\/\/nabytoklaguna.sk\/sk\/?post_type=product&#038;p=66664"},"modified":"2025-02-24T12:22:45","modified_gmt":"2025-02-24T11:22:45","slug":"tempo-kondela-turner","status":"publish","type":"product","link":"https:\/\/nabytoklaguna.sk\/sk\/produkt\/tempo-kondela-turner\/","title":{"rendered":"K TURNER"},"content":{"rendered":"<p>Relaxa\u010dn\u00e9 kreslo<strong> TURNER<\/strong> je \u010dal\u00fanen\u00e9 sivou alebo hnedou kvalitnou l\u00e1tkou. Stoj\u00ed na plastov\u00fdch no\u017ei\u010dk\u00e1ch. Kreslo je mechanicky polohovacie, sklopi\u0165 do relaxa\u010dnej polohy ho m\u00f4\u017eete jednoduch\u00fdm mechanizmom.<\/p>\n<ul>\n<li><b>Materi\u00e1l:<\/b>\u00a0l\u00e1tka\/plast\/mas\u00edvne drevo\/preglejka<\/li>\n<li><b>Farba:<\/b>\u00a0siv\u00e1, hned\u00e1<\/li>\n<li><b>Rozmery kreslo (\u0160xHxV):<\/b>\u00a072x89x106 cm<\/li>\n<li><b>V\u00fd\u0161ka sedu:<\/b>\u00a046 cm<\/li>\n<li><b>H\u013abka sedu:<\/b>\u00a054 cm<\/li>\n<li><b>Nosnos\u0165:<\/b>\u00a0100 kg<\/li>\n<li>Polohovacie<\/li>\n<li>Mechanicky polohovacie<\/li>\n<li>Relaxa\u010dn\u00e9<\/li>\n<li>Plastov\u00e9 nohy<\/li>\n<li>Dod\u00e1van\u00e9 v demonte<\/li>\n<\/ul>\n","protected":false},"excerpt":{"rendered":"<p>Relaxa\u010dn\u00e9 kreslo TURNER je \u010dal\u00fanen\u00e9 sivou alebo hnedou kvalitnou l\u00e1tkou. Stoj\u00ed na plastov\u00fdch no\u017ei\u010dk\u00e1ch. Kreslo je mechanicky polohovacie, sklopi\u0165 do relaxa\u010dnej polohy ho m\u00f4\u017eete jednoduch\u00fdm mechanizmom. Materi\u00e1l:\u00a0l\u00e1tka\/plast\/mas\u00edvne drevo\/preglejka Farba:\u00a0siv\u00e1, hned\u00e1 Rozmery kreslo (\u0160xHxV):\u00a072x89x106 cm V\u00fd\u0161ka sedu:\u00a046 cm H\u013abka sedu:\u00a054 cm Nosnos\u0165:\u00a0100 kg Polohovacie Mechanicky polohovacie Relaxa\u010dn\u00e9 Plastov\u00e9 nohy Dod\u00e1van\u00e9 v demonte<\/p>\n","protected":false},"featured_media":93184,"comment_status":"closed","ping_status":"closed","template":"","meta":{"_seopress_robots_primary_cat":"231","_seopress_titles_title":"","_seopress_titles_desc":"","_seopress_robots_index":""},"product_brand":[],"product_cat":[231],"product_tag":[],"class_list":{"0":"post-66664","1":"product","2":"type-product","3":"status-publish","4":"has-post-thumbnail","6":"product_cat-kresla","7":"pa_farba-hneda","8":"pa_farba-siva","10":"first","11":"onbackorder","12":"shipping-taxable","13":"purchasable","14":"product-type-variable"},"_links":{"self":[{"href":"https:\/\/nabytoklaguna.sk\/sk\/wp-json\/wp\/v2\/product\/66664","targetHints":{"allow":["GET"]}}],"collection":[{"href":"https:\/\/nabytoklaguna.sk\/sk\/wp-json\/wp\/v2\/product"}],"about":[{"href":"https:\/\/nabytoklaguna.sk\/sk\/wp-json\/wp\/v2\/types\/product"}],"replies":[{"embeddable":true,"href":"https:\/\/nabytoklaguna.sk\/sk\/wp-json\/wp\/v2\/comments?post=66664"}],"wp:featuredmedia":[{"embeddable":true,"href":"https:\/\/nabytoklaguna.sk\/sk\/wp-json\/wp\/v2\/media\/93184"}],"wp:attachment":[{"href":"https:\/\/nabytoklaguna.sk\/sk\/wp-json\/wp\/v2\/media?parent=66664"}],"wp:term":[{"taxonomy":"product_brand","embeddable":true,"href":"https:\/\/nabytoklaguna.sk\/sk\/wp-json\/wp\/v2\/product_brand?post=66664"},{"taxonomy":"product_cat","embeddable":true,"href":"https:\/\/nabytoklaguna.sk\/sk\/wp-json\/wp\/v2\/product_cat?post=66664"},{"taxonomy":"product_tag","embeddable":true,"href":"https:\/\/nabytoklaguna.sk\/sk\/wp-json\/wp\/v2\/product_tag?post=66664"}],"curies":[{"name":"wp","href":"https:\/\/api.w.org\/{rel}","templated":true}]}}