{"id":66724,"date":"2021-04-30T11:04:14","date_gmt":"2021-04-30T09:04:14","guid":{"rendered":"https:\/\/nabytoklaguna.sk\/sk\/?post_type=product&#038;p=66724"},"modified":"2025-11-24T13:50:05","modified_gmt":"2025-11-24T12:50:05","slug":"k-belek","status":"publish","type":"product","link":"https:\/\/nabytoklaguna.sk\/sk\/produkt\/k-belek\/","title":{"rendered":"K BELEK"},"content":{"rendered":"<p>Modern\u00e9, dizajnov\u00e9 kreslo BELEK je \u010dal\u00fanen\u00e9 kvalitn\u00fdmi l\u00e1tkami LUX. Kresl\u00e1 s\u00fa z boku a zo zadnej strany vzorkovan\u00e9 l\u00e1tkou EVO. Stoj\u00ed na pevn\u00fdch dreven\u00fdch noh\u00e1ch.<\/p>\n<ul>\n<li><b>Materi\u00e1l:<\/b>\u00a0l\u00e1tka<\/li>\n<li><b>Farba:<\/b>\u00a0capucino Lux 26\/vzor Evo 26, mentolov\u00e1 Lux 29\/vzor 29, smaragdov\u00e1 Lux 38\/Jungle vzor<\/li>\n<li><b>Rozmery (\u0160xHxV):<\/b>\u00a078x86x105 cm<\/li>\n<li><b>V\u00fd\u0161ka sedu:<\/b>\u00a044 cm<\/li>\n<li><b>V\u00fd\u0161ka opierky na ruky:<\/b>\u00a064 cm<\/li>\n<li><b>Nosnos\u0165:<\/b>\u00a0120 kg<\/li>\n<li>Dod\u00e1van\u00e9 v demonte<\/li>\n<\/ul>\n<p>Vyberajte zo 4 farieb l\u00e1tky LUX a 4 farebn\u00fdch vzorov l\u00e1tky EVO pod\u013ea vzorkovn\u00edka.<\/p>\n","protected":false},"excerpt":{"rendered":"<p>Modern\u00e9, dizajnov\u00e9 kreslo BELEK je \u010dal\u00fanen\u00e9 kvalitn\u00fdmi l\u00e1tkami LUX. Kresl\u00e1 s\u00fa z boku a zo zadnej strany vzorkovan\u00e9 l\u00e1tkou EVO. Stoj\u00ed na pevn\u00fdch dreven\u00fdch noh\u00e1ch. Materi\u00e1l:\u00a0l\u00e1tka Farba:\u00a0capucino Lux 26\/vzor Evo 26, mentolov\u00e1 Lux 29\/vzor 29, smaragdov\u00e1 Lux 38\/Jungle vzor Rozmery (\u0160xHxV):\u00a078x86x105 cm V\u00fd\u0161ka sedu:\u00a044 cm V\u00fd\u0161ka opierky na ruky:\u00a064 cm Nosnos\u0165:\u00a0120 kg Dod\u00e1van\u00e9 v demonte&#8230;<\/p>\n","protected":false},"featured_media":66733,"comment_status":"closed","ping_status":"closed","template":"","meta":{"_seopress_robots_primary_cat":"231","_seopress_titles_title":"","_seopress_titles_desc":"","_seopress_robots_index":""},"product_brand":[],"product_cat":[231],"product_tag":[],"class_list":{"0":"post-66724","1":"product","2":"type-product","3":"status-publish","4":"has-post-thumbnail","6":"product_cat-kresla","8":"first","9":"onbackorder","10":"sale","11":"shipping-taxable","12":"purchasable","13":"product-type-variable"},"_links":{"self":[{"href":"https:\/\/nabytoklaguna.sk\/sk\/wp-json\/wp\/v2\/product\/66724","targetHints":{"allow":["GET"]}}],"collection":[{"href":"https:\/\/nabytoklaguna.sk\/sk\/wp-json\/wp\/v2\/product"}],"about":[{"href":"https:\/\/nabytoklaguna.sk\/sk\/wp-json\/wp\/v2\/types\/product"}],"replies":[{"embeddable":true,"href":"https:\/\/nabytoklaguna.sk\/sk\/wp-json\/wp\/v2\/comments?post=66724"}],"wp:featuredmedia":[{"embeddable":true,"href":"https:\/\/nabytoklaguna.sk\/sk\/wp-json\/wp\/v2\/media\/66733"}],"wp:attachment":[{"href":"https:\/\/nabytoklaguna.sk\/sk\/wp-json\/wp\/v2\/media?parent=66724"}],"wp:term":[{"taxonomy":"product_brand","embeddable":true,"href":"https:\/\/nabytoklaguna.sk\/sk\/wp-json\/wp\/v2\/product_brand?post=66724"},{"taxonomy":"product_cat","embeddable":true,"href":"https:\/\/nabytoklaguna.sk\/sk\/wp-json\/wp\/v2\/product_cat?post=66724"},{"taxonomy":"product_tag","embeddable":true,"href":"https:\/\/nabytoklaguna.sk\/sk\/wp-json\/wp\/v2\/product_tag?post=66724"}],"curies":[{"name":"wp","href":"https:\/\/api.w.org\/{rel}","templated":true}]}}