{"id":67632,"date":"2021-04-30T11:04:14","date_gmt":"2021-04-30T09:04:14","guid":{"rendered":"https:\/\/nabytoklaguna.sk\/sk\/?post_type=product&#038;p=67632"},"modified":"2025-01-14T16:18:55","modified_gmt":"2025-01-14T15:18:55","slug":"tempo-kondela-spice","status":"publish","type":"product","link":"https:\/\/nabytoklaguna.sk\/sk\/produkt\/tempo-kondela-spice\/","title":{"rendered":"TK SPICE"},"content":{"rendered":"<p>Elegantn\u00fd, luxusn\u00fd syst\u00e9m kom\u00f4d, ktor\u00fd je vyroben\u00fd z DTD laminovanej a MDF fr\u00e9zovanej s extra vysok\u00fdm leskom. Ocen\u00edte zaoblen\u00e9 hrany dvierok.<\/p>\n<p>Komoda Spice 3 4Z+2D &#8211;\u00a0<b style=\"font-size: 15.008px;\">Rozmery (\u0160xHxV)<\/b><span style=\"font-size: 15.008px;\">: 165x40x80 cm<\/span><\/p>\n<p>Komoda Spice 4 4Z &#8211;\u00a0<b style=\"font-size: 15.008px;\">Rozmery (\u0160xHxV)<\/b><span style=\"font-size: 15.008px;\">: 50x40x80 cm<\/span><\/p>\n<p>Spice RTV stol\u00edk &#8211;\u00a0<b style=\"font-size: 15.008px;\">Rozmery (\u0160xHxV)<\/b><span style=\"font-size: 15.008px;\">: 165x40x42 cm<\/span><\/p>\n","protected":false},"excerpt":{"rendered":"<p>Elegantn\u00fd, luxusn\u00fd syst\u00e9m kom\u00f4d, ktor\u00fd je vyroben\u00fd z DTD laminovanej a MDF fr\u00e9zovanej s extra vysok\u00fdm leskom. Ocen\u00edte zaoblen\u00e9 hrany dvierok. Komoda Spice 3 4Z+2D &#8211;\u00a0Rozmery (\u0160xHxV): 165x40x80 cm Komoda Spice 4 4Z &#8211;\u00a0Rozmery (\u0160xHxV): 50x40x80 cm Spice RTV stol\u00edk &#8211;\u00a0Rozmery (\u0160xHxV): 165x40x42 cm<\/p>\n","protected":false},"featured_media":67638,"comment_status":"closed","ping_status":"closed","template":"","meta":{"_seopress_robots_primary_cat":"824","_seopress_titles_title":"                                    ","_seopress_titles_desc":"                                    ","_seopress_robots_index":""},"product_brand":[],"product_cat":[824,222],"product_tag":[],"class_list":{"0":"post-67632","1":"product","2":"type-product","3":"status-publish","4":"has-post-thumbnail","6":"product_cat-rtv-stoliky","7":"product_cat-komody","8":"pa_typ-produktu-3-komoda-4z2d","9":"pa_typ-produktu-4-komoda-4z","10":"pa_typ-produktu-rtv-stolik","12":"first","13":"onbackorder","14":"shipping-taxable","15":"purchasable","16":"product-type-variable"},"_links":{"self":[{"href":"https:\/\/nabytoklaguna.sk\/sk\/wp-json\/wp\/v2\/product\/67632","targetHints":{"allow":["GET"]}}],"collection":[{"href":"https:\/\/nabytoklaguna.sk\/sk\/wp-json\/wp\/v2\/product"}],"about":[{"href":"https:\/\/nabytoklaguna.sk\/sk\/wp-json\/wp\/v2\/types\/product"}],"replies":[{"embeddable":true,"href":"https:\/\/nabytoklaguna.sk\/sk\/wp-json\/wp\/v2\/comments?post=67632"}],"wp:featuredmedia":[{"embeddable":true,"href":"https:\/\/nabytoklaguna.sk\/sk\/wp-json\/wp\/v2\/media\/67638"}],"wp:attachment":[{"href":"https:\/\/nabytoklaguna.sk\/sk\/wp-json\/wp\/v2\/media?parent=67632"}],"wp:term":[{"taxonomy":"product_brand","embeddable":true,"href":"https:\/\/nabytoklaguna.sk\/sk\/wp-json\/wp\/v2\/product_brand?post=67632"},{"taxonomy":"product_cat","embeddable":true,"href":"https:\/\/nabytoklaguna.sk\/sk\/wp-json\/wp\/v2\/product_cat?post=67632"},{"taxonomy":"product_tag","embeddable":true,"href":"https:\/\/nabytoklaguna.sk\/sk\/wp-json\/wp\/v2\/product_tag?post=67632"}],"curies":[{"name":"wp","href":"https:\/\/api.w.org\/{rel}","templated":true}]}}