{"id":67659,"date":"2021-04-30T11:04:14","date_gmt":"2021-04-30T09:04:14","guid":{"rendered":"https:\/\/nabytoklaguna.sk\/sk\/?post_type=product&#038;p=67659"},"modified":"2025-04-01T12:00:29","modified_gmt":"2025-04-01T10:00:29","slug":"tempo-kondela-city","status":"publish","type":"product","link":"https:\/\/nabytoklaguna.sk\/sk\/produkt\/tempo-kondela-city\/","title":{"rendered":"K CITY"},"content":{"rendered":"<p><strong>Luxusn\u00fd n\u00e1bytok do ob\u00fdvac\u00edch izieb CITY<\/strong>, ktor\u00fd m\u00e1 modern\u00fd look a hod\u00ed sa do ka\u017ed\u00e9ho interi\u00e9ru. Zostava je vyroben\u00e1 z <strong>DTD laminovanej<\/strong> a ocen\u00edte aj<strong> ABS hrany.<\/strong> Dvierka sa otv\u00e1raj\u00fa dotykov\u00fdm syst\u00e9mom <strong>PUSH UP.<\/strong> Farebn\u00e1 kombin\u00e1cia <strong>dub artisan a siv\u00fd grafit<\/strong> alebo <strong>biela a dub grandson s biely leskom<\/strong> ur\u010dite ocen\u00edte.<\/p>\n<p>Ve\u0161iakov\u00e1 skri\u0148a s policami 96 &#8211;\u00a0<b style=\"font-size: 15.008px;\">Rozmery (\u0160xHxV):<\/b><span style=\"font-size: 15.008px;\">\u00a096,5x54x193,5 cm<\/span><\/p>\n<p>Vysok\u00e1 vitr\u00edna 60 &#8211;\u00a0<b style=\"font-size: 15.008px;\">Rozmery (\u0160xHxV):<\/b><span style=\"font-size: 15.008px;\">\u00a060x40x193,5 cm<\/span><\/p>\n<p>Z\u00e1vesn\u00e1 vitr\u00edna 96 &#8211;\u00a0<b style=\"font-size: 15.008px;\">Rozmery (\u0160xHxV):<\/b><span style=\"font-size: 15.008px;\">\u00a096,5x40x82,5 cm<\/span><\/p>\n<p>Komoda 138 so sklom &#8211;\u00a0<b style=\"font-size: 15.008px;\">Rozmery (\u0160xHxV):<\/b><span style=\"font-size: 15.008px;\">\u00a0138,2x40x90,5 cm<\/span><\/p>\n<p>Komoda 138 &#8211;\u00a0<b style=\"font-size: 15.008px;\">Rozmery (\u0160xHxV):<\/b><span style=\"font-size: 15.008px;\">\u00a0138,2x40x90,5 cm<\/span><\/p>\n<p>Polica &#8211;\u00a0<b style=\"font-size: 15.008px;\">Rozmery (\u0160xHxV):<\/b><span style=\"font-size: 15.008px;\">\u00a0138x20x20 cm<\/span><\/p>\n<p>Konferen\u010dn\u00fd stol\u00edk &#8211;\u00a0<b style=\"font-size: 15.008px;\">Rozmery (\u0160xHxV):<\/b><span style=\"font-size: 15.008px;\">\u00a0100x60x45,5 cm<\/span><\/p>\n<p>N\u00edzka vitr\u00edna 72 &#8211;\u00a0<b style=\"font-size: 15.008px;\">Rozmery (\u0160xHxV):<\/b><span style=\"font-size: 15.008px;\">\u00a072x40x154 cm<\/span><\/p>\n<p>RTV stol\u00edk 138 &#8211;\u00a0<b style=\"font-size: 15.008px;\">Rozmery (\u0160xHxV):<\/b><span style=\"font-size: 15.008px;\">\u00a0138,1x40x45,5 cm<\/span><\/p>\n<p>RTV stol\u00edk 187 &#8211;\u00a0<b style=\"font-size: 15.008px;\">Rozmery (\u0160xHxV):<\/b><span style=\"font-size: 15.008px;\">\u00a0187,5x40x45,5 cm<\/span><\/p>\n<p>&nbsp;<\/p>\n","protected":false},"excerpt":{"rendered":"<p>Luxusn\u00fd n\u00e1bytok do ob\u00fdvac\u00edch izieb CITY, ktor\u00fd m\u00e1 modern\u00fd look a hod\u00ed sa do ka\u017ed\u00e9ho interi\u00e9ru. Zostava je vyroben\u00e1 z DTD laminovanej a ocen\u00edte aj ABS hrany. Dvierka sa otv\u00e1raj\u00fa dotykov\u00fdm syst\u00e9mom PUSH UP. Farebn\u00e1 kombin\u00e1cia dub artisan a siv\u00fd grafit alebo biela a dub grandson s biely leskom ur\u010dite ocen\u00edte. Ve\u0161iakov\u00e1 skri\u0148a s policami&#8230;<\/p>\n","protected":false},"featured_media":114773,"comment_status":"closed","ping_status":"closed","template":"","meta":{"_seopress_robots_primary_cat":"none","_seopress_titles_title":"","_seopress_titles_desc":"","_seopress_robots_index":""},"product_brand":[],"product_cat":[182,1109,183,824],"product_tag":[],"class_list":{"0":"post-67659","1":"product","2":"type-product","3":"status-publish","4":"has-post-thumbnail","6":"product_cat-obyvacie-steny","7":"product_cat-komody-k-obyvacim-stenam","8":"product_cat-sektorove-obyvacie-steny","9":"product_cat-rtv-stoliky","10":"pa_farba-biela-dub-grandson-biely-lesk","11":"pa_farba-dub-artisan-sivy-grafit","12":"pa_typ-produktu-komoda-138","13":"pa_typ-produktu-komoda-138-so-sklom","14":"pa_typ-produktu-konferencny-stolik","15":"pa_typ-produktu-nizka-vitrina-72","16":"pa_typ-produktu-polica","17":"pa_typ-produktu-rtv-stolik-138","18":"pa_typ-produktu-rtv-stolik-187","19":"pa_typ-produktu-vesiakova-skrina-s-policami-96","20":"pa_typ-produktu-vysoka-vitrina-60","21":"pa_typ-produktu-zavesna-vitrina-96","23":"first","24":"onbackorder","25":"shipping-taxable","26":"purchasable","27":"product-type-variable"},"_links":{"self":[{"href":"https:\/\/nabytoklaguna.sk\/sk\/wp-json\/wp\/v2\/product\/67659","targetHints":{"allow":["GET"]}}],"collection":[{"href":"https:\/\/nabytoklaguna.sk\/sk\/wp-json\/wp\/v2\/product"}],"about":[{"href":"https:\/\/nabytoklaguna.sk\/sk\/wp-json\/wp\/v2\/types\/product"}],"replies":[{"embeddable":true,"href":"https:\/\/nabytoklaguna.sk\/sk\/wp-json\/wp\/v2\/comments?post=67659"}],"wp:featuredmedia":[{"embeddable":true,"href":"https:\/\/nabytoklaguna.sk\/sk\/wp-json\/wp\/v2\/media\/114773"}],"wp:attachment":[{"href":"https:\/\/nabytoklaguna.sk\/sk\/wp-json\/wp\/v2\/media?parent=67659"}],"wp:term":[{"taxonomy":"product_brand","embeddable":true,"href":"https:\/\/nabytoklaguna.sk\/sk\/wp-json\/wp\/v2\/product_brand?post=67659"},{"taxonomy":"product_cat","embeddable":true,"href":"https:\/\/nabytoklaguna.sk\/sk\/wp-json\/wp\/v2\/product_cat?post=67659"},{"taxonomy":"product_tag","embeddable":true,"href":"https:\/\/nabytoklaguna.sk\/sk\/wp-json\/wp\/v2\/product_tag?post=67659"}],"curies":[{"name":"wp","href":"https:\/\/api.w.org\/{rel}","templated":true}]}}