{"id":68176,"date":"2021-04-30T11:04:14","date_gmt":"2021-04-30T09:04:14","guid":{"rendered":"https:\/\/nabytoklaguna.sk\/sk\/?post_type=product&#038;p=68176"},"modified":"2025-04-07T13:12:29","modified_gmt":"2025-04-07T11:12:29","slug":"tempo-kondela-grand","status":"publish","type":"product","link":"https:\/\/nabytoklaguna.sk\/sk\/produkt\/tempo-kondela-grand\/","title":{"rendered":"K GRAND"},"content":{"rendered":"<p><strong>Elegantn\u00fd a modern\u00fd sektorov\u00fd n\u00e1bytok K GRANT<\/strong> je vhodn\u00fd na zariadenie ob\u00fdvac\u00edch izieb, sp\u00e1ln\u00ed, jed\u00e1ln\u00ed \u010di \u0161tudentsk\u00fdch izieb. Vyroben\u00fd z kvalitnej DTD laminovanej vo farebnom preveden\u00ed dub sonoma. Ocen\u00edte vr\u00fabkovan\u00fa li\u0161tu, ktor\u00e1 je na okraji jednotliv\u00fdch komponentov.<\/p>\n<p>&nbsp;<\/p>\n<p>&nbsp;<\/p>\n<p>Typ 01 ve\u0161iakov\u00e1 skri\u0148a s 3 policami a 3 z\u00e1suvkami bez zrkadla 3D3S &#8211;\u00a0<strong>Rozmery (\u0160xVxH):<\/strong> 161x192x55 cm<br \/>\nTyp 02 ve\u0161iakov\u00e1 skri\u0148a s 3 policami a 3 z\u00e1suvkami so zrkadlom 3D3S &#8211;\u00a0<strong>Rozmery (\u0160xVxH):<\/strong> 161x192x55 cm<br \/>\nTyp 03 ve\u0161iakov\u00e1 skri\u0148a s 1 policou 2D1S &#8211;\u00a0<strong>Rozmery (\u0160xVxH):<\/strong> 93x192x55 cm<br \/>\nTyp 05 vitr\u00edna 1W1S &#8211;\u00a0<strong>Rozmery (\u0160xVxH):<\/strong> 63x192x39 cm.<br \/>\nTyp 06 reg\u00e1l 1S\/60 &#8211;\u00a0<b style=\"font-size: 15.008px;\">Rozmery (\u0160xHxV):<\/b><span style=\"font-size: 15.008px;\">\u00a063x39x192 cm<br \/>\n<\/span>Typ 07 reg\u00e1l 1S\/90 &#8211;\u00a0<strong>Rozmery (\u0160xVxH)<\/strong>: 93x192x39 cm.<br \/>\nTyp 08 komoda s barom 2W3S1B &#8211;\u00a0<strong>Rozmery komody (\u0160xVxH)<\/strong>: 140x118x39 cm.<br \/>\nTyp 09 komoda 2D4S &#8211;\u00a0<strong>Rozmery (\u0160xVxH):<\/strong> 140x96x39 cm<br \/>\nTyp 10 komoda 4D &#8211;\u00a0<b style=\"font-size: 15.008px;\">Rozmery (\u0160xHxV):<\/b><span style=\"font-size: 15.008px;\">\u00a093x39x96 cm<br \/>\n<\/span>Typ 11 komoda 4S &#8211;\u00a0<strong>Rozmery (\u0160xVxH):<\/strong> 93x96x39 cm.<br \/>\nTyp 12 jed\u00e1lensk\u00fd st\u00f4l rozkladac\u00ed &#8211;\u00a0<strong>Rozmery (\u0160xVxH):<\/strong> 161-210x77x91 cm<br \/>\nTyp 13 RTV stol\u00edk 2D1S &#8211;\u00a0<strong>Rozmery (\u0160xVxH):<\/strong> 140x51x55 cm<br \/>\nTyp 14 nadstavec na skri\u0148u 3D &#8211;<strong>\u00a0Rozmery (\u0160xVxH)<\/strong>: 162x48x55 cm<br \/>\nTyp 15 z\u00e1vesn\u00e1 skrinka 2D &#8211;\u00a0<b style=\"font-size: 15.008px;\">Rozmery (\u0160xHxV):<\/b><span style=\"font-size: 15.008px;\">\u00a0140x25x30 cm<br \/>\n<\/span>Typ 16 z\u00e1vesn\u00e1 polica 90 &#8211;\u00a0<b style=\"font-size: 15.008px;\">Rozmery (\u0160xHxV):<\/b><span style=\"font-size: 15.008px;\">\u00a093x22x31 cm<br \/>\n<\/span>Typ 17 z\u00e1vesn\u00e1 polica 140 &#8211;\u00a0<b style=\"font-size: 15.008px;\">Rozmery (\u0160xHxV):<\/b><span style=\"font-size: 15.008px;\">\u00a0139x22x31 cm<br \/>\n<\/span>Typ 18 konferen\u010dn\u00fd stol\u00edk 70 &#8211;\u00a0<b style=\"font-size: 15.008px;\">Rozmery (\u0160xHxV):<\/b><span style=\"font-size: 15.008px;\">\u00a066,5x38x50 cm<br \/>\n<\/span>Typ 19 konferen\u010dn\u00fd stol\u00edk 110 &#8211;\u00a0<b style=\"font-size: 15.008px;\">Rozmery (\u0160xHxV):<\/b><span style=\"font-size: 15.008px;\"> 110x61x50 cm<\/span><br \/>\nTyp 22 PC st\u00f4l 1D3S &#8211;<strong>\u00a0Rozmery (\u0160xVxH):<\/strong> 155x76x67 cm<\/p>\n","protected":false},"excerpt":{"rendered":"<p>Elegantn\u00fd a modern\u00fd sektorov\u00fd n\u00e1bytok K GRANT je vhodn\u00fd na zariadenie ob\u00fdvac\u00edch izieb, sp\u00e1ln\u00ed, jed\u00e1ln\u00ed \u010di \u0161tudentsk\u00fdch izieb. Vyroben\u00fd z kvalitnej DTD laminovanej vo farebnom preveden\u00ed dub sonoma. Ocen\u00edte vr\u00fabkovan\u00fa li\u0161tu, ktor\u00e1 je na okraji jednotliv\u00fdch komponentov. &nbsp; &nbsp; Typ 01 ve\u0161iakov\u00e1 skri\u0148a s 3 policami a 3 z\u00e1suvkami bez zrkadla 3D3S &#8211;\u00a0Rozmery (\u0160xVxH): 161x192x55&#8230;<\/p>\n","protected":false},"featured_media":68220,"comment_status":"closed","ping_status":"closed","template":"","meta":{"_seopress_robots_primary_cat":"183","_seopress_titles_title":"","_seopress_titles_desc":"","_seopress_robots_index":""},"product_brand":[],"product_cat":[1109,183,225,824],"product_tag":[],"class_list":{"0":"post-68176","1":"product","2":"type-product","3":"status-publish","4":"has-post-thumbnail","6":"product_cat-komody-k-obyvacim-stenam","7":"product_cat-sektorove-obyvacie-steny","8":"product_cat-skrine","9":"product_cat-rtv-stoliky","10":"pa_typ-produktu-typ-01-vesiakova-skrina-bez-zrkadla-3d3s","11":"pa_typ-produktu-typ-02-veisakova-skrina-so-zrkadlom-3d3s","12":"pa_typ-produktu-typ-03-veisakova-skrina-2d1s","13":"pa_typ-produktu-typ-05-vitrina-1w1s","14":"pa_typ-produktu-typ-06-regal-1s-60","15":"pa_typ-produktu-typ-07-regal-1s-90","16":"pa_typ-produktu-typ-08-komoda-s-barom-2w3s1b","17":"pa_typ-produktu-typ-09-komoda-2d4s","18":"pa_typ-produktu-typ-10-komoda-4d","19":"pa_typ-produktu-typ-11komoda-4s","20":"pa_typ-produktu-typ-12-jedalensky-rozkladaci-stol","21":"pa_typ-produktu-typ-13-rtv-stolik-2d1s","22":"pa_typ-produktu-typ-14-nadstavec-na-skrinu-3d","23":"pa_typ-produktu-typ-15-zavesna-skrinka-2d","24":"pa_typ-produktu-typ-16-zavesna-polica-90","25":"pa_typ-produktu-typ-17-zavesna-polica-140","26":"pa_typ-produktu-typ-18-konferencny-stolik-70","27":"pa_typ-produktu-typ-19-konferencny-stolik-110","28":"pa_typ-produktu-typ-20-postel-160x200","29":"pa_typ-produktu-typ-21-nocny-stolik-1s","30":"pa_typ-produktu-typ-22-pc-stol-1d3s","32":"first","33":"onbackorder","34":"shipping-taxable","35":"purchasable","36":"product-type-variable"},"_links":{"self":[{"href":"https:\/\/nabytoklaguna.sk\/sk\/wp-json\/wp\/v2\/product\/68176","targetHints":{"allow":["GET"]}}],"collection":[{"href":"https:\/\/nabytoklaguna.sk\/sk\/wp-json\/wp\/v2\/product"}],"about":[{"href":"https:\/\/nabytoklaguna.sk\/sk\/wp-json\/wp\/v2\/types\/product"}],"replies":[{"embeddable":true,"href":"https:\/\/nabytoklaguna.sk\/sk\/wp-json\/wp\/v2\/comments?post=68176"}],"wp:featuredmedia":[{"embeddable":true,"href":"https:\/\/nabytoklaguna.sk\/sk\/wp-json\/wp\/v2\/media\/68220"}],"wp:attachment":[{"href":"https:\/\/nabytoklaguna.sk\/sk\/wp-json\/wp\/v2\/media?parent=68176"}],"wp:term":[{"taxonomy":"product_brand","embeddable":true,"href":"https:\/\/nabytoklaguna.sk\/sk\/wp-json\/wp\/v2\/product_brand?post=68176"},{"taxonomy":"product_cat","embeddable":true,"href":"https:\/\/nabytoklaguna.sk\/sk\/wp-json\/wp\/v2\/product_cat?post=68176"},{"taxonomy":"product_tag","embeddable":true,"href":"https:\/\/nabytoklaguna.sk\/sk\/wp-json\/wp\/v2\/product_tag?post=68176"}],"curies":[{"name":"wp","href":"https:\/\/api.w.org\/{rel}","templated":true}]}}