{"id":68436,"date":"2021-04-30T11:04:14","date_gmt":"2021-04-30T09:04:14","guid":{"rendered":"https:\/\/nabytoklaguna.sk\/sk\/?post_type=product&#038;p=68436"},"modified":"2025-04-28T16:27:41","modified_gmt":"2025-04-28T14:27:41","slug":"tempo-kondela-paris","status":"publish","type":"product","link":"https:\/\/nabytoklaguna.sk\/sk\/produkt\/tempo-kondela-paris\/","title":{"rendered":"K PARIS"},"content":{"rendered":"<p>Sektorov\u00fd n\u00e1bytok v provens\u00e1lskom \u0161t\u00fdle vhodn\u00fd na zariadenie ob\u00fdvac\u00edch izieb , jed\u00e1ln\u00ed, sp\u00e1ln\u00ed, detsk\u00fdch izieb \u010di predsien\u00ed. Vyroben\u00e9 z DTD f\u00f3liovanej\u00a0 a MDF lakovanej vo farebnom preveden\u00ed biela. Dvierka a \u0161upl\u00edky sa otv\u00e1raj\u00fa pomocou kovov\u00fdch \u00fachytiek.<\/p>\n<p>Z\u00e1suvn\u00fd kontajner s kolieskami pod poste\u013e 90&#215;200 77805 &#8211;\u00a0<b style=\"font-size: 15.008px;\">Rozmery (\u0160xHxV):<\/b><span style=\"font-size: 15.008px;\">\u00a099,5&#215;90,4&#215;23,3 cm<br \/>\n<\/span>Poste\u013e 76703 &#8211;\u00a0<b style=\"font-size: 15.008px;\">Rozmery (\u0160xHxV):<\/b><span style=\"font-size: 15.008px;\">\u00a0199,1&#215;210,8&#215;110 cm,<\/span><b style=\"font-size: 15.008px;\">Plocha na spanie:<\/b><span style=\"font-size: 15.008px;\">\u00a0180&#215;200 cm,<\/span><b style=\"font-size: 15.008px;\">V\u00fd\u0161ka po ro\u0161t:<\/b><span style=\"font-size: 15.008px;\">\u00a035 cm<br \/>\n<\/span>Poste\u013e 77801 &#8211;\u00a0<b style=\"font-size: 15.008px;\">Rozmery (\u0160xHxV):<\/b><span style=\"font-size: 15.008px;\">\u00a0108,6&#215;210,8&#215;100 cm,\u00a0<\/span><b style=\"font-size: 15.008px;\">Plocha na spanie:<\/b><span style=\"font-size: 15.008px;\">\u00a090&#215;200 cm,\u00a0<\/span><b style=\"font-size: 15.008px;\">V\u00fd\u0161ka po ro\u0161t:<\/b><span style=\"font-size: 15.008px;\">\u00a035 cm<br \/>\n<\/span>Ve\u0161iakov\u00e1 skri\u0148a s policami 4D 75354 &#8211;\u00a0<b style=\"font-size: 15.008px;\">Rozmery (\u0160xHxV):<\/b><span style=\"font-size: 15.008px;\">\u00a0181,4&#215;60,5&#215;200,6 cm<br \/>\n<\/span>Ve\u0161iakov\u00e1 skri\u0148a s policami 3D 75353 &#8211;\u00a0<b style=\"font-size: 15.008px;\">Rozmery (\u0160xHxV):<\/b><span style=\"font-size: 15.008px;\">\u00a0138,8&#215;60,5&#215;200,6 cm<br \/>\n<\/span>Reg\u00e1l 77813 &#8211;\u00a0<b style=\"font-size: 15.008px;\">Rozmery (\u0160xHxV):<\/b><span style=\"font-size: 15.008px;\">\u00a0125,4&#215;41,6&#215;119,9 cm<br \/>\n<\/span>PC st\u00f4l 77821 &#8211;\u00a0<b style=\"font-size: 15.008px;\">Rozmery (\u0160xHxV):<\/b><span style=\"font-size: 15.008px;\">\u00a0130&#215;61,6&#215;73,9 cm<br \/>\n<\/span>Komoda 3D3Z 77824-\u00a0<b style=\"font-size: 15.008px;\">Rozmery (\u0160xHxV):<\/b><span style=\"font-size: 15.008px;\">\u00a0143,7&#215;46,1&#215;91,7 cm<br \/>\n<\/span>Komoda 76718 &#8211;\u00a0<b style=\"font-size: 15.008px;\">Rozmery (\u0160xHxV):<\/b><span style=\"font-size: 15.008px;\">\u00a096,2&#215;48,5&#215;139,5 cm<br \/>\n<\/span>Komoda 76716 &#8211;\u00a0<b style=\"font-size: 15.008px;\">Rozmery (\u0160xHxV):<\/b><span style=\"font-size: 15.008px;\">\u00a096,2&#215;48,5&#215;86,9 cm<br \/>\n<\/span>No\u010dn\u00fd stol\u00edk 70301 &#8211;<b style=\"font-size: 15.008px;\">Rozmery (\u0160xHxV):<\/b><span style=\"font-size: 15.008px;\">\u00a062,6x40x49,3 cm<br \/>\n<\/span>Vysok\u00e1 vitr\u00edna 77828 &#8211;\u00a0<b style=\"font-size: 15.008px;\">Rozmery (\u0160xHxV):<\/b><span style=\"font-size: 15.008px;\">\u00a0143,7&#215;41,6&#215;169 cm<br \/>\n<\/span>Vitr\u00edna s dvierkami 79862 &#8211;\u00a0<b style=\"font-size: 15.008px;\">Rozmery (\u0160xHxV):<\/b><span style=\"font-size: 15.008px;\"> 98,8&#215;36,6&#215;112,5 cm<\/span><span style=\"font-size: 15.008px;\"><br \/>\n<\/span>RTV stol\u00edk 77812 &#8211;\u00a0<b style=\"font-size: 15.008px;\">Rozmery (\u0160xHxV):<\/b><span style=\"font-size: 15.008px;\">\u00a0102,6&#215;41,6&#215;50,8 cm<br \/>\n<\/span>Botn\u00edk 70309 &#8211;\u00a0<b style=\"font-size: 15.008px;\">Rozmery (\u0160xHxV):<\/b><span style=\"font-size: 15.008px;\">\u00a077,8&#215;27,5&#215;127,7 cm<br \/>\n<\/span>Policov\u00e1 skri\u0148a so zrkadlom 75356 &#8211;\u00a0<b style=\"font-size: 15.008px;\">Rozmery (\u0160xHxV):<\/b><span style=\"font-size: 15.008px;\">\u00a062,6x40x200,7 cm<br \/>\n<\/span>Komoda 2D 79852\u00a0 &#8211;\u00a0<b style=\"font-size: 15.008px;\">Rozmery (\u0160xHxV):<\/b><span style=\"font-size: 15.008px;\"> 98,8&#215;46,1&#215;91,7 cm<\/span><br \/>\nKonferen\u010dn\u00fd stol\u00edk 79872 &#8211;\u00a0<b style=\"font-size: 15.008px;\">Rozmery (\u0160xHxV):<\/b><span style=\"font-size: 15.008px;\">\u00a0135x75x52,5 cm<\/span><\/p>\n","protected":false},"excerpt":{"rendered":"<p>Sektorov\u00fd n\u00e1bytok v provens\u00e1lskom \u0161t\u00fdle vhodn\u00fd na zariadenie ob\u00fdvac\u00edch izieb , jed\u00e1ln\u00ed, sp\u00e1ln\u00ed, detsk\u00fdch izieb \u010di predsien\u00ed. Vyroben\u00e9 z DTD f\u00f3liovanej\u00a0 a MDF lakovanej vo farebnom preveden\u00ed biela. Dvierka a \u0161upl\u00edky sa otv\u00e1raj\u00fa pomocou kovov\u00fdch \u00fachytiek. Z\u00e1suvn\u00fd kontajner s kolieskami pod poste\u013e 90&#215;200 77805 &#8211;\u00a0Rozmery (\u0160xHxV):\u00a099,5&#215;90,4&#215;23,3 cm Poste\u013e 76703 &#8211;\u00a0Rozmery (\u0160xHxV):\u00a0199,1&#215;210,8&#215;110 cm,Plocha na spanie:\u00a0180&#215;200 cm,V\u00fd\u0161ka&#8230;<\/p>\n","protected":false},"featured_media":68463,"comment_status":"closed","ping_status":"closed","template":"","meta":{"_seopress_robots_primary_cat":"183","_seopress_titles_title":"","_seopress_titles_desc":"","_seopress_robots_index":""},"product_brand":[],"product_cat":[4012,1109,183,824],"product_tag":[],"class_list":{"0":"post-68436","1":"product","2":"type-product","3":"status-publish","4":"has-post-thumbnail","6":"product_cat-postele","7":"product_cat-komody-k-obyvacim-stenam","8":"product_cat-sektorove-obyvacie-steny","9":"product_cat-rtv-stoliky","10":"pa_typ-produktu-botnik-70309","11":"pa_typ-produktu-jedalensky-rozkladaci-stol-79850-10","12":"pa_typ-produktu-komoda-2d-79852","13":"pa_typ-produktu-komoda-3d3z-77824","14":"pa_typ-produktu-komoda-76716","15":"pa_typ-produktu-komoda-76718","16":"pa_typ-produktu-konferencny-stolik-79872","17":"pa_typ-produktu-nocny-stolik-70301","18":"pa_typ-produktu-pc-stol-77821","19":"pa_typ-produktu-policova-skrina-so-zrkadlom-75356","20":"pa_typ-produktu-postel-76703","21":"pa_typ-produktu-postel-77801","22":"pa_typ-produktu-postel-s-pristelkou-a-dvoma-zasuvnymi-kontajnermi-77803","23":"pa_typ-produktu-regal-77813","24":"pa_typ-produktu-rtv-stolik-77812","25":"pa_typ-produktu-vesiak-70308","26":"pa_typ-produktu-vesiakova-skrina-3d-75353","27":"pa_typ-produktu-vesiakova-skrina-4d-75354","28":"pa_typ-produktu-vitrina-s-dvierkami-79862","29":"pa_typ-produktu-vysoka-vitrina-77828","30":"pa_typ-produktu-zasuvny-kontajner-s-kolieskami-77805","32":"first","33":"onbackorder","34":"shipping-taxable","35":"purchasable","36":"product-type-variable"},"_links":{"self":[{"href":"https:\/\/nabytoklaguna.sk\/sk\/wp-json\/wp\/v2\/product\/68436","targetHints":{"allow":["GET"]}}],"collection":[{"href":"https:\/\/nabytoklaguna.sk\/sk\/wp-json\/wp\/v2\/product"}],"about":[{"href":"https:\/\/nabytoklaguna.sk\/sk\/wp-json\/wp\/v2\/types\/product"}],"replies":[{"embeddable":true,"href":"https:\/\/nabytoklaguna.sk\/sk\/wp-json\/wp\/v2\/comments?post=68436"}],"wp:featuredmedia":[{"embeddable":true,"href":"https:\/\/nabytoklaguna.sk\/sk\/wp-json\/wp\/v2\/media\/68463"}],"wp:attachment":[{"href":"https:\/\/nabytoklaguna.sk\/sk\/wp-json\/wp\/v2\/media?parent=68436"}],"wp:term":[{"taxonomy":"product_brand","embeddable":true,"href":"https:\/\/nabytoklaguna.sk\/sk\/wp-json\/wp\/v2\/product_brand?post=68436"},{"taxonomy":"product_cat","embeddable":true,"href":"https:\/\/nabytoklaguna.sk\/sk\/wp-json\/wp\/v2\/product_cat?post=68436"},{"taxonomy":"product_tag","embeddable":true,"href":"https:\/\/nabytoklaguna.sk\/sk\/wp-json\/wp\/v2\/product_tag?post=68436"}],"curies":[{"name":"wp","href":"https:\/\/api.w.org\/{rel}","templated":true}]}}