{"id":69000,"date":"2021-04-30T11:04:14","date_gmt":"2021-04-30T09:04:14","guid":{"rendered":"https:\/\/nabytoklaguna.sk\/sk\/?post_type=product&#038;p=69000"},"modified":"2023-12-20T16:36:34","modified_gmt":"2023-12-20T15:36:34","slug":"tempo-kondela-tofi-new","status":"publish","type":"product","link":"https:\/\/nabytoklaguna.sk\/sk\/produkt\/tempo-kondela-tofi-new\/","title":{"rendered":"TK TOFI NEW"},"content":{"rendered":"<p>Viac\u00fa\u010delov\u00fd modern\u00fd policov\u00fd syst\u00e9m vo farebnom preveden\u00ed biela alebo zelen\u00e1. Reg\u00e1ly s\u00fa ohranen\u00e9 p\u00e1skou aj zo zadnej strany.<\/p>\n<p>Mo\u017enos\u0165 dok\u00fapi\u0165 dvierka v zelenej, bielej, \u017eltej, \u010dervenej alebo \u010diernej farbe za <strong>7,- \u20ac <\/strong>alebo dok\u00fapi\u0165 box v bielej farbe\u00a0 za <strong>18,- \u20ac.<\/strong><\/p>\n<p><span style=\"font-size: 15.008px\">Tofi new RTV stol\u00edk &#8211;\u00a0<\/span><b style=\"font-size: 15.008px\">Rozmery (\u0160xHxV):<\/b><span style=\"font-size: 15.008px\">\u00a0150x39x51 cm<br \/>\n<\/span>Tofi new 1 &#8211;\u00a0<strong>Rozmery (\u0160xHxV):<\/strong> 41x29x48 cm<br \/>\nTofi new 2 &#8211;\u00a0<b style=\"font-size: 15.008px\">Rozmery (\u0160xHxV):<\/b><span style=\"font-size: 15.008px\">\u00a076x29x83 cm<br \/>\n<\/span>Tofi new 3 &#8211;\u00a0<b style=\"font-size: 15.008px\">Rozmery (\u0160xHxV):<\/b><span style=\"font-size: 15.008px\">\u00a076x29x153 cm<br \/>\n<\/span>Tofi new 4 &#8211;\u00a0<b style=\"font-size: 15.008px\">Rozmery (\u0160xHxV):<\/b><span style=\"font-size: 15.008px\">\u00a0111x29x83 cm<br \/>\n<\/span>Tofi new 5 &#8211;\u00a0<b style=\"font-size: 15.008px\">Rozmery (\u0160xHxV):<\/b><span style=\"font-size: 15.008px\">\u00a0111x29x118 cm<br \/>\n<\/span>Tofi new 6 &#8211;\u00a0<b style=\"font-size: 15.008px\">Rozmery (\u0160xHxV):<\/b><span style=\"font-size: 15.008px\">\u00a0146x29x153 cm<\/span><\/p>\n<p>&nbsp;<\/p>\n","protected":false},"excerpt":{"rendered":"<p>Viac\u00fa\u010delov\u00fd modern\u00fd policov\u00fd syst\u00e9m vo farebnom preveden\u00ed biela alebo zelen\u00e1. Reg\u00e1ly s\u00fa ohranen\u00e9 p\u00e1skou aj zo zadnej strany. Mo\u017enos\u0165 dok\u00fapi\u0165 dvierka v zelenej, bielej, \u017eltej, \u010dervenej alebo \u010diernej farbe za 7,- \u20ac alebo dok\u00fapi\u0165 box v bielej farbe\u00a0 za 18,- \u20ac. Tofi new RTV stol\u00edk &#8211;\u00a0Rozmery (\u0160xHxV):\u00a0150x39x51 cm Tofi new 1 &#8211;\u00a0Rozmery (\u0160xHxV): 41x29x48 cm&#8230;<\/p>\n","protected":false},"featured_media":69024,"comment_status":"closed","ping_status":"closed","template":"","meta":{"_seopress_robots_primary_cat":"none","_seopress_titles_title":"","_seopress_titles_desc":"","_seopress_robots_index":""},"product_brand":[],"product_cat":[1062],"product_tag":[],"class_list":{"0":"post-69000","1":"product","2":"type-product","3":"status-publish","4":"has-post-thumbnail","6":"product_cat-regaly-police","7":"pa_farba-biela","8":"pa_farba-zelena","9":"pa_typ-produktu-rtv-stolik","10":"pa_typ-produktu-tofi-new-1","11":"pa_typ-produktu-tofi-new-2","12":"pa_typ-produktu-tofi-new-3","13":"pa_typ-produktu-tofi-new-4","14":"pa_typ-produktu-tofi-new-5","15":"pa_typ-produktu-tofi-new-6","17":"first","18":"onbackorder","19":"shipping-taxable","20":"purchasable","21":"product-type-variable"},"_links":{"self":[{"href":"https:\/\/nabytoklaguna.sk\/sk\/wp-json\/wp\/v2\/product\/69000","targetHints":{"allow":["GET"]}}],"collection":[{"href":"https:\/\/nabytoklaguna.sk\/sk\/wp-json\/wp\/v2\/product"}],"about":[{"href":"https:\/\/nabytoklaguna.sk\/sk\/wp-json\/wp\/v2\/types\/product"}],"replies":[{"embeddable":true,"href":"https:\/\/nabytoklaguna.sk\/sk\/wp-json\/wp\/v2\/comments?post=69000"}],"wp:featuredmedia":[{"embeddable":true,"href":"https:\/\/nabytoklaguna.sk\/sk\/wp-json\/wp\/v2\/media\/69024"}],"wp:attachment":[{"href":"https:\/\/nabytoklaguna.sk\/sk\/wp-json\/wp\/v2\/media?parent=69000"}],"wp:term":[{"taxonomy":"product_brand","embeddable":true,"href":"https:\/\/nabytoklaguna.sk\/sk\/wp-json\/wp\/v2\/product_brand?post=69000"},{"taxonomy":"product_cat","embeddable":true,"href":"https:\/\/nabytoklaguna.sk\/sk\/wp-json\/wp\/v2\/product_cat?post=69000"},{"taxonomy":"product_tag","embeddable":true,"href":"https:\/\/nabytoklaguna.sk\/sk\/wp-json\/wp\/v2\/product_tag?post=69000"}],"curies":[{"name":"wp","href":"https:\/\/api.w.org\/{rel}","templated":true}]}}