{"id":69155,"date":"2021-04-30T11:04:14","date_gmt":"2021-04-30T09:04:14","guid":{"rendered":"https:\/\/nabytoklaguna.sk\/sk\/?post_type=product&#038;p=69155"},"modified":"2025-10-29T11:18:27","modified_gmt":"2025-10-29T10:18:27","slug":"k-drake","status":"publish","type":"product","link":"https:\/\/nabytoklaguna.sk\/sk\/produkt\/k-drake\/","title":{"rendered":"K DRAKE"},"content":{"rendered":"<p>V bordovom alebo hnedom preveden\u00ed je kancel\u00e1rske kreslo DRAKE. Kreslo je \u010dal\u00fanen\u00e9 ekoko\u017eou, operadlo a sedadlo s\u00fa ergonomicky tvarovan\u00e9 vank\u00fa\u0161mi. Opierky na ruky s\u00fa \u010dal\u00fanen\u00e9. Ak poc\u00edtite \u00fanavu, alebo budete potrebova\u0165 pauzu jednoducho sklo\u0148te operadlo do relaxa\u010dnej polohy a vysu\u0148te podno\u017e. Chr\u00f3movan\u00e1 ru\u017eica je zakon\u010den\u00e1 pogumovan\u00fdmi kolieskami, ktor\u00e9 nepo\u0161krab\u00fa pl\u00e1vaj\u00facu \u010di dreven\u00fa podlahu.<\/p>\n<ul>\n<li><b>Materi\u00e1l:<\/b>\u00a0ekoko\u017ea\/kov<\/li>\n<li><b>Farba:<\/b>\u00a0bordov\u00e1\/chr\u00f3m,\u00a0hned\u00e1\/chr\u00f3m<\/li>\n<li><b>Rozmery (\u0160xHxV):<\/b>\u00a068x77x105-111 cm<\/li>\n<li><b>V\u00fd\u0161ka sedu:<\/b>\u00a048-56 cm<\/li>\n<li><b>H\u013abka sedu:<\/b>\u00a051 cm<\/li>\n<li><b>Nosnos\u0165:\u00a0<\/b>110 kg<\/li>\n<li>Pogumovan\u00e9 kolieska vhodn\u00e9 na pl\u00e1vaj\u00facu aj dreven\u00fa podlahu<\/li>\n<li>Mo\u017enos\u0165 nastavi\u0165 v\u00fd\u0161ku sedu<\/li>\n<li>Mo\u017enos\u0165 sklopi\u0165 operadlo do relaxa\u010dnej polohy<\/li>\n<li>Kovov\u00e1 ru\u017eica<\/li>\n<li>\u010cal\u00fanen\u00e9 opierky<\/li>\n<li>S podno\u017eou<\/li>\n<li>Dod\u00e1van\u00e9 v demonte<\/li>\n<\/ul>\n","protected":false},"excerpt":{"rendered":"<p>V bordovom alebo hnedom preveden\u00ed je kancel\u00e1rske kreslo DRAKE. Kreslo je \u010dal\u00fanen\u00e9 ekoko\u017eou, operadlo a sedadlo s\u00fa ergonomicky tvarovan\u00e9 vank\u00fa\u0161mi. Opierky na ruky s\u00fa \u010dal\u00fanen\u00e9. Ak poc\u00edtite \u00fanavu, alebo budete potrebova\u0165 pauzu jednoducho sklo\u0148te operadlo do relaxa\u010dnej polohy a vysu\u0148te podno\u017e. Chr\u00f3movan\u00e1 ru\u017eica je zakon\u010den\u00e1 pogumovan\u00fdmi kolieskami, ktor\u00e9 nepo\u0161krab\u00fa pl\u00e1vaj\u00facu \u010di dreven\u00fa podlahu. Materi\u00e1l:\u00a0ekoko\u017ea\/kov Farba:\u00a0bordov\u00e1\/chr\u00f3m,\u00a0hned\u00e1\/chr\u00f3m&#8230;<\/p>\n","protected":false},"featured_media":69159,"comment_status":"closed","ping_status":"closed","template":"","meta":{"_seopress_robots_primary_cat":"237","_seopress_titles_title":"","_seopress_titles_desc":"","_seopress_robots_index":""},"product_brand":[],"product_cat":[242,237],"product_tag":[],"class_list":{"0":"post-69155","1":"product","2":"type-product","3":"status-publish","4":"has-post-thumbnail","6":"product_cat-kancelarske-stolicky","7":"product_cat-stolicky","8":"pa_farba-bordova","9":"pa_farba-hneda","11":"first","12":"onbackorder","13":"shipping-taxable","14":"purchasable","15":"product-type-variable"},"_links":{"self":[{"href":"https:\/\/nabytoklaguna.sk\/sk\/wp-json\/wp\/v2\/product\/69155","targetHints":{"allow":["GET"]}}],"collection":[{"href":"https:\/\/nabytoklaguna.sk\/sk\/wp-json\/wp\/v2\/product"}],"about":[{"href":"https:\/\/nabytoklaguna.sk\/sk\/wp-json\/wp\/v2\/types\/product"}],"replies":[{"embeddable":true,"href":"https:\/\/nabytoklaguna.sk\/sk\/wp-json\/wp\/v2\/comments?post=69155"}],"wp:featuredmedia":[{"embeddable":true,"href":"https:\/\/nabytoklaguna.sk\/sk\/wp-json\/wp\/v2\/media\/69159"}],"wp:attachment":[{"href":"https:\/\/nabytoklaguna.sk\/sk\/wp-json\/wp\/v2\/media?parent=69155"}],"wp:term":[{"taxonomy":"product_brand","embeddable":true,"href":"https:\/\/nabytoklaguna.sk\/sk\/wp-json\/wp\/v2\/product_brand?post=69155"},{"taxonomy":"product_cat","embeddable":true,"href":"https:\/\/nabytoklaguna.sk\/sk\/wp-json\/wp\/v2\/product_cat?post=69155"},{"taxonomy":"product_tag","embeddable":true,"href":"https:\/\/nabytoklaguna.sk\/sk\/wp-json\/wp\/v2\/product_tag?post=69155"}],"curies":[{"name":"wp","href":"https:\/\/api.w.org\/{rel}","templated":true}]}}