{"id":69164,"date":"2021-04-30T11:04:14","date_gmt":"2021-04-30T09:04:14","guid":{"rendered":"https:\/\/nabytoklaguna.sk\/sk\/?post_type=product&#038;p=69164"},"modified":"2026-01-08T12:34:38","modified_gmt":"2026-01-08T11:34:38","slug":"k-bany","status":"publish","type":"product","link":"https:\/\/nabytoklaguna.sk\/sk\/produkt\/k-bany\/","title":{"rendered":"K BANY"},"content":{"rendered":"<p>Jednoduch\u00fd PC st\u00f4k BANY je vyroben\u00fd z kvalitnej DTD laminovanej v \u0161tyroch farebn\u00fdch prevedeniach. Ocen\u00edte \u00falo\u017en\u00fd priestor v podobe jedn\u00e9ho \u0161upl\u00edka a skrinky.<\/p>\n<ul>\n<li><b>Materi\u00e1l:<\/b>\u00a0DTD laminovan\u00e1<\/li>\n<li><b>Farba:<\/b> biela, buk, dub sonoma<\/li>\n<li><b>Rozmery (\u0160xHxV):<\/b>\u00a0140x60x76 cm<\/li>\n<li><b>Nosnos\u0165 stol\u00edka:<\/b>\u00a035 kg<\/li>\n<li>V\u013eavo \u00falo\u017en\u00fd priestor<\/li>\n<li>So \u0161upl\u00edkom<\/li>\n<li>So skrinkou s jednou policou<\/li>\n<li><b>Nosnos\u0165 \u0161upl\u00edka a police:<\/b>\u00a05 kg<\/li>\n<li>S \u00fachytkami<\/li>\n<li>Dod\u00e1van\u00e9 v demonte<\/li>\n<li>Kvalitn\u00fd slovensk\u00fd v\u00fdrobok<\/li>\n<\/ul>\n","protected":false},"excerpt":{"rendered":"<p>Jednoduch\u00fd PC st\u00f4k BANY je vyroben\u00fd z kvalitnej DTD laminovanej v \u0161tyroch farebn\u00fdch prevedeniach. Ocen\u00edte \u00falo\u017en\u00fd priestor v podobe jedn\u00e9ho \u0161upl\u00edka a skrinky. Materi\u00e1l:\u00a0DTD laminovan\u00e1 Farba: biela, buk, dub sonoma Rozmery (\u0160xHxV):\u00a0140x60x76 cm Nosnos\u0165 stol\u00edka:\u00a035 kg V\u013eavo \u00falo\u017en\u00fd priestor So \u0161upl\u00edkom So skrinkou s jednou policou Nosnos\u0165 \u0161upl\u00edka a police:\u00a05 kg S \u00fachytkami Dod\u00e1van\u00e9 v&#8230;<\/p>\n","protected":false},"featured_media":69172,"comment_status":"closed","ping_status":"closed","template":"","meta":{"_seopress_robots_primary_cat":"243","_seopress_titles_title":"","_seopress_titles_desc":"","_seopress_robots_index":""},"product_brand":[],"product_cat":[247],"product_tag":[],"class_list":{"0":"post-69164","1":"product","2":"type-product","3":"status-publish","4":"has-post-thumbnail","6":"product_cat-pisacie-pocitacove-stoly","7":"pa_farba-biela","8":"pa_farba-buk","9":"pa_farba-dub-sonoma","10":"pa_farba-wenge","12":"first","13":"onbackorder","14":"shipping-taxable","15":"purchasable","16":"product-type-variable"},"_links":{"self":[{"href":"https:\/\/nabytoklaguna.sk\/sk\/wp-json\/wp\/v2\/product\/69164","targetHints":{"allow":["GET"]}}],"collection":[{"href":"https:\/\/nabytoklaguna.sk\/sk\/wp-json\/wp\/v2\/product"}],"about":[{"href":"https:\/\/nabytoklaguna.sk\/sk\/wp-json\/wp\/v2\/types\/product"}],"replies":[{"embeddable":true,"href":"https:\/\/nabytoklaguna.sk\/sk\/wp-json\/wp\/v2\/comments?post=69164"}],"wp:featuredmedia":[{"embeddable":true,"href":"https:\/\/nabytoklaguna.sk\/sk\/wp-json\/wp\/v2\/media\/69172"}],"wp:attachment":[{"href":"https:\/\/nabytoklaguna.sk\/sk\/wp-json\/wp\/v2\/media?parent=69164"}],"wp:term":[{"taxonomy":"product_brand","embeddable":true,"href":"https:\/\/nabytoklaguna.sk\/sk\/wp-json\/wp\/v2\/product_brand?post=69164"},{"taxonomy":"product_cat","embeddable":true,"href":"https:\/\/nabytoklaguna.sk\/sk\/wp-json\/wp\/v2\/product_cat?post=69164"},{"taxonomy":"product_tag","embeddable":true,"href":"https:\/\/nabytoklaguna.sk\/sk\/wp-json\/wp\/v2\/product_tag?post=69164"}],"curies":[{"name":"wp","href":"https:\/\/api.w.org\/{rel}","templated":true}]}}