{"id":69174,"date":"2021-04-30T11:04:14","date_gmt":"2021-04-30T09:04:14","guid":{"rendered":"https:\/\/nabytoklaguna.sk\/sk\/?post_type=product&#038;p=69174"},"modified":"2026-01-08T16:33:25","modified_gmt":"2026-01-08T15:33:25","slug":"k-hany","status":"publish","type":"product","link":"https:\/\/nabytoklaguna.sk\/sk\/produkt\/k-hany\/","title":{"rendered":"K HANY"},"content":{"rendered":"<p>\u0160t\u00fdlov\u00fd, funk\u010dn\u00fd a praktick\u00fd PC st\u00f4l HANY v\u00e1s o\u010dar\u00ed najm\u00e4 ve\u013ekou pracovnou plochou a priestrann\u00fdmi \u0161upl\u00edkmi. Vyroben\u00fd je z DTD laminovanej vo farebnom preveden\u00ed dub sonoma alebo biela.<\/p>\n<ul>\n<li><b>Materi\u00e1l:<\/b>\u00a0DTD laminovan\u00e1<\/li>\n<li><b>Farba:<\/b>\u00a0dub sonoma,\u00a0biela<\/li>\n<li><b>Rozmery (\u0160xHxV):<\/b>\u00a0118x60x75 cm<\/li>\n<li>V\u013eavo \u00falo\u017en\u00fd priestor<\/li>\n<li>\u0160tyri \u0161upl\u00edky<\/li>\n<li>Otvoren\u00e1 polica<\/li>\n<li>Dod\u00e1van\u00e9 v demonte<\/li>\n<li>Kvalitn\u00fd slovensk\u00fd v\u00fdrobok<\/li>\n<\/ul>\n","protected":false},"excerpt":{"rendered":"<p>\u0160t\u00fdlov\u00fd, funk\u010dn\u00fd a praktick\u00fd PC st\u00f4l HANY v\u00e1s o\u010dar\u00ed najm\u00e4 ve\u013ekou pracovnou plochou a priestrann\u00fdmi \u0161upl\u00edkmi. Vyroben\u00fd je z DTD laminovanej vo farebnom preveden\u00ed dub sonoma alebo biela. Materi\u00e1l:\u00a0DTD laminovan\u00e1 Farba:\u00a0dub sonoma,\u00a0biela Rozmery (\u0160xHxV):\u00a0118x60x75 cm V\u013eavo \u00falo\u017en\u00fd priestor \u0160tyri \u0161upl\u00edky Otvoren\u00e1 polica Dod\u00e1van\u00e9 v demonte Kvalitn\u00fd slovensk\u00fd v\u00fdrobok<\/p>\n","protected":false},"featured_media":69177,"comment_status":"closed","ping_status":"closed","template":"","meta":{"_seopress_robots_primary_cat":"none","_seopress_titles_title":"","_seopress_titles_desc":"","_seopress_robots_index":""},"product_brand":[],"product_cat":[247],"product_tag":[],"class_list":{"0":"post-69174","1":"product","2":"type-product","3":"status-publish","4":"has-post-thumbnail","6":"product_cat-pisacie-pocitacove-stoly","7":"pa_farba-biela","8":"pa_farba-dub-sonoma","10":"first","11":"onbackorder","12":"shipping-taxable","13":"purchasable","14":"product-type-variable"},"_links":{"self":[{"href":"https:\/\/nabytoklaguna.sk\/sk\/wp-json\/wp\/v2\/product\/69174","targetHints":{"allow":["GET"]}}],"collection":[{"href":"https:\/\/nabytoklaguna.sk\/sk\/wp-json\/wp\/v2\/product"}],"about":[{"href":"https:\/\/nabytoklaguna.sk\/sk\/wp-json\/wp\/v2\/types\/product"}],"replies":[{"embeddable":true,"href":"https:\/\/nabytoklaguna.sk\/sk\/wp-json\/wp\/v2\/comments?post=69174"}],"wp:featuredmedia":[{"embeddable":true,"href":"https:\/\/nabytoklaguna.sk\/sk\/wp-json\/wp\/v2\/media\/69177"}],"wp:attachment":[{"href":"https:\/\/nabytoklaguna.sk\/sk\/wp-json\/wp\/v2\/media?parent=69174"}],"wp:term":[{"taxonomy":"product_brand","embeddable":true,"href":"https:\/\/nabytoklaguna.sk\/sk\/wp-json\/wp\/v2\/product_brand?post=69174"},{"taxonomy":"product_cat","embeddable":true,"href":"https:\/\/nabytoklaguna.sk\/sk\/wp-json\/wp\/v2\/product_cat?post=69174"},{"taxonomy":"product_tag","embeddable":true,"href":"https:\/\/nabytoklaguna.sk\/sk\/wp-json\/wp\/v2\/product_tag?post=69174"}],"curies":[{"name":"wp","href":"https:\/\/api.w.org\/{rel}","templated":true}]}}