{"id":69393,"date":"2021-04-30T11:04:14","date_gmt":"2021-04-30T09:04:14","guid":{"rendered":"https:\/\/nabytoklaguna.sk\/sk\/?post_type=product&#038;p=69393"},"modified":"2026-02-18T08:33:13","modified_gmt":"2026-02-18T07:33:13","slug":"tempo-kondela-be-silverhard","status":"publish","type":"product","link":"https:\/\/nabytoklaguna.sk\/sk\/produkt\/tempo-kondela-be-silverhard\/","title":{"rendered":"TK BE SILVERHARD"},"content":{"rendered":"<p>Komfortn\u00fd ortopedick\u00fd matrac s vysoko kvalitnej PUR peny s profil\u00e1ciou. Matrac je vytvoren\u00fd kombin\u00e1ciou kvalitn\u00fdch PIR pien so 6 z\u00f3novou profil\u00e1ciou v tvare v\u013an. Jadro matraca je vystu\u017een\u00e9 pr\u00edrodnou kokosovou vrstvou. Dokonal\u00e9 prevzdu\u0161nenie zabezpe\u010duje prierez vrchn\u00fdch pien. Tento matrac je odpor\u00fa\u010dan\u00fd pre p\u00e1ry s rozdielnou v\u00e1hou,\u00a0 preto\u017ee je dvojitej tuhosti. Po\u0165ah je z Aloe vera. Matrac je lepen\u00fd najnov\u0161ou technol\u00f3giou HOTMELT.<\/p>\n<p>Mo\u017enos\u0165 v\u00fdberu zo \u0161iestich rozmerov.<\/p>\n<ul>\n<li><b>Materi\u00e1l:<\/b>\u00a0PUR pena\/kokosov\u00e1 vrstva<\/li>\n<li><b>V\u00fd\u0161ka matraca:<\/b>\u00a020 cm<\/li>\n<li>Pre vy\u0161\u0161iu v\u00fd\u0161ku je matrac vhodn\u00fd do postel\u00ed s vysok\u00fdm \u010delom<\/li>\n<li>So siedmimi z\u00f3nami<\/li>\n<li>7 z\u00f3nov\u00e1 vrchn\u00e1 a spodn\u00e1 vrstva z PUR peny 25 kg\/m3<\/li>\n<li>PUR jadro 28 kg\/m3<\/li>\n<li>kokosov\u00e1 vrstva 1300 gr\/m2<\/li>\n<li><b>Nosnos\u0165:<\/b>\u00a0130 kg<\/li>\n<li>Matrac s dvoma stup\u0148ami tvrdosti &#8211; odpor\u00fa\u010dan\u00fd pre p\u00e1ry s v\u00e1hov\u00fdm rozdielom<\/li>\n<li><b>Tvrdos\u0165:<\/b>\u00a0tvrd\u00e1 \u010d.5\/stredn\u00e1 \u010d.3<\/li>\n<li>Povrchov\u00e1 profil\u00e1cia zabezpe\u010duje dokonal\u00e9 prevzdu\u0161nenie, optim\u00e1lnu regener\u00e1ciu organizmu a zais\u0165uje uvo\u013enenie svalstva po\u010das sp\u00e1nku<\/li>\n<li>Dobr\u00e1 elasticita a tvarov\u00e1 st\u00e1los\u0165 matraca<\/li>\n<li>Po\u0165ah Aloe vera<\/li>\n<li>Po\u0165ah s certifik\u00e1tom OEKO-TEX STANDARD<\/li>\n<li>Sn\u00edmate\u013en\u00fd po\u0165ah so zipsom<\/li>\n<li><b>Zlo\u017eenie po\u0165ahu:<\/b>\u00a085% polyester, 15% visk\u00f3za, PES dut\u00e9 vl\u00e1kno<\/li>\n<li>Pranie pri teplote 60\u00b0C<\/li>\n<li>Odpor\u00fa\u010dan\u00fd ro\u0161t lamelov\u00fd pevn\u00fd<\/li>\n<li><b>Kvalitn\u00fd slovensk\u00fd v\u00fdrobok<\/b><\/li>\n<\/ul>\n","protected":false},"excerpt":{"rendered":"<p>Komfortn\u00fd ortopedick\u00fd matrac s vysoko kvalitnej PUR peny s profil\u00e1ciou. Matrac je vytvoren\u00fd kombin\u00e1ciou kvalitn\u00fdch PIR pien so 6 z\u00f3novou profil\u00e1ciou v tvare v\u013an. Jadro matraca je vystu\u017een\u00e9 pr\u00edrodnou kokosovou vrstvou. Dokonal\u00e9 prevzdu\u0161nenie zabezpe\u010duje prierez vrchn\u00fdch pien. Tento matrac je odpor\u00fa\u010dan\u00fd pre p\u00e1ry s rozdielnou v\u00e1hou,\u00a0 preto\u017ee je dvojitej tuhosti. Po\u0165ah je z Aloe vera&#8230;.<\/p>\n","protected":false},"featured_media":69400,"comment_status":"closed","ping_status":"closed","template":"","meta":{"_seopress_robots_primary_cat":"229","_seopress_titles_title":"","_seopress_titles_desc":"","_seopress_robots_index":""},"product_brand":[],"product_cat":[227,229],"product_tag":[],"class_list":{"0":"post-69393","1":"product","2":"type-product","3":"status-publish","4":"has-post-thumbnail","6":"product_cat-rosty-matrace","7":"product_cat-matrace","9":"first","10":"onbackorder","11":"shipping-taxable","12":"purchasable","13":"product-type-variable"},"_links":{"self":[{"href":"https:\/\/nabytoklaguna.sk\/sk\/wp-json\/wp\/v2\/product\/69393","targetHints":{"allow":["GET"]}}],"collection":[{"href":"https:\/\/nabytoklaguna.sk\/sk\/wp-json\/wp\/v2\/product"}],"about":[{"href":"https:\/\/nabytoklaguna.sk\/sk\/wp-json\/wp\/v2\/types\/product"}],"replies":[{"embeddable":true,"href":"https:\/\/nabytoklaguna.sk\/sk\/wp-json\/wp\/v2\/comments?post=69393"}],"wp:featuredmedia":[{"embeddable":true,"href":"https:\/\/nabytoklaguna.sk\/sk\/wp-json\/wp\/v2\/media\/69400"}],"wp:attachment":[{"href":"https:\/\/nabytoklaguna.sk\/sk\/wp-json\/wp\/v2\/media?parent=69393"}],"wp:term":[{"taxonomy":"product_brand","embeddable":true,"href":"https:\/\/nabytoklaguna.sk\/sk\/wp-json\/wp\/v2\/product_brand?post=69393"},{"taxonomy":"product_cat","embeddable":true,"href":"https:\/\/nabytoklaguna.sk\/sk\/wp-json\/wp\/v2\/product_cat?post=69393"},{"taxonomy":"product_tag","embeddable":true,"href":"https:\/\/nabytoklaguna.sk\/sk\/wp-json\/wp\/v2\/product_tag?post=69393"}],"curies":[{"name":"wp","href":"https:\/\/api.w.org\/{rel}","templated":true}]}}