{"id":69417,"date":"2021-04-30T11:04:14","date_gmt":"2021-04-30T09:04:14","guid":{"rendered":"https:\/\/nabytoklaguna.sk\/sk\/?post_type=product&#038;p=69417"},"modified":"2026-02-18T08:33:14","modified_gmt":"2026-02-18T07:33:14","slug":"tempo-kondela-be-tempo-30-new","status":"publish","type":"product","link":"https:\/\/nabytoklaguna.sk\/sk\/produkt\/tempo-kondela-be-tempo-30-new\/","title":{"rendered":"TK BE TEMPO 30 NEW"},"content":{"rendered":"<p>Komfortn\u00fd sendvi\u010dov\u00fd matrac <b>BE TEMPO 30 NEW<\/b> <b>z kvalitnej peny s povrchovou profil\u00e1ciou<\/b>\u00a0je \u0161peci\u00e1lne tvarovan\u00fd a dokonale prevzdu\u0161nen\u00fd. Tak\u00e1to profil\u00e1cia prekrvuje poko\u017eku a uvo\u013e\u0148uje svalstvo po\u010das sp\u00e1nku. Jadro matraca je lepen\u00e9 najnov\u0161ou\u00a0<b>technol\u00f3giou HOTMELT<\/b>\u00a0&#8211; tavn\u00e9 lepidlo je zdravotne nez\u00e1vadn\u00e9. Matrac pon\u00faka mo\u017enos\u0165 v\u00fdberu\u00a0<b>tvrd\u0161ej a m\u00e4k\u0161ej strany<\/b>\u00a0&#8211; \u010derven\u00e1 a siv\u00e1 strana. Jadro je pevnej\u0161ie pre lep\u0161ie vystu\u017eenie matraca. Matrac sa rad\u00ed do skupiny\u00a0<b>zdravotn\u00fdch matracov<\/b>. <b>PUR pena<\/b>\u00a0je ve\u013emi ob\u013e\u00faben\u00e1 pri v\u00fdrobe matracov. Vynik\u00e1 v\u00fdborn\u00fdmi vlastnos\u0165ami. Matrac z PUR peny je\u00a0<b>na za\u010diatku tuh\u0161\u00ed, pou\u017e\u00edvan\u00edm sa st\u00e1va komfortnej\u0161\u00edm<\/b>\u00a0bez toho, aby str\u00e1cal na objeme. Matrace z PUR peny s\u00fa ve\u013emi ob\u013e\u00faben\u00e9 kv\u00f4li svojim\u00a0<b>ortopedick\u00fdm a antialergick\u00fdm vlastnostiam<\/b>. Navy\u0161e maj\u00fa n\u00edzku hmotnos\u0165, a preto sa s nimi \u013eahko a jednoducho manipuluje. Najv\u00e4\u010d\u0161ou v\u00fdhodou tejto peny je\u00a0<b>odolnos\u0165 vo\u010di prele\u017eaniu<\/b>, \u010do je naj\u010dastej\u0161\u00ed d\u00f4vod v\u00fdmeny matraca. Matrac m\u00e1\u00a0<b>sn\u00edmate\u013en\u00fd po\u0165ah<\/b>\u00a0vyroben\u00fd vo verzii\u00a0<b>CHLOE AKTIV<\/b>\u00a0s klimatiza\u010dnou v\u00fdpl\u0148ou\u00a0<b>PES dut\u00fdm vl\u00e1knom 200gr\/m2<\/b>. Po\u0165ah je snehovobiely. Na dotyk pr\u00edjemn\u00fd po\u0165ah ocenia predov\u0161etk\u00fdm<b>\u00a0\u013eudia s citlivou poko\u017ekou<\/b>. Je kvalitn\u00fd s\u00a0<b>certifik\u00e1tom OEKO-TEX STANDARD<\/b>. Bol\u00a0<b>testovan\u00fd<\/b>\u00a0na pH hodnotu, obsah formaldehydu, pr\u00edtomnos\u0165 pestic\u00eddov, obsah \u0165a\u017ek\u00fdch kovov, konzerva\u010dn\u00fdch l\u00e1tok, tie\u017e na pr\u00edtomnos\u0165 alergizuj\u00facich a potenci\u00e1lne karcinog\u00e9nnych farb\u00edv. Tento\u00a0<b>zdravotne nez\u00e1vadn\u00fd<\/b>\u00a0po\u0165ah je odpor\u00fa\u010dan\u00fd odborn\u00edkmi. Je mo\u017en\u00e9 pra\u0165 ho v pr\u00e1\u010dke pri teplote\u00a0<b>60 \u00b0C<\/b>.<\/p>\n<ul>\n<li><b>Materi\u00e1l:<\/b>\u00a0PUR pena<\/li>\n<li><b>Rozmery (\u0160xD):<\/b>\u00a090&#215;200 cm<\/li>\n<li>7 z\u00f3nov\u00e1 vrchn\u00e1 vrstva z PUR peny 25 kg\/m3<\/li>\n<li>PUR jadro 28 kg\/m3<\/li>\n<li>7 z\u00f3nov\u00e1 spodn\u00e1 vrstva z PUR peny 28 kg\/m3<\/li>\n<li>Obojstrann\u00fd matrac &#8211; tvrd\u0161ia a m\u00e4k\u0161ia strana<\/li>\n<li><b>V\u00fd\u0161ka matraca:<\/b>\u00a018 cm<\/li>\n<li><b>Tvrdos\u0165 matraca:<\/b>\u00a0stredne tvrd\u00fd<\/li>\n<li>Stredne tvrd\u00fd matrac sa dok\u00e1\u017ee najlep\u0161ie prisp\u00f4sobi\u0165 le\u017eiacemu, nevytv\u00e1ra protitlak a udr\u017euje chrbticu v rovine. Tento typ sa hod\u00ed na spanie v akejko\u013evek polohe.<\/li>\n<li><b>Nosnos\u0165:<\/b>\u00a0120 kg<\/li>\n<li>Matrac lepen\u00fd najnov\u0161ou technol\u00f3giou HOTMELT<\/li>\n<li>Sn\u00edmate\u013en\u00fd po\u0165ah Chloe aktiv<\/li>\n<li>Po\u0165ah s certifik\u00e1tom OEKO-TEX STANDARD<\/li>\n<li>Po\u0165ah pre\u0161it\u00fd PES dut\u00fdm vl\u00e1knom<\/li>\n<li>Po\u0165ah je sn\u00edmate\u013en\u00fd, mo\u017en\u00e9 pra\u0165 pri teplote max. 60 \u00b0C<\/li>\n<li>Na lamelov\u00fd ro\u0161t<\/li>\n<li>So siedmimi z\u00f3nami<\/li>\n<li><b>Kvalitn\u00fd slovensk\u00fd v\u00fdrobok<\/b><\/li>\n<\/ul>\n<p><img decoding=\"async\" src=\"https:\/\/www.temponabytok.sk\/uploads\/images\/piktogramy_popis\/PUR_pena.jpg\" \/>\u00a0<img decoding=\"async\" src=\"https:\/\/www.temponabytok.sk\/uploads\/images\/piktogramy_popis\/zonovany.jpg\" \/>\u00a0<img decoding=\"async\" src=\"https:\/\/www.temponabytok.sk\/uploads\/images\/piktogramy_popis\/antialergicky.jpg\" \/>\u00a0<img decoding=\"async\" src=\"https:\/\/www.temponabytok.sk\/uploads\/images\/piktogramy_popis\/regulovatelny_rost.jpg\" \/>\u00a0<img decoding=\"async\" src=\"https:\/\/www.temponabytok.sk\/uploads\/images\/piktogramy_popis\/makka_a_tvrda.jpg\" \/>\u00a0<img decoding=\"async\" src=\"https:\/\/www.temponabytok.sk\/uploads\/images\/piktogramy_popis\/teplota_prania.jpg\" \/>\u00a0<img decoding=\"async\" src=\"https:\/\/www.temponabytok.sk\/uploads\/images\/piktogramy_popis\/zips.jpg\" \/>\u00a0<img decoding=\"async\" src=\"https:\/\/www.temponabytok.sk\/uploads\/images\/piktogramy_popis\/nosnost_120.jpg\" \/>\u00a0<img decoding=\"async\" src=\"https:\/\/www.temponabytok.sk\/uploads\/images\/piktogramy_popis\/Dute%20vlakno.jpg\" \/>\u00a0<img decoding=\"async\" src=\"https:\/\/www.temponabytok.sk\/uploads\/images\/piktogramy_popis\/piktogram_stredne%20Tvrdy.png\" \/><\/p>\n<div class=\"text\">\n<p>&nbsp;<\/p>\n<\/div>\n","protected":false},"excerpt":{"rendered":"<p>Komfortn\u00fd sendvi\u010dov\u00fd matrac BE TEMPO 30 NEW z kvalitnej peny s povrchovou profil\u00e1ciou\u00a0je \u0161peci\u00e1lne tvarovan\u00fd a dokonale prevzdu\u0161nen\u00fd. Tak\u00e1to profil\u00e1cia prekrvuje poko\u017eku a uvo\u013e\u0148uje svalstvo po\u010das sp\u00e1nku. Jadro matraca je lepen\u00e9 najnov\u0161ou\u00a0technol\u00f3giou HOTMELT\u00a0&#8211; tavn\u00e9 lepidlo je zdravotne nez\u00e1vadn\u00e9. Matrac pon\u00faka mo\u017enos\u0165 v\u00fdberu\u00a0tvrd\u0161ej a m\u00e4k\u0161ej strany\u00a0&#8211; \u010derven\u00e1 a siv\u00e1 strana. Jadro je pevnej\u0161ie pre lep\u0161ie vystu\u017eenie&#8230;<\/p>\n","protected":false},"featured_media":69425,"comment_status":"closed","ping_status":"closed","template":"","meta":{"_seopress_robots_primary_cat":"229","_seopress_titles_title":"                                    ","_seopress_titles_desc":"                                    ","_seopress_robots_index":""},"product_brand":[],"product_cat":[227,229],"product_tag":[],"class_list":{"0":"post-69417","1":"product","2":"type-product","3":"status-publish","4":"has-post-thumbnail","6":"product_cat-rosty-matrace","7":"product_cat-matrace","9":"first","10":"onbackorder","11":"shipping-taxable","12":"purchasable","13":"product-type-variable"},"_links":{"self":[{"href":"https:\/\/nabytoklaguna.sk\/sk\/wp-json\/wp\/v2\/product\/69417","targetHints":{"allow":["GET"]}}],"collection":[{"href":"https:\/\/nabytoklaguna.sk\/sk\/wp-json\/wp\/v2\/product"}],"about":[{"href":"https:\/\/nabytoklaguna.sk\/sk\/wp-json\/wp\/v2\/types\/product"}],"replies":[{"embeddable":true,"href":"https:\/\/nabytoklaguna.sk\/sk\/wp-json\/wp\/v2\/comments?post=69417"}],"wp:featuredmedia":[{"embeddable":true,"href":"https:\/\/nabytoklaguna.sk\/sk\/wp-json\/wp\/v2\/media\/69425"}],"wp:attachment":[{"href":"https:\/\/nabytoklaguna.sk\/sk\/wp-json\/wp\/v2\/media?parent=69417"}],"wp:term":[{"taxonomy":"product_brand","embeddable":true,"href":"https:\/\/nabytoklaguna.sk\/sk\/wp-json\/wp\/v2\/product_brand?post=69417"},{"taxonomy":"product_cat","embeddable":true,"href":"https:\/\/nabytoklaguna.sk\/sk\/wp-json\/wp\/v2\/product_cat?post=69417"},{"taxonomy":"product_tag","embeddable":true,"href":"https:\/\/nabytoklaguna.sk\/sk\/wp-json\/wp\/v2\/product_tag?post=69417"}],"curies":[{"name":"wp","href":"https:\/\/api.w.org\/{rel}","templated":true}]}}