{"id":69449,"date":"2021-04-30T11:04:14","date_gmt":"2021-04-30T09:04:14","guid":{"rendered":"https:\/\/nabytoklaguna.sk\/sk\/?post_type=product&#038;p=69449"},"modified":"2023-12-12T16:52:13","modified_gmt":"2023-12-12T15:52:13","slug":"tempo-kondela-rost-basic-flex-front","status":"publish","type":"product","link":"https:\/\/nabytoklaguna.sk\/sk\/produkt\/tempo-kondela-rost-basic-flex-front\/","title":{"rendered":"TK Ro\u0161t BASIC FLEX FRONT"},"content":{"rendered":"<p>Ro\u0161t vykl\u00e1pac\u00ed BASIC FLEX FRONT tvoria oh\u00fdban\u00e9 lamely vyroben\u00e9 z brezov\u00e9ho dreva. Lamely s\u00fa osaden\u00e9 v plastov\u00fdch puzdr\u00e1ch na r\u00e1me ro\u0161tu s mechanickou regul\u00e1ciou. Pln\u00fd komfort sp\u00e1nku zabezpe\u010duj\u00fa elastick\u00e9 li\u0161ty , ktor\u00e9 sa prisp\u00f4sobuj\u00fa tvoaru a hmotnosti tela. Po\u010det lamiel je 16. Ro\u0161t je vykl\u00e1pac\u00ed. Odpor\u00fa\u010dame kombinova\u0165 s pru\u017einov\u00fdmi matracmi.<\/p>\n<p>Mo\u017enos\u0165 v\u00fdberu z piatich rozmerov.<\/p>\n<ul>\n<li><b>Materi\u00e1l:<\/b>\u00a0oh\u00fdban\u00e9 lamely<\/li>\n<li><b>Prevedenie:<\/b>\u00a0brezov\u00e9 drevo<\/li>\n<li><b>Rozmery (\u0160xH):<\/b>\u00a0120&#215;200 cm<\/li>\n<li><b>Po\u010det lamiel:<\/b>\u00a016<\/li>\n<li>Osaden\u00e9 v plastov\u00fdch puzdr\u00e1ch na r\u00e1me ro\u0161tu<\/li>\n<li>Mechanick\u00e1 regul\u00e1cia<\/li>\n<li>Vykl\u00e1pac\u00ed<\/li>\n<li>Odpor\u00fa\u010dame kombinova\u0165 s pru\u017einov\u00fdmi matracmi<\/li>\n<\/ul>\n","protected":false},"excerpt":{"rendered":"<p>Ro\u0161t vykl\u00e1pac\u00ed BASIC FLEX FRONT tvoria oh\u00fdban\u00e9 lamely vyroben\u00e9 z brezov\u00e9ho dreva. Lamely s\u00fa osaden\u00e9 v plastov\u00fdch puzdr\u00e1ch na r\u00e1me ro\u0161tu s mechanickou regul\u00e1ciou. Pln\u00fd komfort sp\u00e1nku zabezpe\u010duj\u00fa elastick\u00e9 li\u0161ty , ktor\u00e9 sa prisp\u00f4sobuj\u00fa tvoaru a hmotnosti tela. Po\u010det lamiel je 16. Ro\u0161t je vykl\u00e1pac\u00ed. Odpor\u00fa\u010dame kombinova\u0165 s pru\u017einov\u00fdmi matracmi. Mo\u017enos\u0165 v\u00fdberu z piatich rozmerov&#8230;.<\/p>\n","protected":false},"featured_media":69455,"comment_status":"closed","ping_status":"closed","template":"","meta":{"_seopress_robots_primary_cat":"227","_seopress_titles_title":"","_seopress_titles_desc":"","_seopress_robots_index":""},"product_brand":[],"product_cat":[227],"product_tag":[],"class_list":{"0":"post-69449","1":"product","2":"type-product","3":"status-publish","4":"has-post-thumbnail","6":"product_cat-rosty-matrace","8":"first","9":"onbackorder","10":"shipping-taxable","11":"purchasable","12":"product-type-variable"},"_links":{"self":[{"href":"https:\/\/nabytoklaguna.sk\/sk\/wp-json\/wp\/v2\/product\/69449","targetHints":{"allow":["GET"]}}],"collection":[{"href":"https:\/\/nabytoklaguna.sk\/sk\/wp-json\/wp\/v2\/product"}],"about":[{"href":"https:\/\/nabytoklaguna.sk\/sk\/wp-json\/wp\/v2\/types\/product"}],"replies":[{"embeddable":true,"href":"https:\/\/nabytoklaguna.sk\/sk\/wp-json\/wp\/v2\/comments?post=69449"}],"wp:featuredmedia":[{"embeddable":true,"href":"https:\/\/nabytoklaguna.sk\/sk\/wp-json\/wp\/v2\/media\/69455"}],"wp:attachment":[{"href":"https:\/\/nabytoklaguna.sk\/sk\/wp-json\/wp\/v2\/media?parent=69449"}],"wp:term":[{"taxonomy":"product_brand","embeddable":true,"href":"https:\/\/nabytoklaguna.sk\/sk\/wp-json\/wp\/v2\/product_brand?post=69449"},{"taxonomy":"product_cat","embeddable":true,"href":"https:\/\/nabytoklaguna.sk\/sk\/wp-json\/wp\/v2\/product_cat?post=69449"},{"taxonomy":"product_tag","embeddable":true,"href":"https:\/\/nabytoklaguna.sk\/sk\/wp-json\/wp\/v2\/product_tag?post=69449"}],"curies":[{"name":"wp","href":"https:\/\/api.w.org\/{rel}","templated":true}]}}