{"id":69516,"date":"2021-04-30T11:04:14","date_gmt":"2021-04-30T09:04:14","guid":{"rendered":"https:\/\/nabytoklaguna.sk\/sk\/?post_type=product&#038;p=69516"},"modified":"2025-07-15T15:32:20","modified_gmt":"2025-07-15T13:32:20","slug":"k-provo","status":"publish","type":"product","link":"https:\/\/nabytoklaguna.sk\/sk\/produkt\/k-provo\/","title":{"rendered":"K PROVO"},"content":{"rendered":"<p>Prv\u00fdm krokom ku kvalitn\u00e9mu sp\u00e1nku je <b>vhodne zvolen\u00e1 poste\u013e<\/b>. Zdrav\u00fd a pokojn\u00fd sp\u00e1nok zni\u017euje stres, dob\u00edja telu ch\u00fdbaj\u00facu energiu, a t\u00fdm je aj predpokladom na spokojnej\u0161\u00ed \u017eivot. Medzi pohodln\u00e9 postele zaru\u010dene patr\u00ed aj\u00a0<b>poste\u013e PROVO<\/b>. T\u00e1 je vyroben\u00e1 z\u00a0<b>kvalitn\u00e9ho borovicov\u00e9ho dreva<\/b>\u00a0vo\u00a0<b>farebnom preveden\u00ed dub<\/b>. <b>Mas\u00edv<\/b>\u00a0m\u00e1 svoju\u00a0<b>charakteristick\u00fa v\u00f4\u0148u<\/b>. Jeho povrch je pokryt\u00fd\u00a0<b>origin\u00e1lnou kresbou dreva<\/b>. Je pevn\u00fd, st\u00e1ly, odoln\u00fd, a predov\u0161etk\u00fdm zdravotne nez\u00e1vadn\u00fd. Na v\u00fdrobu postel\u00ed je to najvhodnej\u0161\u00ed materi\u00e1l. Poste\u013e sa dod\u00e1va s <b>rolovan\u00fdm ro\u0161tom ZDARMA<\/b><\/p>\n<div class=\"text\">\n<ul>\n<li><b>Materi\u00e1l:\u00a0<\/b>borovicov\u00e9 drevo\/preglejka<\/li>\n<li><b>Farba:\u00a0<\/b>dub<\/li>\n<li><b>Rozmery(\u0160xHxV):\u00a0<\/b>190x213x82 cm, <b>Plocha na spanie:\u00a0<\/b>180&#215;200 cm<\/li>\n<li><b>Rozmery(\u0160xHxV):\u00a0<\/b>170x213x82 cm, <b>Plocha na spanie:\u00a0<\/b>160&#215;200 cm<\/li>\n<li><b>V\u00fd\u0161ka po ro\u0161t:<\/b>\u00a032 cm<\/li>\n<li><b>Hr\u00fabka materi\u00e1lu:<\/b>\u00a020 mm<\/li>\n<li><b>Hr\u00fabka materi\u00e1lu n\u00f4h (\u0160xH):<\/b>\u00a050&#215;50 mm<\/li>\n<li><b>Nosnos\u0165:<\/b>\u00a090 kg na jedno l\u00f4\u017eko<\/li>\n<li>Dod\u00e1van\u00e9 s rolovan\u00fdm ro\u0161tom z preglejky ZDARMA<\/li>\n<li>Dod\u00e1van\u00e9 v demonte<\/li>\n<\/ul>\n<table border=\"0\" cellspacing=\"1\" cellpadding=\"1\">\n<tbody>\n<tr>\n<td style=\"width: 43.8896%;\"><img loading=\"lazy\" decoding=\"async\" class=\"\" src=\"https:\/\/i2.wp.com\/nabytoklaguna.sk\/sk\/wp-content\/uploads\/2021\/01\/matrac-LENNA.jpg?resize=252%2C252&amp;ssl=1\" width=\"259\" height=\"259\" \/><\/td>\n<td style=\"width: 55.8476%;\"><u><strong>Matrac LENNA:<\/strong><\/u><\/p>\n<p>Kvalitn\u00fd 5-z\u00f3nov\u00fd profilovan\u00fd matrac Lenna je z\u00e1stupcom matracov bez pou\u017eitia lepidiel. \u0160peci\u00e1lne jadro tvoria dva d\u00f4myselne rezan\u00e9 diely z kvalitn\u00fdch polyuret\u00e1nov\u00fdch Sleepfoam pien. Pri sp\u00e1nku umo\u017e\u0148uje tento matrac bez lepidiel pohyb pien v\u010faka vo\u013en\u00e9mu ulo\u017eeniu a t\u00fdm vyhovuje individu\u00e1lnym potreb\u00e1m u\u017e\u00edvate\u013ea. V\u010faka rozdielnym objemov\u00fdm hmotnostiam Sleepfoam pien tento matrac poskytuje tvrd\u0161iu a m\u00e4k\u0161iu stranu. Matrac je ur\u010den\u00fd pre v\u00e1hov\u00fa kateg\u00f3riu do 100 kg. Celkov\u00e1 v\u00fd\u0161ka matraca je 17 cm. Po\u0165ah je z kvalitn\u00e9ho \u00fapletu, z\u00f3novo pre\u0161it\u00fd, delite\u013en\u00fd a na jeho v\u00fdrobu je pou\u017eit\u00e9 r\u00fano vysokej gram\u00e1\u017ee. Po\u0165ah je prate\u013en\u00fd na 60 \u00baC.<\/td>\n<\/tr>\n<tr>\n<td style=\"width: 43.8896%;\">&nbsp;<\/p>\n<p><img loading=\"lazy\" decoding=\"async\" class=\"\" src=\"https:\/\/i1.wp.com\/nabytoklaguna.sk\/sk\/wp-content\/uploads\/2021\/01\/matrac-VENDY.jpg?resize=258%2C258&amp;ssl=1\" width=\"259\" height=\"259\" \/><\/td>\n<td style=\"width: 55.8476%;\"><strong><u>Matrac VENDY:<\/u><\/strong><\/p>\n<p>Luxusn\u00fd matrac tvor\u00ed z oboch str\u00e1n a\u017e 9 cm vysok\u00e1 vrstva polyuret\u00e1novej peny. Ru\u017eov\u00e1 (m\u00e4kk\u0161ia) pena je gram\u00e1\u017ee 25 kg \/ m3 a zelen\u00e1 ( tvrd\u0161ia ) a\u017e 28 kg \/ m3. V\u00fdrazn\u00e9 profilovanie povrchu oboch pien zabezpe\u010d\u00ed spr\u00e1vny a z\u00e1rove\u0148 ve\u013emi kvalitn\u00fd sp\u00e1nkov\u00fd komfort, v\u010faka ktor\u00e9mu je zaru\u010den\u00e9 od\u013eah\u010denie exponovan\u00fdch miest na tele. T\u00fdm sa zrete\u013ene zlep\u0161uje prekrvenie poko\u017eky a uvo\u013enenie svalov. Pre dosiahnutie nosnosti 130 kg je matrac spevnen\u00fd 4 cm vrstvou RE peny. Celkov\u00e1 v\u00fd\u0161ka vr\u00e1tane po\u0165ahu ALOE VERA je 23 cm. Po\u0165ah je z ALOE VERA. Po\u0165ah je prate\u013en\u00fd na 60 \u00baC.<\/td>\n<\/tr>\n<\/tbody>\n<\/table>\n<\/div>\n","protected":false},"excerpt":{"rendered":"<p>Prv\u00fdm krokom ku kvalitn\u00e9mu sp\u00e1nku je vhodne zvolen\u00e1 poste\u013e. Zdrav\u00fd a pokojn\u00fd sp\u00e1nok zni\u017euje stres, dob\u00edja telu ch\u00fdbaj\u00facu energiu, a t\u00fdm je aj predpokladom na spokojnej\u0161\u00ed \u017eivot. Medzi pohodln\u00e9 postele zaru\u010dene patr\u00ed aj\u00a0poste\u013e PROVO. T\u00e1 je vyroben\u00e1 z\u00a0kvalitn\u00e9ho borovicov\u00e9ho dreva\u00a0vo\u00a0farebnom preveden\u00ed dub. Mas\u00edv\u00a0m\u00e1 svoju\u00a0charakteristick\u00fa v\u00f4\u0148u. Jeho povrch je pokryt\u00fd\u00a0origin\u00e1lnou kresbou dreva. Je pevn\u00fd, st\u00e1ly, odoln\u00fd,&#8230;<\/p>\n","protected":false},"featured_media":92230,"comment_status":"closed","ping_status":"closed","template":"","meta":{"_seopress_robots_primary_cat":"none","_seopress_titles_title":"","_seopress_titles_desc":"","_seopress_robots_index":""},"product_brand":[],"product_cat":[4012,616],"product_tag":[],"class_list":{"0":"post-69516","1":"product","2":"type-product","3":"status-publish","4":"has-post-thumbnail","6":"product_cat-postele","7":"product_cat-drevene-postele","8":"pa_typ-produktu-s-matracom-lenna-2-ks-80-x-200-cm-11-zdarma","9":"pa_typ-produktu-s-matracom-lenna-2-ks-90-x-200-cm-11-zdarma","10":"pa_typ-produktu-s-matracom-vendy-2-ks-80-x-200-cm-11-zdarma","11":"pa_typ-produktu-s-matracom-vendy-2-ks-90-x-200-cm-11-zdarma","12":"pa_typ-produktu-s-rostom-bez-matraca-2","14":"first","15":"onbackorder","16":"shipping-taxable","17":"purchasable","18":"product-type-variable"},"_links":{"self":[{"href":"https:\/\/nabytoklaguna.sk\/sk\/wp-json\/wp\/v2\/product\/69516","targetHints":{"allow":["GET"]}}],"collection":[{"href":"https:\/\/nabytoklaguna.sk\/sk\/wp-json\/wp\/v2\/product"}],"about":[{"href":"https:\/\/nabytoklaguna.sk\/sk\/wp-json\/wp\/v2\/types\/product"}],"replies":[{"embeddable":true,"href":"https:\/\/nabytoklaguna.sk\/sk\/wp-json\/wp\/v2\/comments?post=69516"}],"wp:featuredmedia":[{"embeddable":true,"href":"https:\/\/nabytoklaguna.sk\/sk\/wp-json\/wp\/v2\/media\/92230"}],"wp:attachment":[{"href":"https:\/\/nabytoklaguna.sk\/sk\/wp-json\/wp\/v2\/media?parent=69516"}],"wp:term":[{"taxonomy":"product_brand","embeddable":true,"href":"https:\/\/nabytoklaguna.sk\/sk\/wp-json\/wp\/v2\/product_brand?post=69516"},{"taxonomy":"product_cat","embeddable":true,"href":"https:\/\/nabytoklaguna.sk\/sk\/wp-json\/wp\/v2\/product_cat?post=69516"},{"taxonomy":"product_tag","embeddable":true,"href":"https:\/\/nabytoklaguna.sk\/sk\/wp-json\/wp\/v2\/product_tag?post=69516"}],"curies":[{"name":"wp","href":"https:\/\/api.w.org\/{rel}","templated":true}]}}