{"id":69726,"date":"2021-04-30T11:04:14","date_gmt":"2021-04-30T09:04:14","guid":{"rendered":"https:\/\/nabytoklaguna.sk\/sk\/?post_type=product&#038;p=69726"},"modified":"2026-01-07T16:45:51","modified_gmt":"2026-01-07T15:45:51","slug":"k-grosi","status":"publish","type":"product","link":"https:\/\/nabytoklaguna.sk\/sk\/produkt\/k-grosi\/","title":{"rendered":"K GROSI"},"content":{"rendered":"<p>Detsk\u00e1 poste\u013e GROSI je vyroben\u00e1 \u00a0z\u00a0<b>mas\u00edvneho borovicov\u00e9ho dreva<\/b>\u00a0v\u00a0<b>sivej farbe v \u0161t\u00fdle Montessori, <\/b>\u010do znamen\u00e1, \u017ee rozv\u00edja fant\u00e1ziu a potenci\u00e1l V\u00e1\u0161ho die\u0165atka. Do svojej poste\u013eovej skr\u00fd\u0161e si m\u00f4\u017ee bezpe\u010dne privies\u0165 aj ply\u0161ov\u00fdch kamar\u00e1tov, preto\u017ee <b>unesie a\u017e 80 kilogramov<\/b>. Zaobstarajte mu Grosi a dovo\u013ete mu, aby sa nechalo un\u00e1\u0161a\u0165 do fantazijn\u00fdch svetov, kedyko\u013evek bude ma\u0165 n\u00e1ladu.<\/p>\n<ul>\n<li>Poste\u013e pod\u013ea met\u00f3dy v\u00fdchovy Montessori<\/li>\n<li><b>Materi\u00e1l:<\/b>\u00a0borovicov\u00e9 drevo\/preglejka<\/li>\n<li><b>Farba:<\/b>\u00a0siv\u00e1<\/li>\n<li><b>Rozmery (\u0160xHxV):<\/b>\u00a0212x107x140 cm<\/li>\n<li><b>Plocha na spanie (\u0160xD):<\/b>\u00a090&#215;200 cm<\/li>\n<li><b>V\u00fd\u0161ka po ro\u0161t:<\/b>\u00a010,5 cm<\/li>\n<li><b>Nosnos\u0165:<\/b>\u00a080 kg<\/li>\n<li>Dod\u00e1van\u00e9 s preglejkov\u00fdm rolovan\u00fdm ro\u0161tom ZDARMA<\/li>\n<li>Dod\u00e1van\u00e9 v demonte<\/li>\n<\/ul>\n","protected":false},"excerpt":{"rendered":"<p>Detsk\u00e1 poste\u013e GROSI je vyroben\u00e1 \u00a0z\u00a0mas\u00edvneho borovicov\u00e9ho dreva\u00a0v\u00a0sivej farbe v \u0161t\u00fdle Montessori, \u010do znamen\u00e1, \u017ee rozv\u00edja fant\u00e1ziu a potenci\u00e1l V\u00e1\u0161ho die\u0165atka. Do svojej poste\u013eovej skr\u00fd\u0161e si m\u00f4\u017ee bezpe\u010dne privies\u0165 aj ply\u0161ov\u00fdch kamar\u00e1tov, preto\u017ee unesie a\u017e 80 kilogramov. Zaobstarajte mu Grosi a dovo\u013ete mu, aby sa nechalo un\u00e1\u0161a\u0165 do fantazijn\u00fdch svetov, kedyko\u013evek bude ma\u0165 n\u00e1ladu. Poste\u013e&#8230;<\/p>\n","protected":false},"featured_media":69729,"comment_status":"closed","ping_status":"closed","template":"","meta":{"_seopress_robots_primary_cat":"209","_seopress_titles_title":"","_seopress_titles_desc":"","_seopress_robots_index":""},"product_brand":[],"product_cat":[234,209],"product_tag":[],"class_list":{"0":"post-69726","1":"product","2":"type-product","3":"status-publish","4":"has-post-thumbnail","6":"product_cat-detske-postele","7":"product_cat-detske-izby","8":"pa_typ-produktu-s-matracom-be-katarina-10-new","9":"pa_typ-produktu-s-matracom-montana","10":"pa_typ-produktu-s-rostom-bez-matraca-2","12":"first","13":"onbackorder","14":"shipping-taxable","15":"purchasable","16":"product-type-variable"},"_links":{"self":[{"href":"https:\/\/nabytoklaguna.sk\/sk\/wp-json\/wp\/v2\/product\/69726","targetHints":{"allow":["GET"]}}],"collection":[{"href":"https:\/\/nabytoklaguna.sk\/sk\/wp-json\/wp\/v2\/product"}],"about":[{"href":"https:\/\/nabytoklaguna.sk\/sk\/wp-json\/wp\/v2\/types\/product"}],"replies":[{"embeddable":true,"href":"https:\/\/nabytoklaguna.sk\/sk\/wp-json\/wp\/v2\/comments?post=69726"}],"wp:featuredmedia":[{"embeddable":true,"href":"https:\/\/nabytoklaguna.sk\/sk\/wp-json\/wp\/v2\/media\/69729"}],"wp:attachment":[{"href":"https:\/\/nabytoklaguna.sk\/sk\/wp-json\/wp\/v2\/media?parent=69726"}],"wp:term":[{"taxonomy":"product_brand","embeddable":true,"href":"https:\/\/nabytoklaguna.sk\/sk\/wp-json\/wp\/v2\/product_brand?post=69726"},{"taxonomy":"product_cat","embeddable":true,"href":"https:\/\/nabytoklaguna.sk\/sk\/wp-json\/wp\/v2\/product_cat?post=69726"},{"taxonomy":"product_tag","embeddable":true,"href":"https:\/\/nabytoklaguna.sk\/sk\/wp-json\/wp\/v2\/product_tag?post=69726"}],"curies":[{"name":"wp","href":"https:\/\/api.w.org\/{rel}","templated":true}]}}