{"id":69777,"date":"2021-04-30T11:04:14","date_gmt":"2021-04-30T09:04:14","guid":{"rendered":"https:\/\/nabytoklaguna.sk\/sk\/?post_type=product&#038;p=69777"},"modified":"2025-08-18T14:24:08","modified_gmt":"2025-08-18T12:24:08","slug":"k-alzena","status":"publish","type":"product","link":"https:\/\/nabytoklaguna.sk\/sk\/produkt\/k-alzena\/","title":{"rendered":"K ALZENA"},"content":{"rendered":"<p>Poste\u013e so zv\u00fd\u0161en\u00fdm l\u00f4\u017ekom ALZENA. S\u00fa\u010das\u0165ou postele je aj PC st\u00f4l s reg\u00e1lom s dvomi \u00falo\u017en\u00fdmi plochami. Rebr\u00edk sa d\u00e1 upevni\u0165 na prav\u00fa ale \u013eav\u00fa stranu pod\u013ea potreby. K posteli je dod\u00e1van\u00fd l\u00e1tkov\u00fd ro\u0161t z preglejky. Modern\u00e1 a praktick\u00e1 poste\u013e je vyroben\u00e1 z borovicov\u00e9ho dreva v pr\u00edrodnej farbe. Z\u00e1ves je z kvalitnej bavlny.<\/p>\n<p>K posteli odpor\u00fa\u010dame zak\u00fapi\u0165\u00a0<b>matrac<\/b>\u00a0z na\u0161ej ponuky<a href=\"https:\/\/www.temponabytok.sk\/Search\/Fulltext?Query=matrac+90x200\">\u00a0s rozmerom\u00a0<b>90&#215;200 cm<\/b><\/a>.<\/p>\n<ul>\n<li><b>Materi\u00e1l:\u00a0<\/b>borovicov\u00e9 drevo\/preglejka\/bavlna<\/li>\n<li><b>Farba:\u00a0<\/b>pr\u00edrodn\u00e1\/modr\u00e1, ru\u017eov\u00e1<\/li>\n<li><b>Rozmery(\u0160xHxV):\u00a0<\/b>208x98x110 cm<\/li>\n<li><b>Plocha na spanie:\u00a0<\/b>90&#215;200 cm<\/li>\n<li><b>Nosnos\u0165:\u00a0<\/b>80 kg<\/li>\n<li><b>Maxim\u00e1lna v\u00fd\u0161ka matraca na horn\u00e9 l\u00f4\u017eko:<\/b>\u00a014 cm<\/li>\n<li>P\u00edsac\u00ed stol\u00edk s reg\u00e1lom<\/li>\n<li>Univerz\u00e1lny rebr\u00edk<\/li>\n<li>Latkov\u00fd ro\u0161t z preglejky ZDARMA<\/li>\n<li>Dod\u00e1van\u00e9 bez matraca<\/li>\n<li>Dod\u00e1van\u00e9 v demonte<\/li>\n<\/ul>\n","protected":false},"excerpt":{"rendered":"<p>Poste\u013e so zv\u00fd\u0161en\u00fdm l\u00f4\u017ekom ALZENA. S\u00fa\u010das\u0165ou postele je aj PC st\u00f4l s reg\u00e1lom s dvomi \u00falo\u017en\u00fdmi plochami. Rebr\u00edk sa d\u00e1 upevni\u0165 na prav\u00fa ale \u013eav\u00fa stranu pod\u013ea potreby. K posteli je dod\u00e1van\u00fd l\u00e1tkov\u00fd ro\u0161t z preglejky. Modern\u00e1 a praktick\u00e1 poste\u013e je vyroben\u00e1 z borovicov\u00e9ho dreva v pr\u00edrodnej farbe. Z\u00e1ves je z kvalitnej bavlny. K posteli&#8230;<\/p>\n","protected":false},"featured_media":69781,"comment_status":"closed","ping_status":"closed","template":"","meta":{"_seopress_robots_primary_cat":"209","_seopress_titles_title":"","_seopress_titles_desc":"","_seopress_robots_index":""},"product_brand":[],"product_cat":[233,234,209],"product_tag":[],"class_list":{"0":"post-69777","1":"product","2":"type-product","3":"status-publish","4":"has-post-thumbnail","6":"product_cat-poschodove-postele","7":"product_cat-detske-postele","8":"product_cat-detske-izby","9":"pa_farba-modra","10":"pa_farba-ruzova","11":"pa_typ-produktu-s-matracom-be-katarina-10-new","12":"pa_typ-produktu-s-matracom-montana","13":"pa_typ-produktu-s-rostom-bez-matraca-2","15":"first","16":"onbackorder","17":"shipping-taxable","18":"purchasable","19":"product-type-variable"},"_links":{"self":[{"href":"https:\/\/nabytoklaguna.sk\/sk\/wp-json\/wp\/v2\/product\/69777","targetHints":{"allow":["GET"]}}],"collection":[{"href":"https:\/\/nabytoklaguna.sk\/sk\/wp-json\/wp\/v2\/product"}],"about":[{"href":"https:\/\/nabytoklaguna.sk\/sk\/wp-json\/wp\/v2\/types\/product"}],"replies":[{"embeddable":true,"href":"https:\/\/nabytoklaguna.sk\/sk\/wp-json\/wp\/v2\/comments?post=69777"}],"wp:featuredmedia":[{"embeddable":true,"href":"https:\/\/nabytoklaguna.sk\/sk\/wp-json\/wp\/v2\/media\/69781"}],"wp:attachment":[{"href":"https:\/\/nabytoklaguna.sk\/sk\/wp-json\/wp\/v2\/media?parent=69777"}],"wp:term":[{"taxonomy":"product_brand","embeddable":true,"href":"https:\/\/nabytoklaguna.sk\/sk\/wp-json\/wp\/v2\/product_brand?post=69777"},{"taxonomy":"product_cat","embeddable":true,"href":"https:\/\/nabytoklaguna.sk\/sk\/wp-json\/wp\/v2\/product_cat?post=69777"},{"taxonomy":"product_tag","embeddable":true,"href":"https:\/\/nabytoklaguna.sk\/sk\/wp-json\/wp\/v2\/product_tag?post=69777"}],"curies":[{"name":"wp","href":"https:\/\/api.w.org\/{rel}","templated":true}]}}