{"id":69793,"date":"2021-04-30T11:04:14","date_gmt":"2021-04-30T09:04:14","guid":{"rendered":"https:\/\/nabytoklaguna.sk\/sk\/?post_type=product&#038;p=69793"},"modified":"2025-07-15T10:58:30","modified_gmt":"2025-07-15T08:58:30","slug":"k-austin-new","status":"publish","type":"product","link":"https:\/\/nabytoklaguna.sk\/sk\/produkt\/k-austin-new\/","title":{"rendered":"K AUSTIN NEW"},"content":{"rendered":"<p>Modern\u00e1, dizajnov\u00e1 poste\u013e AUSTIN NEW s pr\u00edstelkou a \u00falo\u017en\u00fdm priestorom je vyroben\u00e1 z mas\u00edvneho dreva a MDF. Ur\u010dite ocen\u00edte kompromisn\u00e9 rie\u0161enie, ktor\u00e9 vytvor\u00ed dostato\u010dn\u00fd priestor pre dospel\u00fdch aj pre deti. Pr\u00edstelka sa vys\u00fava pomocou<b>\u00a0\u00fachytiek<\/b>, je na<b>\u00a0kolieskach<\/b>, preto manipul\u00e1ciu s \u0148ou hravo zvl\u00e1dnu aj deti. Poste\u013e je dod\u00e1van\u00e1 s\u00a0<b>latkov\u00fdm ro\u0161tom. Tri v\u00fdsuvn\u00e9 \u0161upl\u00edky<\/b> v\u00e1m posl\u00fa\u017eia na uskladnenie hra\u010diek, kn\u00edh alebo oble\u010denia, vank\u00fa\u0161ov a prikr\u00fdvok alebo \u010dohoko\u013evek, \u010do potrebujete odlo\u017ei\u0165.<\/p>\n<div class=\"text\">\n<ul>\n<li><b>Materi\u00e1l:<\/b>\u00a0mas\u00edvne drevo\/MDF<\/li>\n<li><b>Farba:<\/b>\u00a0siv\u00e1<\/li>\n<li><b>Rozmery (\u0160xHxV):<\/b>\u00a0206,8&#215;99,6&#215;93,5 cm<\/li>\n<li><b>Rozmery l\u00f4\u017eka (\u0160xH):<\/b>\u00a090x200cm<\/li>\n<li>Dod\u00e1van\u00e1 s latkov\u00fdm ro\u0161tom ZDARMA<\/li>\n<li>V\u00fd\u0161ka matraca na pr\u00edstelku max.12 cm<\/li>\n<li>Dod\u00e1van\u00e9 bez matraca<\/li>\n<li>Mo\u017enos\u0165 <strong>zak\u00fapi\u0165 matrace z na\u0161ej ponuky<\/strong><\/li>\n<li>Dod\u00e1van\u00e9 v demonte<\/li>\n<\/ul>\n<table style=\"width: 759.76px;\" border=\"0\" cellspacing=\"1\" cellpadding=\"1\">\n<tbody>\n<tr>\n<td style=\"width: 245.403px;\"><img decoding=\"async\" src=\"https:\/\/shop.tempo-kondela.sk\/Files\/2521000\/2521873\/montana.png\" alt=\"Matrac, penov\u00fd, 90x200, MONTANA\" \/><\/td>\n<td style=\"width: 514.357px;\"><u><strong>Matrac MONTANA:<\/strong><\/u><\/p>\n<p><a href=\"https:\/\/nabytoklaguna.sk\/sk\/obchod\/spalne\/matrace\/tempo-kondela-montana\/\">https:\/\/nabytoklaguna.sk\/sk\/obchod\/spalne\/matrace\/tempo-kondela-montana\/<\/a><\/p>\n<p>&nbsp;<\/p>\n<p>&nbsp;<\/td>\n<\/tr>\n<\/tbody>\n<\/table>\n<\/div>\n","protected":false},"excerpt":{"rendered":"<p>Modern\u00e1, dizajnov\u00e1 poste\u013e AUSTIN NEW s pr\u00edstelkou a \u00falo\u017en\u00fdm priestorom je vyroben\u00e1 z mas\u00edvneho dreva a MDF. Ur\u010dite ocen\u00edte kompromisn\u00e9 rie\u0161enie, ktor\u00e9 vytvor\u00ed dostato\u010dn\u00fd priestor pre dospel\u00fdch aj pre deti. Pr\u00edstelka sa vys\u00fava pomocou\u00a0\u00fachytiek, je na\u00a0kolieskach, preto manipul\u00e1ciu s \u0148ou hravo zvl\u00e1dnu aj deti. Poste\u013e je dod\u00e1van\u00e1 s\u00a0latkov\u00fdm ro\u0161tom. Tri v\u00fdsuvn\u00e9 \u0161upl\u00edky v\u00e1m posl\u00fa\u017eia na&#8230;<\/p>\n","protected":false},"featured_media":92592,"comment_status":"closed","ping_status":"closed","template":"","meta":{"_seopress_robots_primary_cat":"233","_seopress_titles_title":"","_seopress_titles_desc":"","_seopress_robots_index":""},"product_brand":[],"product_cat":[233,234,209,616],"product_tag":[],"class_list":{"0":"post-69793","1":"product","2":"type-product","3":"status-publish","4":"has-post-thumbnail","6":"product_cat-poschodove-postele","7":"product_cat-detske-postele","8":"product_cat-detske-izby","9":"product_cat-drevene-postele","10":"pa_farba-biela","11":"pa_farba-dub","12":"pa_farba-siva","13":"pa_typ-produktu-s-matracmi-montana-11","14":"pa_typ-produktu-s-rostom-bez-matraca-2","16":"first","17":"onbackorder","18":"shipping-taxable","19":"purchasable","20":"product-type-variable"},"_links":{"self":[{"href":"https:\/\/nabytoklaguna.sk\/sk\/wp-json\/wp\/v2\/product\/69793","targetHints":{"allow":["GET"]}}],"collection":[{"href":"https:\/\/nabytoklaguna.sk\/sk\/wp-json\/wp\/v2\/product"}],"about":[{"href":"https:\/\/nabytoklaguna.sk\/sk\/wp-json\/wp\/v2\/types\/product"}],"replies":[{"embeddable":true,"href":"https:\/\/nabytoklaguna.sk\/sk\/wp-json\/wp\/v2\/comments?post=69793"}],"wp:featuredmedia":[{"embeddable":true,"href":"https:\/\/nabytoklaguna.sk\/sk\/wp-json\/wp\/v2\/media\/92592"}],"wp:attachment":[{"href":"https:\/\/nabytoklaguna.sk\/sk\/wp-json\/wp\/v2\/media?parent=69793"}],"wp:term":[{"taxonomy":"product_brand","embeddable":true,"href":"https:\/\/nabytoklaguna.sk\/sk\/wp-json\/wp\/v2\/product_brand?post=69793"},{"taxonomy":"product_cat","embeddable":true,"href":"https:\/\/nabytoklaguna.sk\/sk\/wp-json\/wp\/v2\/product_cat?post=69793"},{"taxonomy":"product_tag","embeddable":true,"href":"https:\/\/nabytoklaguna.sk\/sk\/wp-json\/wp\/v2\/product_tag?post=69793"}],"curies":[{"name":"wp","href":"https:\/\/api.w.org\/{rel}","templated":true}]}}