{"id":69836,"date":"2021-04-30T11:04:14","date_gmt":"2021-04-30T09:04:14","guid":{"rendered":"https:\/\/nabytoklaguna.sk\/sk\/?post_type=product&#038;p=69836"},"modified":"2024-03-20T13:34:30","modified_gmt":"2024-03-20T12:34:30","slug":"tempo-kondela-judit","status":"publish","type":"product","link":"https:\/\/nabytoklaguna.sk\/sk\/produkt\/tempo-kondela-judit\/","title":{"rendered":"TK JUDIT"},"content":{"rendered":"<p>V\u00e1\u013eanda JUDIT vhodn\u00e1 do ka\u017ed\u00e9ho interi\u00e9ru.<\/p>\n<ul>\n<li>Rozmery \u0160xVxH: 205x63x84 cm,<\/li>\n<li>Plocha na spanie \u0160xD: 80&#215;200 cm,<\/li>\n<li>V\u00fd\u0161ka x h\u013abka sedenia: 40&#215;80 cm.<\/li>\n<li>Materi\u00e1l a farba: l\u00e1tka Mura 100 \u010dierna\/l\u00e1tka vzor M35, ekoko\u017ea hned\u00e1\/l\u00e1tka vzor Vegas 3<\/li>\n<li>\u013dav\u00e9 a prav\u00e9 prevedenie.<\/li>\n<li>Kvalitn\u00e9 bonelov\u00e9 sedenie.<\/li>\n<\/ul>\n","protected":false},"excerpt":{"rendered":"<p>V\u00e1\u013eanda JUDIT vhodn\u00e1 do ka\u017ed\u00e9ho interi\u00e9ru. Rozmery \u0160xVxH: 205x63x84 cm, Plocha na spanie \u0160xD: 80&#215;200 cm, V\u00fd\u0161ka x h\u013abka sedenia: 40&#215;80 cm. Materi\u00e1l a farba: l\u00e1tka Mura 100 \u010dierna\/l\u00e1tka vzor M35, ekoko\u017ea hned\u00e1\/l\u00e1tka vzor Vegas 3 \u013dav\u00e9 a prav\u00e9 prevedenie. Kvalitn\u00e9 bonelov\u00e9 sedenie.<\/p>\n","protected":false},"featured_media":69846,"comment_status":"closed","ping_status":"closed","template":"","meta":{"_seopress_robots_primary_cat":"234","_seopress_titles_title":"                                    ","_seopress_titles_desc":"                                    ","_seopress_robots_index":""},"product_brand":[],"product_cat":[234],"product_tag":[],"class_list":{"0":"post-69836","1":"product","2":"type-product","3":"status-publish","4":"has-post-thumbnail","6":"product_cat-detske-postele","8":"first","9":"onbackorder","10":"shipping-taxable","11":"purchasable","12":"product-type-variable"},"_links":{"self":[{"href":"https:\/\/nabytoklaguna.sk\/sk\/wp-json\/wp\/v2\/product\/69836","targetHints":{"allow":["GET"]}}],"collection":[{"href":"https:\/\/nabytoklaguna.sk\/sk\/wp-json\/wp\/v2\/product"}],"about":[{"href":"https:\/\/nabytoklaguna.sk\/sk\/wp-json\/wp\/v2\/types\/product"}],"replies":[{"embeddable":true,"href":"https:\/\/nabytoklaguna.sk\/sk\/wp-json\/wp\/v2\/comments?post=69836"}],"wp:featuredmedia":[{"embeddable":true,"href":"https:\/\/nabytoklaguna.sk\/sk\/wp-json\/wp\/v2\/media\/69846"}],"wp:attachment":[{"href":"https:\/\/nabytoklaguna.sk\/sk\/wp-json\/wp\/v2\/media?parent=69836"}],"wp:term":[{"taxonomy":"product_brand","embeddable":true,"href":"https:\/\/nabytoklaguna.sk\/sk\/wp-json\/wp\/v2\/product_brand?post=69836"},{"taxonomy":"product_cat","embeddable":true,"href":"https:\/\/nabytoklaguna.sk\/sk\/wp-json\/wp\/v2\/product_cat?post=69836"},{"taxonomy":"product_tag","embeddable":true,"href":"https:\/\/nabytoklaguna.sk\/sk\/wp-json\/wp\/v2\/product_tag?post=69836"}],"curies":[{"name":"wp","href":"https:\/\/api.w.org\/{rel}","templated":true}]}}