{"id":69862,"date":"2021-04-30T11:04:14","date_gmt":"2021-04-30T09:04:14","guid":{"rendered":"https:\/\/nabytoklaguna.sk\/sk\/?post_type=product&#038;p=69862"},"modified":"2026-01-12T14:28:03","modified_gmt":"2026-01-12T13:28:03","slug":"k-violet","status":"publish","type":"product","link":"https:\/\/nabytoklaguna.sk\/sk\/produkt\/k-violet\/","title":{"rendered":"K VIOLET"},"content":{"rendered":"<p>Zrkadlo a toaletn\u00fd stol\u00edk\u00a0 VIOLET s\u00fa vyroben\u00e9 z kvalitnej DTD laminovanej v bielej farbe. Stol\u00edk poskytuje \u00falo\u017en\u00fd priestor v podobe dvoch \u0161upl\u00edkov.\u00a0 Toaletn\u00fd stol\u00edk m\u00f4\u017eete vyu\u017ei\u0165 aj ako\u00a0 PC st\u00f4l.<\/p>\n<ul>\n<li><b>Materi\u00e1l:<\/b>\u00a0DTD laminovan\u00e1\/sklo<\/li>\n<li><b>Farba:<\/b>\u00a0biela<\/li>\n<li><b>Rozmery zrkadla (\u0160xHxV):<\/b>\u00a054,4x2x84,4 cm<\/li>\n<li>Zrkadlo dod\u00e1van\u00e9 v monte, stol\u00edk v demonte.<\/li>\n<li><b>Rozmery stol\u00edka (\u0160xHxV):<\/b>\u00a0115x40x78 cm<\/li>\n<li>S \u00falo\u017en\u00fdm priestorom<\/li>\n<li>Dva \u0161upl\u00edky<\/li>\n<li>Dod\u00e1van\u00e9 bez doplnkov<\/li>\n<\/ul>\n","protected":false},"excerpt":{"rendered":"<p>Zrkadlo a toaletn\u00fd stol\u00edk\u00a0 VIOLET s\u00fa vyroben\u00e9 z kvalitnej DTD laminovanej v bielej farbe. Stol\u00edk poskytuje \u00falo\u017en\u00fd priestor v podobe dvoch \u0161upl\u00edkov.\u00a0 Toaletn\u00fd stol\u00edk m\u00f4\u017eete vyu\u017ei\u0165 aj ako\u00a0 PC st\u00f4l. Materi\u00e1l:\u00a0DTD laminovan\u00e1\/sklo Farba:\u00a0biela Rozmery zrkadla (\u0160xHxV):\u00a054,4x2x84,4 cm Zrkadlo dod\u00e1van\u00e9 v monte, stol\u00edk v demonte. Rozmery stol\u00edka (\u0160xHxV):\u00a0115x40x78 cm S \u00falo\u017en\u00fdm priestorom Dva \u0161upl\u00edky Dod\u00e1van\u00e9 bez&#8230;<\/p>\n","protected":false},"featured_media":69868,"comment_status":"closed","ping_status":"closed","template":"","meta":{"_seopress_robots_primary_cat":"4809","_seopress_titles_title":"","_seopress_titles_desc":"","_seopress_robots_index":""},"product_brand":[],"product_cat":[4809],"product_tag":[],"class_list":{"0":"post-69862","1":"product","2":"type-product","3":"status-publish","4":"has-post-thumbnail","6":"product_cat-toaletne-stoliky","7":"pa_farba-biela","8":"pa_farba-dub-sonoma","9":"pa_typ-produktu-toaletny-stolik","10":"pa_typ-produktu-zrkadlo","12":"first","13":"onbackorder","14":"shipping-taxable","15":"purchasable","16":"product-type-variable"},"_links":{"self":[{"href":"https:\/\/nabytoklaguna.sk\/sk\/wp-json\/wp\/v2\/product\/69862","targetHints":{"allow":["GET"]}}],"collection":[{"href":"https:\/\/nabytoklaguna.sk\/sk\/wp-json\/wp\/v2\/product"}],"about":[{"href":"https:\/\/nabytoklaguna.sk\/sk\/wp-json\/wp\/v2\/types\/product"}],"replies":[{"embeddable":true,"href":"https:\/\/nabytoklaguna.sk\/sk\/wp-json\/wp\/v2\/comments?post=69862"}],"wp:featuredmedia":[{"embeddable":true,"href":"https:\/\/nabytoklaguna.sk\/sk\/wp-json\/wp\/v2\/media\/69868"}],"wp:attachment":[{"href":"https:\/\/nabytoklaguna.sk\/sk\/wp-json\/wp\/v2\/media?parent=69862"}],"wp:term":[{"taxonomy":"product_brand","embeddable":true,"href":"https:\/\/nabytoklaguna.sk\/sk\/wp-json\/wp\/v2\/product_brand?post=69862"},{"taxonomy":"product_cat","embeddable":true,"href":"https:\/\/nabytoklaguna.sk\/sk\/wp-json\/wp\/v2\/product_cat?post=69862"},{"taxonomy":"product_tag","embeddable":true,"href":"https:\/\/nabytoklaguna.sk\/sk\/wp-json\/wp\/v2\/product_tag?post=69862"}],"curies":[{"name":"wp","href":"https:\/\/api.w.org\/{rel}","templated":true}]}}