{"id":69967,"date":"2021-04-30T11:04:14","date_gmt":"2021-04-30T09:04:14","guid":{"rendered":"https:\/\/nabytoklaguna.sk\/sk\/?post_type=product&#038;p=69967"},"modified":"2025-04-29T11:32:49","modified_gmt":"2025-04-29T09:32:49","slug":"tempo-kondela-invita","status":"publish","type":"product","link":"https:\/\/nabytoklaguna.sk\/sk\/produkt\/tempo-kondela-invita\/","title":{"rendered":"K INVITA"},"content":{"rendered":"<p>Praktick\u00fd sektorov\u00fd n\u00e1bytok do \u0161atn\u00edkov\u00fdch skr\u00ed\u0148 s h\u013abkou a\u017e 60cm. Zostava je vyroben\u00e1 z DTD laminovanej vo farebnom preveden\u00ed dub sonoma a biela.<\/p>\n<p>TYP 1 &#8211;\u00a0<b style=\"font-size: 15.008px;\">Rozmery (\u0160xHxV):\u00a0<\/b><span style=\"font-size: 15.008px;\">45,8x60x200 cm<br \/>\n<\/span>TYP 2 &#8211;\u00a0<b style=\"font-size: 15.008px;\">Rozmery (\u0160xHxV):\u00a0<\/b><span style=\"font-size: 15.008px;\">134,2x60x200 cm<br \/>\n<\/span>TYP 3 &#8211;\u00a0<b style=\"font-size: 15.008px;\">Rozmery (\u0160xHxV):\u00a0<\/b><span style=\"font-size: 15.008px;\">90,5&#215;90,5&#215;200 cm<br \/>\n<\/span>TYP 4 &#8211;\u00a0<b style=\"font-size: 15.008px;\">Rozmery (\u0160xHxV):\u00a0<\/b><span style=\"font-size: 15.008px;\">90x60x200 cm<br \/>\n<\/span>TYP 5 &#8211;\u00a0<b style=\"font-size: 15.008px;\">Rozmery (\u0160xHxV):\u00a0<\/b><span style=\"font-size: 15.008px;\">90x60x200 cm<br \/>\n<\/span>TYP 6 &#8211;\u00a0<b style=\"font-size: 15.008px;\">Rozmery (\u0160xHxV):\u00a0<\/b><span style=\"font-size: 15.008px;\">45,8x60x40 cm<br \/>\n<\/span>TYP 7 &#8211;\u00a0<b style=\"font-size: 15.008px;\">Rozmery (\u0160xHxV):\u00a0<\/b><span style=\"font-size: 15.008px;\">134,2x60x40 cm<br \/>\n<\/span>TYP 8 &#8211;\u00a0<b style=\"font-size: 15.008px;\">Rozmery (\u0160xHxV):\u00a0<\/b><span style=\"font-size: 15.008px;\">91x91x40 cm<br \/>\n<\/span>TYP 9 &#8211;\u00a0<b style=\"font-size: 15.008px;\">Rozmery (\u0160xHxV):\u00a0<\/b><span style=\"font-size: 15.008px;\">90x60x40 cm<\/span><\/p>\n<p>&nbsp;<\/p>\n<p>&nbsp;<\/p>\n","protected":false},"excerpt":{"rendered":"<p>Praktick\u00fd sektorov\u00fd n\u00e1bytok do \u0161atn\u00edkov\u00fdch skr\u00ed\u0148 s h\u013abkou a\u017e 60cm. Zostava je vyroben\u00e1 z DTD laminovanej vo farebnom preveden\u00ed dub sonoma a biela. TYP 1 &#8211;\u00a0Rozmery (\u0160xHxV):\u00a045,8x60x200 cm TYP 2 &#8211;\u00a0Rozmery (\u0160xHxV):\u00a0134,2x60x200 cm TYP 3 &#8211;\u00a0Rozmery (\u0160xHxV):\u00a090,5&#215;90,5&#215;200 cm TYP 4 &#8211;\u00a0Rozmery (\u0160xHxV):\u00a090x60x200 cm TYP 5 &#8211;\u00a0Rozmery (\u0160xHxV):\u00a090x60x200 cm TYP 6 &#8211;\u00a0Rozmery (\u0160xHxV):\u00a045,8x60x40 cm TYP 7&#8230;<\/p>\n","protected":false},"featured_media":70005,"comment_status":"closed","ping_status":"closed","template":"","meta":{"_seopress_robots_primary_cat":"225","_seopress_titles_title":"","_seopress_titles_desc":"","_seopress_robots_index":""},"product_brand":[],"product_cat":[225,1586],"product_tag":[],"class_list":{"0":"post-69967","1":"product","2":"type-product","3":"status-publish","4":"has-post-thumbnail","6":"product_cat-skrine","7":"product_cat-klasicky-otvaracie","8":"pa_farba-biela","9":"pa_farba-dub-sonoma","10":"pa_typ-produktu-typ-1","11":"pa_typ-produktu-typ-2","12":"pa_typ-produktu-typ-3","13":"pa_typ-produktu-typ-4","14":"pa_typ-produktu-typ-5","15":"pa_typ-produktu-typ-6","16":"pa_typ-produktu-typ-7","17":"pa_typ-produktu-typ-8","18":"pa_typ-produktu-typ-9","20":"first","21":"onbackorder","22":"shipping-taxable","23":"purchasable","24":"product-type-variable"},"_links":{"self":[{"href":"https:\/\/nabytoklaguna.sk\/sk\/wp-json\/wp\/v2\/product\/69967","targetHints":{"allow":["GET"]}}],"collection":[{"href":"https:\/\/nabytoklaguna.sk\/sk\/wp-json\/wp\/v2\/product"}],"about":[{"href":"https:\/\/nabytoklaguna.sk\/sk\/wp-json\/wp\/v2\/types\/product"}],"replies":[{"embeddable":true,"href":"https:\/\/nabytoklaguna.sk\/sk\/wp-json\/wp\/v2\/comments?post=69967"}],"wp:featuredmedia":[{"embeddable":true,"href":"https:\/\/nabytoklaguna.sk\/sk\/wp-json\/wp\/v2\/media\/70005"}],"wp:attachment":[{"href":"https:\/\/nabytoklaguna.sk\/sk\/wp-json\/wp\/v2\/media?parent=69967"}],"wp:term":[{"taxonomy":"product_brand","embeddable":true,"href":"https:\/\/nabytoklaguna.sk\/sk\/wp-json\/wp\/v2\/product_brand?post=69967"},{"taxonomy":"product_cat","embeddable":true,"href":"https:\/\/nabytoklaguna.sk\/sk\/wp-json\/wp\/v2\/product_cat?post=69967"},{"taxonomy":"product_tag","embeddable":true,"href":"https:\/\/nabytoklaguna.sk\/sk\/wp-json\/wp\/v2\/product_tag?post=69967"}],"curies":[{"name":"wp","href":"https:\/\/api.w.org\/{rel}","templated":true}]}}