{"id":70008,"date":"2021-04-30T11:04:14","date_gmt":"2021-04-30T09:04:14","guid":{"rendered":"https:\/\/nabytoklaguna.sk\/sk\/?post_type=product&#038;p=70008"},"modified":"2023-12-27T14:54:26","modified_gmt":"2023-12-27T13:54:26","slug":"tempo-kondela-garbo","status":"publish","type":"product","link":"https:\/\/nabytoklaguna.sk\/sk\/produkt\/tempo-kondela-garbo\/","title":{"rendered":"TK GARBO"},"content":{"rendered":"<p>PRaktick\u00e9 komody a n\u010dn\u00fd stol\u00edk GARBO je vhodn\u00fd na zariadenie ob\u00fdvac\u00edch izieb, sp\u00e1lni \u010di \u0161tudentsk\u00fdch izieb. Je vyroben\u00fd z DTD laminovanej vo farebnom preveden\u00ed dub sonoma a biela.<\/p>\n<p>GARBO 3 &#8211;\u00a0<b style=\"font-size: 15.008px\">Rozmery komody (\u0160xHxV)<\/b><span style=\"font-size: 15.008px\">: 74,1x36x69,9 cm,\u00a0<\/span><b style=\"font-size: 15.008px\">Rozmery \u0161upl\u00edka (\u0160xHxV)<\/b><span style=\"font-size: 15.008px\">: 71&#215;22 cm<br \/>\n<\/span>GARBO 5 &#8211;\u00a0<b style=\"font-size: 15.008px\">Rozmery komody (\u0160xHxV)<\/b><span style=\"font-size: 15.008px\">: 74,1x36x114,4 cm,\u00a0<\/span><b style=\"font-size: 15.008px\">Rozmery \u0161upl\u00edka (\u0160xHxV)<\/b><span style=\"font-size: 15.008px\">: 72,6&#215;22 cm<br \/>\n<\/span>GARBO no\u010dn\u00fd stol\u00edk &#8211;\u00a0<b style=\"font-size: 15.008px\">Rozmery (\u0160xHxV)<\/b><span style=\"font-size: 15.008px\">: 37,6x36x42,7 cm<\/span><\/p>\n","protected":false},"excerpt":{"rendered":"<p>PRaktick\u00e9 komody a n\u010dn\u00fd stol\u00edk GARBO je vhodn\u00fd na zariadenie ob\u00fdvac\u00edch izieb, sp\u00e1lni \u010di \u0161tudentsk\u00fdch izieb. Je vyroben\u00fd z DTD laminovanej vo farebnom preveden\u00ed dub sonoma a biela. GARBO 3 &#8211;\u00a0Rozmery komody (\u0160xHxV): 74,1x36x69,9 cm,\u00a0Rozmery \u0161upl\u00edka (\u0160xHxV): 71&#215;22 cm GARBO 5 &#8211;\u00a0Rozmery komody (\u0160xHxV): 74,1x36x114,4 cm,\u00a0Rozmery \u0161upl\u00edka (\u0160xHxV): 72,6&#215;22 cm GARBO no\u010dn\u00fd stol\u00edk &#8211;\u00a0Rozmery (\u0160xHxV):&#8230;<\/p>\n","protected":false},"featured_media":70021,"comment_status":"closed","ping_status":"closed","template":"","meta":{"_seopress_robots_primary_cat":"224","_seopress_titles_title":"                                    ","_seopress_titles_desc":"                                    ","_seopress_robots_index":""},"product_brand":[],"product_cat":[224,222],"product_tag":[],"class_list":{"0":"post-70008","1":"product","2":"type-product","3":"status-publish","4":"has-post-thumbnail","6":"product_cat-nocne-stoliky","7":"product_cat-komody","8":"pa_farba-biela","9":"pa_farba-dub-sonoma","10":"pa_typ-produktu-garbo-3","11":"pa_typ-produktu-garbo-5","12":"pa_typ-produktu-garbo-nocny-stolik","14":"first","15":"onbackorder","16":"shipping-taxable","17":"purchasable","18":"product-type-variable"},"_links":{"self":[{"href":"https:\/\/nabytoklaguna.sk\/sk\/wp-json\/wp\/v2\/product\/70008","targetHints":{"allow":["GET"]}}],"collection":[{"href":"https:\/\/nabytoklaguna.sk\/sk\/wp-json\/wp\/v2\/product"}],"about":[{"href":"https:\/\/nabytoklaguna.sk\/sk\/wp-json\/wp\/v2\/types\/product"}],"replies":[{"embeddable":true,"href":"https:\/\/nabytoklaguna.sk\/sk\/wp-json\/wp\/v2\/comments?post=70008"}],"wp:featuredmedia":[{"embeddable":true,"href":"https:\/\/nabytoklaguna.sk\/sk\/wp-json\/wp\/v2\/media\/70021"}],"wp:attachment":[{"href":"https:\/\/nabytoklaguna.sk\/sk\/wp-json\/wp\/v2\/media?parent=70008"}],"wp:term":[{"taxonomy":"product_brand","embeddable":true,"href":"https:\/\/nabytoklaguna.sk\/sk\/wp-json\/wp\/v2\/product_brand?post=70008"},{"taxonomy":"product_cat","embeddable":true,"href":"https:\/\/nabytoklaguna.sk\/sk\/wp-json\/wp\/v2\/product_cat?post=70008"},{"taxonomy":"product_tag","embeddable":true,"href":"https:\/\/nabytoklaguna.sk\/sk\/wp-json\/wp\/v2\/product_tag?post=70008"}],"curies":[{"name":"wp","href":"https:\/\/api.w.org\/{rel}","templated":true}]}}