{"id":70026,"date":"2021-04-30T11:04:14","date_gmt":"2021-04-30T09:04:14","guid":{"rendered":"https:\/\/nabytoklaguna.sk\/sk\/?post_type=product&#038;p=70026"},"modified":"2025-04-30T10:37:13","modified_gmt":"2025-04-30T08:37:13","slug":"tempo-kondela-birgamo","status":"publish","type":"product","link":"https:\/\/nabytoklaguna.sk\/sk\/produkt\/tempo-kondela-birgamo\/","title":{"rendered":"K BIRGAMO"},"content":{"rendered":"<p>Modern\u00e1 skri\u0148a BIRGAMO v\u00e1s o\u010dar\u00ed kvalitou a farebn\u00fdm preveden\u00edm. Za pos\u00e1vac\u00edmi dverami n\u00e1jdete mno\u017estvo \u00falo\u017en\u00e9ho priestoru. Na \u013eavej strane n\u00e1jdete policov\u00fa \u010das\u0165, na pravej strane je ve\u0161iakov\u00e1 ty\u010d s jednou policou. Skri\u0148a je obohaten\u00e1 o zrkadlo v netradi\u010dnom tvare.<\/p>\n<ul>\n<li><b>Materi\u00e1l:<\/b>\u00a0DTD laminovan\u00e1\/zrkadlo<\/li>\n<li><b>Farba:\u00a0<\/b>dub sonoma, biela, tmavosiv\u00e1-grafit<\/li>\n<li><b>Rozmery (\u0160xHxV):<\/b>\u00a0205x63x215 cm<\/li>\n<li>S 2 pos\u00favac\u00edmi dverami<\/li>\n<li>Ve\u0161iakov\u00e1 ty\u010d<\/li>\n<li>Police<\/li>\n<li>So zrkadlom v netradi\u010dnom tvare<\/li>\n<li>Dod\u00e1van\u00e9 v demonte<\/li>\n<\/ul>\n","protected":false},"excerpt":{"rendered":"<p>Modern\u00e1 skri\u0148a BIRGAMO v\u00e1s o\u010dar\u00ed kvalitou a farebn\u00fdm preveden\u00edm. Za pos\u00e1vac\u00edmi dverami n\u00e1jdete mno\u017estvo \u00falo\u017en\u00e9ho priestoru. Na \u013eavej strane n\u00e1jdete policov\u00fa \u010das\u0165, na pravej strane je ve\u0161iakov\u00e1 ty\u010d s jednou policou. Skri\u0148a je obohaten\u00e1 o zrkadlo v netradi\u010dnom tvare. Materi\u00e1l:\u00a0DTD laminovan\u00e1\/zrkadlo Farba:\u00a0dub sonoma, biela, tmavosiv\u00e1-grafit Rozmery (\u0160xHxV):\u00a0205x63x215 cm S 2 pos\u00favac\u00edmi dverami Ve\u0161iakov\u00e1 ty\u010d Police&#8230;<\/p>\n","protected":false},"featured_media":102195,"comment_status":"closed","ping_status":"closed","template":"","meta":{"_seopress_robots_primary_cat":"225","_seopress_titles_title":"","_seopress_titles_desc":"","_seopress_robots_index":""},"product_brand":[],"product_cat":[1585,223,225],"product_tag":[],"class_list":{"0":"post-70026","1":"product","2":"type-product","3":"status-publish","4":"has-post-thumbnail","6":"product_cat-s-posuvnymi-dverami","7":"product_cat-spalne","8":"product_cat-skrine","9":"pa_farba-biela","10":"pa_farba-dub-sonoma","11":"pa_farba-tmavosiva-grafit","12":"pa_typ-produktu-typ-1","13":"pa_typ-produktu-typ-2","15":"first","16":"onbackorder","17":"shipping-taxable","18":"purchasable","19":"product-type-variable"},"_links":{"self":[{"href":"https:\/\/nabytoklaguna.sk\/sk\/wp-json\/wp\/v2\/product\/70026","targetHints":{"allow":["GET"]}}],"collection":[{"href":"https:\/\/nabytoklaguna.sk\/sk\/wp-json\/wp\/v2\/product"}],"about":[{"href":"https:\/\/nabytoklaguna.sk\/sk\/wp-json\/wp\/v2\/types\/product"}],"replies":[{"embeddable":true,"href":"https:\/\/nabytoklaguna.sk\/sk\/wp-json\/wp\/v2\/comments?post=70026"}],"wp:featuredmedia":[{"embeddable":true,"href":"https:\/\/nabytoklaguna.sk\/sk\/wp-json\/wp\/v2\/media\/102195"}],"wp:attachment":[{"href":"https:\/\/nabytoklaguna.sk\/sk\/wp-json\/wp\/v2\/media?parent=70026"}],"wp:term":[{"taxonomy":"product_brand","embeddable":true,"href":"https:\/\/nabytoklaguna.sk\/sk\/wp-json\/wp\/v2\/product_brand?post=70026"},{"taxonomy":"product_cat","embeddable":true,"href":"https:\/\/nabytoklaguna.sk\/sk\/wp-json\/wp\/v2\/product_cat?post=70026"},{"taxonomy":"product_tag","embeddable":true,"href":"https:\/\/nabytoklaguna.sk\/sk\/wp-json\/wp\/v2\/product_tag?post=70026"}],"curies":[{"name":"wp","href":"https:\/\/api.w.org\/{rel}","templated":true}]}}