{"id":70055,"date":"2021-04-30T11:04:14","date_gmt":"2021-04-30T09:04:14","guid":{"rendered":"https:\/\/nabytoklaguna.sk\/sk\/?post_type=product&#038;p=70055"},"modified":"2026-01-07T11:08:15","modified_gmt":"2026-01-07T10:08:15","slug":"k-gwen-70429","status":"publish","type":"product","link":"https:\/\/nabytoklaguna.sk\/sk\/produkt\/k-gwen-70429\/","title":{"rendered":"K GWEN 70429"},"content":{"rendered":"<p>\u0160atn\u00edkov\u00e1 skri\u0148a GWEN je vo farebnom preveden\u00ed biela s extra vysok\u00fdm leskom alebo dub sonoma. Skri\u0148a je vyroben\u00e1 z DTD f\u00f3liovanej. Za otv\u00e1rac\u00edmi dvierkami n\u00e1jdete dostatok \u00falo\u017en\u00e9ho priestoru v podobe 3 \u0161upl\u00edkov, ve\u0161iakovej \u010dasti a \u010dasti s policami.<\/p>\n<ul>\n<li><b>Materi\u00e1l:<\/b>\u00a0DTD f\u00f3liovan\u00e1<\/li>\n<li><b>Farba:<\/b>\u00a0biela vysok\u00fd lesk, dub sonoma<\/li>\n<li><b>Rozmery (\u0160xHxV):<\/b>\u00a0154&#215;49,5&#215;200,4 cm<\/li>\n<li><b>Extra vysok\u00fd lesk HG<\/b><\/li>\n<li>4-dverov\u00e1<\/li>\n<li>2 \u010dasti s policov\u00fdm \u00falo\u017en\u00fdm priestorom<\/li>\n<li>Stredn\u00e1 \u010das\u0165 s ve\u0161iakovou ty\u010dou a jednou policou<\/li>\n<li>3 \u0161upl\u00edky<\/li>\n<li>S \u00fachytkami<\/li>\n<li>S policami<\/li>\n<li>Dod\u00e1van\u00e9 v demonte<\/li>\n<\/ul>\n","protected":false},"excerpt":{"rendered":"<p>\u0160atn\u00edkov\u00e1 skri\u0148a GWEN je vo farebnom preveden\u00ed biela s extra vysok\u00fdm leskom alebo dub sonoma. Skri\u0148a je vyroben\u00e1 z DTD f\u00f3liovanej. Za otv\u00e1rac\u00edmi dvierkami n\u00e1jdete dostatok \u00falo\u017en\u00e9ho priestoru v podobe 3 \u0161upl\u00edkov, ve\u0161iakovej \u010dasti a \u010dasti s policami. Materi\u00e1l:\u00a0DTD f\u00f3liovan\u00e1 Farba:\u00a0biela vysok\u00fd lesk, dub sonoma Rozmery (\u0160xHxV):\u00a0154&#215;49,5&#215;200,4 cm Extra vysok\u00fd lesk HG 4-dverov\u00e1 2 \u010dasti&#8230;<\/p>\n","protected":false},"featured_media":70060,"comment_status":"closed","ping_status":"closed","template":"","meta":{"_seopress_robots_primary_cat":"225","_seopress_titles_title":"","_seopress_titles_desc":"","_seopress_robots_index":""},"product_brand":[],"product_cat":[225,1586],"product_tag":[],"class_list":{"0":"post-70055","1":"product","2":"type-product","3":"status-publish","4":"has-post-thumbnail","6":"product_cat-skrine","7":"product_cat-klasicky-otvaracie","8":"pa_farba-biela-vysoky-lesk","9":"pa_farba-dub-sonoma","11":"first","12":"onbackorder","13":"shipping-taxable","14":"purchasable","15":"product-type-variable"},"_links":{"self":[{"href":"https:\/\/nabytoklaguna.sk\/sk\/wp-json\/wp\/v2\/product\/70055","targetHints":{"allow":["GET"]}}],"collection":[{"href":"https:\/\/nabytoklaguna.sk\/sk\/wp-json\/wp\/v2\/product"}],"about":[{"href":"https:\/\/nabytoklaguna.sk\/sk\/wp-json\/wp\/v2\/types\/product"}],"replies":[{"embeddable":true,"href":"https:\/\/nabytoklaguna.sk\/sk\/wp-json\/wp\/v2\/comments?post=70055"}],"wp:featuredmedia":[{"embeddable":true,"href":"https:\/\/nabytoklaguna.sk\/sk\/wp-json\/wp\/v2\/media\/70060"}],"wp:attachment":[{"href":"https:\/\/nabytoklaguna.sk\/sk\/wp-json\/wp\/v2\/media?parent=70055"}],"wp:term":[{"taxonomy":"product_brand","embeddable":true,"href":"https:\/\/nabytoklaguna.sk\/sk\/wp-json\/wp\/v2\/product_brand?post=70055"},{"taxonomy":"product_cat","embeddable":true,"href":"https:\/\/nabytoklaguna.sk\/sk\/wp-json\/wp\/v2\/product_cat?post=70055"},{"taxonomy":"product_tag","embeddable":true,"href":"https:\/\/nabytoklaguna.sk\/sk\/wp-json\/wp\/v2\/product_tag?post=70055"}],"curies":[{"name":"wp","href":"https:\/\/api.w.org\/{rel}","templated":true}]}}