{"id":70062,"date":"2021-04-30T11:04:14","date_gmt":"2021-04-30T09:04:14","guid":{"rendered":"https:\/\/nabytoklaguna.sk\/sk\/?post_type=product&#038;p=70062"},"modified":"2026-01-07T10:04:46","modified_gmt":"2026-01-07T09:04:46","slug":"k-gwen-70425","status":"publish","type":"product","link":"https:\/\/nabytoklaguna.sk\/sk\/produkt\/k-gwen-70425\/","title":{"rendered":"K GWEN 70425"},"content":{"rendered":"<p>Modern\u00e1 skri\u0148a GWEN sa ur\u010dite hod\u00ed do v\u00e1\u0161ho interi\u00e9ru. Je vyroben\u00e1 z DTD f\u00f3liovanej. Za otv\u00e1rac\u00edmi dvierkami n\u00e1jdete dostatok \u00falo\u017en\u00e9ho priestoru v podobe 3 \u0161upl\u00edkov, ve\u0161iakovej \u010dasti a \u010dasti s policami.<\/p>\n<ul>\n<li><b>Materi\u00e1l:<\/b>\u00a0DTD f\u00f3liovan\u00e1<\/li>\n<li><b>Farba:<\/b>\u00a0biela, dub sonoma, biela vysok\u00fd lesk<\/li>\n<li><b>Rozmery (\u0160xHxV):<\/b>\u00a077,6&#215;49,5&#215;200,4 cm<\/li>\n<li>2-dverov\u00e1<\/li>\n<li>3 police na pravej strane<\/li>\n<li>Ve\u0161iakov\u00e1 \u010das\u0165 s ty\u010dou a jednou policou<\/li>\n<li>3 \u0161upl\u00edky<\/li>\n<li>S \u00fachytkami<\/li>\n<li>Dod\u00e1van\u00e9 v demonte<\/li>\n<\/ul>\n","protected":false},"excerpt":{"rendered":"<p>Modern\u00e1 skri\u0148a GWEN sa ur\u010dite hod\u00ed do v\u00e1\u0161ho interi\u00e9ru. Je vyroben\u00e1 z DTD f\u00f3liovanej. Za otv\u00e1rac\u00edmi dvierkami n\u00e1jdete dostatok \u00falo\u017en\u00e9ho priestoru v podobe 3 \u0161upl\u00edkov, ve\u0161iakovej \u010dasti a \u010dasti s policami. Materi\u00e1l:\u00a0DTD f\u00f3liovan\u00e1 Farba:\u00a0biela, dub sonoma, biela vysok\u00fd lesk Rozmery (\u0160xHxV):\u00a077,6&#215;49,5&#215;200,4 cm 2-dverov\u00e1 3 police na pravej strane Ve\u0161iakov\u00e1 \u010das\u0165 s ty\u010dou a jednou policou&#8230;<\/p>\n","protected":false},"featured_media":70067,"comment_status":"closed","ping_status":"closed","template":"","meta":{"_seopress_robots_primary_cat":"225","_seopress_titles_title":"","_seopress_titles_desc":"","_seopress_robots_index":""},"product_brand":[],"product_cat":[225,1586],"product_tag":[],"class_list":{"0":"post-70062","1":"product","2":"type-product","3":"status-publish","4":"has-post-thumbnail","6":"product_cat-skrine","7":"product_cat-klasicky-otvaracie","8":"pa_farba-biela","9":"pa_farba-biela-vysoky-lesk","10":"pa_farba-dub-sonoma","12":"first","13":"onbackorder","14":"shipping-taxable","15":"purchasable","16":"product-type-variable"},"_links":{"self":[{"href":"https:\/\/nabytoklaguna.sk\/sk\/wp-json\/wp\/v2\/product\/70062","targetHints":{"allow":["GET"]}}],"collection":[{"href":"https:\/\/nabytoklaguna.sk\/sk\/wp-json\/wp\/v2\/product"}],"about":[{"href":"https:\/\/nabytoklaguna.sk\/sk\/wp-json\/wp\/v2\/types\/product"}],"replies":[{"embeddable":true,"href":"https:\/\/nabytoklaguna.sk\/sk\/wp-json\/wp\/v2\/comments?post=70062"}],"wp:featuredmedia":[{"embeddable":true,"href":"https:\/\/nabytoklaguna.sk\/sk\/wp-json\/wp\/v2\/media\/70067"}],"wp:attachment":[{"href":"https:\/\/nabytoklaguna.sk\/sk\/wp-json\/wp\/v2\/media?parent=70062"}],"wp:term":[{"taxonomy":"product_brand","embeddable":true,"href":"https:\/\/nabytoklaguna.sk\/sk\/wp-json\/wp\/v2\/product_brand?post=70062"},{"taxonomy":"product_cat","embeddable":true,"href":"https:\/\/nabytoklaguna.sk\/sk\/wp-json\/wp\/v2\/product_cat?post=70062"},{"taxonomy":"product_tag","embeddable":true,"href":"https:\/\/nabytoklaguna.sk\/sk\/wp-json\/wp\/v2\/product_tag?post=70062"}],"curies":[{"name":"wp","href":"https:\/\/api.w.org\/{rel}","templated":true}]}}