{"id":70082,"date":"2021-04-30T11:04:14","date_gmt":"2021-04-30T09:04:14","guid":{"rendered":"https:\/\/nabytoklaguna.sk\/sk\/?post_type=product&#038;p=70082"},"modified":"2025-01-27T14:52:09","modified_gmt":"2025-01-27T13:52:09","slug":"tempo-kondela-betty-4","status":"publish","type":"product","link":"https:\/\/nabytoklaguna.sk\/sk\/produkt\/tempo-kondela-betty-4\/","title":{"rendered":"TK BETTY"},"content":{"rendered":"<p>Univerz\u00e1lna sektorov\u00e1 zostava vhodn\u00e1 na zariadenie sp\u00e1ln\u00ed, detsk\u00fdch izieb, \u0161tudentsk\u00fdch izieb \u010di \u0161atn\u00edkov. Vyroben\u00e1 z DTD laminovanej vo farebnom preveden\u00ed dub sonoma alebo buk.<\/p>\n<p>Police 008 s\u00fa vhodn\u00e9 do skrine 002, Police 007 s\u00fa vhodn\u00e9 do skrine 001 a 010, Police 006 s\u00fa vhodn\u00e9 do skrine 003<\/p>\n<p>BE04-001-00 &#8211;\u00a0<b style=\"font-size: 15.008px;\">Rozmery (\u0160xHxV):<\/b><span style=\"font-size: 15.008px;\">\u00a090,2&#215;58,2&#215;180 cm<br \/>\n<\/span>BE04-002-00 &#8211;\u00a0<b style=\"font-size: 15.008px;\">Rozmery (\u0160xHxV):<\/b><span style=\"font-size: 15.008px;\">\u00a090,2&#215;58,2&#215;180 cm<br \/>\n<\/span>BE04-003-00 &#8211;\u00a0<b style=\"font-size: 15.008px;\">Rozmery (\u0160xHxV):<\/b><span style=\"font-size: 15.008px;\">\u00a090,2&#215;42,2&#215;180 cm<br \/>\n<\/span>BE04-010-00 &#8211;\u00a0<b style=\"font-size: 15.008px;\">Rozmery (\u0160xHxV):<\/b><span style=\"font-size: 15.008px;\">\u00a0133,7&#215;58,4&#215;240 cm<br \/>\n<\/span>BE04-008-00 &#8211;\u00a0<b style=\"font-size: 15.008px;\">Rozmery (\u0160xHxV):<\/b><span style=\"font-size: 15.008px;\">\u00a042,6&#215;48,5&#215;1,6 cm<br \/>\n<\/span>BE04-007-00 &#8211;\u00a0<b style=\"font-size: 15.008px;\">Rozmery (\u0160xHxV):<\/b><span style=\"font-size: 15.008px;\">\u00a086,7&#215;48,5&#215;1,6 cm<br \/>\n<\/span>BE04-006-00 &#8211;\u00a0<b style=\"font-size: 15.008px;\">Rozmery (\u0160xHxV):<\/b><span style=\"font-size: 15.008px;\">\u00a049,9&#215;32,5&#215;1,6 cm<br \/>\n<\/span>BE04-011-00 &#8211;\u00a0<b style=\"font-size: 15.008px;\">Rozmery (\u0160xHxV):\u00a0<\/b><span style=\"font-size: 15.008px;\">45&#215;42,2&#215;180 cm<br \/>\n<\/span>BE04-014-00 &#8211;\u00a0<b style=\"font-size: 15.008px;\">Rozmery (\u0160xHxV):\u00a0<\/b><span style=\"font-size: 15.008px;\">45&#215;42,2&#215;180 cm<br \/>\n<\/span>BE04-013-00 &#8211;\u00a0<b style=\"font-size: 15.008px;\">Rozmery (\u0160xHxV):\u00a0<\/b><span style=\"font-size: 15.008px;\">80x39x93,3 cm<br \/>\n<\/span>BE04-009-00 &#8211; <strong>R<\/strong><b style=\"font-size: 15.008px;\">ozmery (\u0160xHxV):\u00a0<\/b><span style=\"font-size: 15.008px;\">80x39x93,3 cm<br \/>\n<\/span>BE04-012-00 &#8211;\u00a0<b style=\"font-size: 15.008px;\">Rozmery (\u0160xHxV):\u00a0<\/b><span style=\"font-size: 15.008px;\">45&#215;42,2&#215;60 cm<br \/>\n<\/span>BE04-004-00 &#8211;\u00a0<b style=\"font-size: 15.008px;\">Rozmery (\u0160xHxV):\u00a0<\/b><span style=\"font-size: 15.008px;\">90,2&#215;58,2&#215;60 cm<br \/>\n<\/span>BE04-005-00 &#8211;\u00a0<b style=\"font-size: 15.008px;\">Rozmery (\u0160xHxV):\u00a0<\/b><span style=\"font-size: 15.008px;\">90,2&#215;42,2&#215;60 cm<\/span><\/p>\n","protected":false},"excerpt":{"rendered":"<p>Univerz\u00e1lna sektorov\u00e1 zostava vhodn\u00e1 na zariadenie sp\u00e1ln\u00ed, detsk\u00fdch izieb, \u0161tudentsk\u00fdch izieb \u010di \u0161atn\u00edkov. Vyroben\u00e1 z DTD laminovanej vo farebnom preveden\u00ed dub sonoma alebo buk. Police 008 s\u00fa vhodn\u00e9 do skrine 002, Police 007 s\u00fa vhodn\u00e9 do skrine 001 a 010, Police 006 s\u00fa vhodn\u00e9 do skrine 003 BE04-001-00 &#8211;\u00a0Rozmery (\u0160xHxV):\u00a090,2&#215;58,2&#215;180 cm BE04-002-00 &#8211;\u00a0Rozmery (\u0160xHxV):\u00a090,2&#215;58,2&#215;180 cm&#8230;<\/p>\n","protected":false},"featured_media":70142,"comment_status":"closed","ping_status":"closed","template":"","meta":{"_seopress_robots_primary_cat":"none","_seopress_titles_title":"                                    ","_seopress_titles_desc":"                                    ","_seopress_robots_index":""},"product_brand":[],"product_cat":[1585,225,222],"product_tag":[],"class_list":{"0":"post-70082","1":"product","2":"type-product","3":"status-publish","4":"has-post-thumbnail","6":"product_cat-s-posuvnymi-dverami","7":"product_cat-skrine","8":"product_cat-komody","9":"pa_farba-buk","10":"pa_farba-dub-sonoma","11":"pa_typ-produktu-001-skrina-2d","12":"pa_typ-produktu-002-skrina-2d","13":"pa_typ-produktu-003-skrina-2d-plytka","14":"pa_typ-produktu-004-nadstavec-2d","15":"pa_typ-produktu-005-nadstavec-2d-plytky","16":"pa_typ-produktu-006-police-4ks","17":"pa_typ-produktu-007-police-3ks","18":"pa_typ-produktu-008-police-4ks","19":"pa_typ-produktu-009-komoda","20":"pa_typ-produktu-010-skina-2d-s-nadstavcom","21":"pa_typ-produktu-011-regal-policovy-2z","22":"pa_typ-produktu-012-nadstavec-na-regal","23":"pa_typ-produktu-013-komoda-2z","24":"pa_typ-produktu-014-regal-policovy","26":"first","27":"onbackorder","28":"shipping-taxable","29":"purchasable","30":"product-type-variable"},"_links":{"self":[{"href":"https:\/\/nabytoklaguna.sk\/sk\/wp-json\/wp\/v2\/product\/70082","targetHints":{"allow":["GET"]}}],"collection":[{"href":"https:\/\/nabytoklaguna.sk\/sk\/wp-json\/wp\/v2\/product"}],"about":[{"href":"https:\/\/nabytoklaguna.sk\/sk\/wp-json\/wp\/v2\/types\/product"}],"replies":[{"embeddable":true,"href":"https:\/\/nabytoklaguna.sk\/sk\/wp-json\/wp\/v2\/comments?post=70082"}],"wp:featuredmedia":[{"embeddable":true,"href":"https:\/\/nabytoklaguna.sk\/sk\/wp-json\/wp\/v2\/media\/70142"}],"wp:attachment":[{"href":"https:\/\/nabytoklaguna.sk\/sk\/wp-json\/wp\/v2\/media?parent=70082"}],"wp:term":[{"taxonomy":"product_brand","embeddable":true,"href":"https:\/\/nabytoklaguna.sk\/sk\/wp-json\/wp\/v2\/product_brand?post=70082"},{"taxonomy":"product_cat","embeddable":true,"href":"https:\/\/nabytoklaguna.sk\/sk\/wp-json\/wp\/v2\/product_cat?post=70082"},{"taxonomy":"product_tag","embeddable":true,"href":"https:\/\/nabytoklaguna.sk\/sk\/wp-json\/wp\/v2\/product_tag?post=70082"}],"curies":[{"name":"wp","href":"https:\/\/api.w.org\/{rel}","templated":true}]}}