{"id":70246,"date":"2021-04-30T11:04:14","date_gmt":"2021-04-30T09:04:14","guid":{"rendered":"https:\/\/nabytoklaguna.sk\/sk\/?post_type=product&#038;p=70246"},"modified":"2025-04-30T11:44:41","modified_gmt":"2025-04-30T09:44:41","slug":"tempo-kondela-merina","status":"publish","type":"product","link":"https:\/\/nabytoklaguna.sk\/sk\/produkt\/tempo-kondela-merina\/","title":{"rendered":"K MERINA"},"content":{"rendered":"<p>Dvojdverov\u00e1 alebo trojdverov\u00e1 skri\u0148a MERINA s pos\u00favac\u00edmi dverami. Skri\u0148a je vyroben\u00e1 z kvalitnej DTD laminovanej vo farebnom preveden\u00ed biela s \u010diernymi doplnkami alebo dub sonoma so siv\u00fdmi doplnkami. za dverami n\u00e1jdete police, ve\u0161iakov\u00fa ty\u010d a \u0161upl\u00edky.<\/p>\n<ul>\n<li><b>Materi\u00e1l:<\/b>\u00a0DTD laminovan\u00e1<\/li>\n<li><b>Farba:<\/b>\u00a0\u010dierna\/biela, siv\u00e1\/dub sonoma<\/li>\n<li><b>Rozmery (\u0160xHxV):<\/b>\u00a0150x60x215 cm<\/li>\n<li><b>Rozmery (\u0160xHxV):<\/b>\u00a0203x60x215 cm<\/li>\n<li><b>Rozmery (\u0160xHxV):<\/b>\u00a0250x60x215 cm<\/li>\n<li>S dvomi alebo tromi pos\u00favac\u00edmi dverami<\/li>\n<li>Ve\u0161iakov\u00e1 ty\u010d<\/li>\n<li>Policov\u00e1 \u010das\u0165<\/li>\n<li>Dva \u0161upl\u00edky<\/li>\n<li>Dod\u00e1van\u00e9 v demonte<\/li>\n<\/ul>\n","protected":false},"excerpt":{"rendered":"<p>Dvojdverov\u00e1 alebo trojdverov\u00e1 skri\u0148a MERINA s pos\u00favac\u00edmi dverami. Skri\u0148a je vyroben\u00e1 z kvalitnej DTD laminovanej vo farebnom preveden\u00ed biela s \u010diernymi doplnkami alebo dub sonoma so siv\u00fdmi doplnkami. za dverami n\u00e1jdete police, ve\u0161iakov\u00fa ty\u010d a \u0161upl\u00edky. Materi\u00e1l:\u00a0DTD laminovan\u00e1 Farba:\u00a0\u010dierna\/biela, siv\u00e1\/dub sonoma Rozmery (\u0160xHxV):\u00a0150x60x215 cm Rozmery (\u0160xHxV):\u00a0203x60x215 cm Rozmery (\u0160xHxV):\u00a0250x60x215 cm S dvomi alebo tromi pos\u00favac\u00edmi&#8230;<\/p>\n","protected":false},"featured_media":70255,"comment_status":"closed","ping_status":"closed","template":"","meta":{"_seopress_robots_primary_cat":"225","_seopress_titles_title":"","_seopress_titles_desc":"","_seopress_robots_index":""},"product_brand":[],"product_cat":[1585,225],"product_tag":[],"class_list":{"0":"post-70246","1":"product","2":"type-product","3":"status-publish","4":"has-post-thumbnail","6":"product_cat-s-posuvnymi-dverami","7":"product_cat-skrine","8":"pa_farba-biela","9":"pa_farba-dub-sonoma","11":"first","12":"onbackorder","13":"shipping-taxable","14":"purchasable","15":"product-type-variable"},"_links":{"self":[{"href":"https:\/\/nabytoklaguna.sk\/sk\/wp-json\/wp\/v2\/product\/70246","targetHints":{"allow":["GET"]}}],"collection":[{"href":"https:\/\/nabytoklaguna.sk\/sk\/wp-json\/wp\/v2\/product"}],"about":[{"href":"https:\/\/nabytoklaguna.sk\/sk\/wp-json\/wp\/v2\/types\/product"}],"replies":[{"embeddable":true,"href":"https:\/\/nabytoklaguna.sk\/sk\/wp-json\/wp\/v2\/comments?post=70246"}],"wp:featuredmedia":[{"embeddable":true,"href":"https:\/\/nabytoklaguna.sk\/sk\/wp-json\/wp\/v2\/media\/70255"}],"wp:attachment":[{"href":"https:\/\/nabytoklaguna.sk\/sk\/wp-json\/wp\/v2\/media?parent=70246"}],"wp:term":[{"taxonomy":"product_brand","embeddable":true,"href":"https:\/\/nabytoklaguna.sk\/sk\/wp-json\/wp\/v2\/product_brand?post=70246"},{"taxonomy":"product_cat","embeddable":true,"href":"https:\/\/nabytoklaguna.sk\/sk\/wp-json\/wp\/v2\/product_cat?post=70246"},{"taxonomy":"product_tag","embeddable":true,"href":"https:\/\/nabytoklaguna.sk\/sk\/wp-json\/wp\/v2\/product_tag?post=70246"}],"curies":[{"name":"wp","href":"https:\/\/api.w.org\/{rel}","templated":true}]}}