{"id":70322,"date":"2021-04-30T11:04:14","date_gmt":"2021-04-30T09:04:14","guid":{"rendered":"https:\/\/nabytoklaguna.sk\/sk\/?post_type=product&#038;p=70322"},"modified":"2025-11-15T09:48:13","modified_gmt":"2025-11-15T08:48:13","slug":"k-hany-komody","status":"publish","type":"product","link":"https:\/\/nabytoklaguna.sk\/sk\/produkt\/k-hany-komody\/","title":{"rendered":"K HANY KOMODY"},"content":{"rendered":"<p>Komoda sa pova\u017euje za variabiln\u00fd kus n\u00e1bytku, ktor\u00fd vyu\u017eijete kdeko\u013evek vo svojej dom\u00e1cnosti. Komody\u00a0 HANY v troch farebn\u00fdch prevedeniach, biela, buk, dub sonoma\u00a0 s\u00fa vyroben\u00e9 z DTD laminovanej. Mo\u017enos\u0165 v\u00fdberu z r\u00f4znych rozmerov.<\/p>\n<p>HANY 002 &#8211;\u00a0<b style=\"font-size: 15.008px;\">Rozmery (\u0160xHxV):<\/b><span style=\"font-size: 15.008px;\">\u00a041&#215;41,6&#215;40,4 cm<br \/>\n<\/span>HANY 003 &#8211;\u00a0<b style=\"font-size: 15.008px;\">Rozmery (\u0160xHxV):<\/b><span style=\"font-size: 15.008px;\">\u00a090x49x73,5 cm<br \/>\n<\/span>HANY 004 &#8211;\u00a0<b style=\"font-size: 15.008px;\">Rozmery (\u0160xHxV):<\/b><span style=\"font-size: 15.008px;\">\u00a090x49x95,4 cm<br \/>\n<\/span>HANY 005 &#8211;\u00a0<b style=\"font-size: 15.008px;\">Rozmery (\u0160xHxV):<\/b><span style=\"font-size: 15.008px;\">\u00a090x49x117,3 cm<br \/>\n<\/span>HANY 007 &#8211;\u00a0<b style=\"font-size: 15.008px;\">Rozmery (\u0160xHxV):<\/b><span style=\"font-size: 15.008px;\">\u00a090x49x95,4 cm<br \/>\n<\/span>HANY 008 &#8211;\u00a0<b style=\"font-size: 15.008px;\">Rozmery (\u0160xHxV):<\/b><span style=\"font-size: 15.008px;\">\u00a090x49x73,5 cm<br \/>\n<\/span>HANY 009 &#8211;\u00a0<b style=\"font-size: 15.008px;\">Rozmery (\u0160xHxV):<\/b><span style=\"font-size: 15.008px;\">\u00a045,2x49x95,4 cm<br \/>\n<\/span>HANY 010 &#8211;\u00a0<b style=\"font-size: 15.008px;\">Rozmery (\u0160xHxV):<\/b><span style=\"font-size: 15.008px;\">\u00a0133,6x49x95,4 cm<br \/>\n<\/span>HANY 014 &#8211;\u00a0<b style=\"font-size: 15.008px;\">Rozmery (\u0160xHxV):<\/b><span style=\"font-size: 15.008px;\">\u00a060x49x95,4 cm<br \/>\n<\/span><\/p>\n","protected":false},"excerpt":{"rendered":"<p>Komoda sa pova\u017euje za variabiln\u00fd kus n\u00e1bytku, ktor\u00fd vyu\u017eijete kdeko\u013evek vo svojej dom\u00e1cnosti. Komody\u00a0 HANY v troch farebn\u00fdch prevedeniach, biela, buk, dub sonoma\u00a0 s\u00fa vyroben\u00e9 z DTD laminovanej. Mo\u017enos\u0165 v\u00fdberu z r\u00f4znych rozmerov. HANY 002 &#8211;\u00a0Rozmery (\u0160xHxV):\u00a041&#215;41,6&#215;40,4 cm HANY 003 &#8211;\u00a0Rozmery (\u0160xHxV):\u00a090x49x73,5 cm HANY 004 &#8211;\u00a0Rozmery (\u0160xHxV):\u00a090x49x95,4 cm HANY 005 &#8211;\u00a0Rozmery (\u0160xHxV):\u00a090x49x117,3 cm HANY 007&#8230;<\/p>\n","protected":false},"featured_media":70395,"comment_status":"closed","ping_status":"closed","template":"","meta":{"_seopress_robots_primary_cat":"224","_seopress_titles_title":"","_seopress_titles_desc":"","_seopress_robots_index":""},"product_brand":[],"product_cat":[224,222],"product_tag":[],"class_list":{"0":"post-70322","1":"product","2":"type-product","3":"status-publish","4":"has-post-thumbnail","6":"product_cat-nocne-stoliky","7":"product_cat-komody","8":"pa_farba-biela","9":"pa_farba-dub-sonoma","10":"pa_typ-produktu-hany-002-nocny-stolik","11":"pa_typ-produktu-hany-003","12":"pa_typ-produktu-hany-004","13":"pa_typ-produktu-hany-005","14":"pa_typ-produktu-hany-007","15":"pa_typ-produktu-hany-008","16":"pa_typ-produktu-hany-009","17":"pa_typ-produktu-hany-010","18":"pa_typ-produktu-hany-014","20":"first","21":"onbackorder","22":"shipping-taxable","23":"purchasable","24":"product-type-variable"},"_links":{"self":[{"href":"https:\/\/nabytoklaguna.sk\/sk\/wp-json\/wp\/v2\/product\/70322","targetHints":{"allow":["GET"]}}],"collection":[{"href":"https:\/\/nabytoklaguna.sk\/sk\/wp-json\/wp\/v2\/product"}],"about":[{"href":"https:\/\/nabytoklaguna.sk\/sk\/wp-json\/wp\/v2\/types\/product"}],"replies":[{"embeddable":true,"href":"https:\/\/nabytoklaguna.sk\/sk\/wp-json\/wp\/v2\/comments?post=70322"}],"wp:featuredmedia":[{"embeddable":true,"href":"https:\/\/nabytoklaguna.sk\/sk\/wp-json\/wp\/v2\/media\/70395"}],"wp:attachment":[{"href":"https:\/\/nabytoklaguna.sk\/sk\/wp-json\/wp\/v2\/media?parent=70322"}],"wp:term":[{"taxonomy":"product_brand","embeddable":true,"href":"https:\/\/nabytoklaguna.sk\/sk\/wp-json\/wp\/v2\/product_brand?post=70322"},{"taxonomy":"product_cat","embeddable":true,"href":"https:\/\/nabytoklaguna.sk\/sk\/wp-json\/wp\/v2\/product_cat?post=70322"},{"taxonomy":"product_tag","embeddable":true,"href":"https:\/\/nabytoklaguna.sk\/sk\/wp-json\/wp\/v2\/product_tag?post=70322"}],"curies":[{"name":"wp","href":"https:\/\/api.w.org\/{rel}","templated":true}]}}