{"id":70518,"date":"2021-04-30T11:04:14","date_gmt":"2021-04-30T09:04:14","guid":{"rendered":"https:\/\/nabytoklaguna.sk\/sk\/?post_type=product&#038;p=70518"},"modified":"2024-03-14T13:39:56","modified_gmt":"2024-03-14T12:39:56","slug":"tempo-kondela-logan-new","status":"publish","type":"product","link":"https:\/\/nabytoklaguna.sk\/sk\/produkt\/tempo-kondela-logan-new\/","title":{"rendered":"TK LOGAN NEW"},"content":{"rendered":"<p>Mno\u017estva \u00falo\u017en\u00e9ho miesta z\u00edskate pomocou kom\u00f4d LOGAN NEW 02, 03. Vyroben\u00fd z DTD laminovanej v dvoch farebn\u00fdch prevedeniach, dub sonoma alebo biela.<\/p>\n<p>Mo\u017enos\u0165 v\u00fdberu z dvoch rozmerov.<\/p>\n<ul>\n<li><b>Materi\u00e1l:<\/b>\u00a0laminovan\u00e1 DTD<\/li>\n<li><b>Farba:<\/b>\u00a0dub sonoma, biela<\/li>\n<li><b>Rozmery GP 02 (\u0160xHxV):<\/b>\u00a092x40x93,6 cm<\/li>\n<li><b>Rozmery GP 03 (\u0160xHxV):<\/b>\u00a0137,6x40x93,6 cm<\/li>\n<li><b>Rozmery \u0161upl\u00edka GP 03 (\u0160xV):<\/b>\u00a045,3&#215;25,8 cm<\/li>\n<li><b>Rozmery dvierok GP 03 (\u0160xV):<\/b>\u00a045,3&#215;83,5 cm<\/li>\n<li><b>Maxim\u00e1lna nosnos\u0165 vrchnej dosky komody:<\/b>\u00a020 kg<\/li>\n<li><b>Maxim\u00e1lna nosnos\u0165 vn\u00fatornej police:<\/b>\u00a05 kg<\/li>\n<li><b>Maxim\u00e1lna nosnos\u0165 \u0161upl\u00edka:<\/b>\u00a05 kg<\/li>\n<li>Dvojdverov\u00e1<\/li>\n<li>\u0160upl\u00edk<\/li>\n<li><b>Kvalitn\u00fd slovensk\u00fd v\u00fdrobok<\/b>.<\/li>\n<li>Dod\u00e1van\u00e9 v demonte<\/li>\n<\/ul>\n","protected":false},"excerpt":{"rendered":"<p>Mno\u017estva \u00falo\u017en\u00e9ho miesta z\u00edskate pomocou kom\u00f4d LOGAN NEW 02, 03. Vyroben\u00fd z DTD laminovanej v dvoch farebn\u00fdch prevedeniach, dub sonoma alebo biela. Mo\u017enos\u0165 v\u00fdberu z dvoch rozmerov. Materi\u00e1l:\u00a0laminovan\u00e1 DTD Farba:\u00a0dub sonoma, biela Rozmery GP 02 (\u0160xHxV):\u00a092x40x93,6 cm Rozmery GP 03 (\u0160xHxV):\u00a0137,6x40x93,6 cm Rozmery \u0161upl\u00edka GP 03 (\u0160xV):\u00a045,3&#215;25,8 cm Rozmery dvierok GP 03 (\u0160xV):\u00a045,3&#215;83,5 cm Maxim\u00e1lna&#8230;<\/p>\n","protected":false},"featured_media":70525,"comment_status":"closed","ping_status":"closed","template":"","meta":{"_seopress_robots_primary_cat":"222","_seopress_titles_title":"                                    ","_seopress_titles_desc":"                                    ","_seopress_robots_index":""},"product_brand":[],"product_cat":[222],"product_tag":[],"class_list":{"0":"post-70518","1":"product","2":"type-product","3":"status-publish","4":"has-post-thumbnail","6":"product_cat-komody","7":"pa_farba-biela","8":"pa_farba-dub-sonoma","9":"pa_typ-produktu-komoda-gp-02","10":"pa_typ-produktu-komoda-gp-03","12":"first","13":"onbackorder","14":"shipping-taxable","15":"purchasable","16":"product-type-variable"},"_links":{"self":[{"href":"https:\/\/nabytoklaguna.sk\/sk\/wp-json\/wp\/v2\/product\/70518","targetHints":{"allow":["GET"]}}],"collection":[{"href":"https:\/\/nabytoklaguna.sk\/sk\/wp-json\/wp\/v2\/product"}],"about":[{"href":"https:\/\/nabytoklaguna.sk\/sk\/wp-json\/wp\/v2\/types\/product"}],"replies":[{"embeddable":true,"href":"https:\/\/nabytoklaguna.sk\/sk\/wp-json\/wp\/v2\/comments?post=70518"}],"wp:featuredmedia":[{"embeddable":true,"href":"https:\/\/nabytoklaguna.sk\/sk\/wp-json\/wp\/v2\/media\/70525"}],"wp:attachment":[{"href":"https:\/\/nabytoklaguna.sk\/sk\/wp-json\/wp\/v2\/media?parent=70518"}],"wp:term":[{"taxonomy":"product_brand","embeddable":true,"href":"https:\/\/nabytoklaguna.sk\/sk\/wp-json\/wp\/v2\/product_brand?post=70518"},{"taxonomy":"product_cat","embeddable":true,"href":"https:\/\/nabytoklaguna.sk\/sk\/wp-json\/wp\/v2\/product_cat?post=70518"},{"taxonomy":"product_tag","embeddable":true,"href":"https:\/\/nabytoklaguna.sk\/sk\/wp-json\/wp\/v2\/product_tag?post=70518"}],"curies":[{"name":"wp","href":"https:\/\/api.w.org\/{rel}","templated":true}]}}