{"id":70654,"date":"2021-04-30T11:04:14","date_gmt":"2021-04-30T09:04:14","guid":{"rendered":"https:\/\/nabytoklaguna.sk\/sk\/?post_type=product&#038;p=70654"},"modified":"2025-04-28T16:18:55","modified_gmt":"2025-04-28T14:18:55","slug":"tempo-kondela-topty-botnik-vesiakova-stena","status":"publish","type":"product","link":"https:\/\/nabytoklaguna.sk\/sk\/produkt\/tempo-kondela-topty-botnik-vesiakova-stena\/","title":{"rendered":"K TOPTY"},"content":{"rendered":"<p>Modern\u00fd sektorov\u00fd n\u00e1bytok vhodn\u00fd\u00a0 do sp\u00e1ln\u00ed, ob\u00fdvac\u00edch izieb, jed\u00e1ln\u00ed, kancel\u00e1ri\u00ed \u010di detsk\u00fdch izieb. Na v\u00fdrobu bola pou\u017eit\u00e1 DTD laminovan\u00e1 v modernom preveden\u00ed biela+dub sonoma.<\/p>\n<p>&nbsp;<\/p>\n<p>Typ 01 dvojdverov\u00e1 skri\u0148a 2D1S &#8211;\u00a0<b style=\"font-size: 15.008px;\">Rozmery (\u0160xHxV):<\/b><span style=\"font-size: 15.008px;\">\u00a080x57x183 cm<br \/>\n<\/span>Typ 02 Vitr\u00edna 2D1W1S &#8211;\u00a0<b style=\"font-size: 15.008px;\">Rozmery (\u0160xHxV):<\/b><span style=\"font-size: 15.008px;\">\u00a080x33x145 cm<br \/>\n<\/span>Typ 03 Vitr\u00edna 1D1W1S &#8211;\u00a0<b style=\"font-size: 15.008px;\">Rozmery (\u0160xHxV):<\/b><span style=\"font-size: 15.008px;\">\u00a040x33x183 cm<br \/>\n<\/span>Typ 04 Reg\u00e1l 1D1S so z\u00e1suvkou &#8211;\u00a0<b style=\"font-size: 15.008px;\">Rozmery (\u0160xHxV):<\/b><span style=\"font-size: 15.008px;\">\u00a040x33x183 cm<br \/>\n<\/span>Typ 05 reg\u00e1l 2D1S &#8211;\u00a0<b style=\"font-size: 15.008px;\">Rozmery (\u0160xHxV):<\/b><span style=\"font-size: 15.008px;\">\u00a040x33x183 cm<br \/>\n<\/span>Typ 06 Reg\u00e1l otvoren\u00fd vysok\u00fd &#8211;\u00a0<b style=\"font-size: 15.008px;\">Rozmery (\u0160xHxV):<\/b><span style=\"font-size: 15.008px;\">\u00a080x33x183 cm<br \/>\n<\/span>Typ 07 Komoda 3D2S &#8211;\u00a0<b style=\"font-size: 15.008px;\">Rozmery komody (\u0160xHxV):<\/b><span style=\"font-size: 15.008px;\">\u00a0120x33x85 cm<br \/>\n<\/span>Typ 08 Komoda 2D5S &#8211;\u00a0<b style=\"font-size: 15.008px;\">Rozmery komody (\u0160xHxV):<\/b><span style=\"font-size: 15.008px;\">\u00a0120x33x85 cm<br \/>\n<\/span>Typ 09 PC st\u00f4l 1D1S &#8211;\u00a0<b style=\"font-size: 15.008px;\">Rozmery (\u0160xHxV):<\/b><span style=\"font-size: 15.008px;\">\u00a0120x55x77 cm<br \/>\n<\/span>Typ 10 Botn\u00edk 3K &#8211;\u00a0<b style=\"font-size: 15.008px;\">Rozmery (\u0160xHxV):<\/b><span style=\"font-size: 15.008px;\">\u00a080x27x121 cm<br \/>\n<\/span>Typ 11 Botn\u00edk 2K &#8211;\u00a0<b style=\"font-size: 15.008px;\">Rozmery (\u0160xHxV):<\/b><span style=\"font-size: 15.008px;\">\u00a080x27x85 cm<br \/>\n<\/span>Typ 12 Komoda 1D4S &#8211;<b style=\"font-size: 15.008px;\">Rozmery komody (\u0160xHxV):<\/b><span style=\"font-size: 15.008px;\">\u00a080x33x85 cm<br \/>\n<\/span>Typ 13 Komoda 2D &#8211;\u00a0<b style=\"font-size: 15.008px;\">Rozmery (\u0160xHxV):<\/b><span style=\"font-size: 15.008px;\">\u00a080x33x85 cm<br \/>\n<\/span>Typ 14 Komoda 2D1S &#8211;\u00a0<b style=\"font-size: 15.008px;\">Rozmery (\u0160xHxV):<\/b><span style=\"font-size: 15.008px;\">\u00a080x33x85 cm<br \/>\n<\/span>Typ 15 RTV stol\u00edk 2D &#8211;\u00a0<b style=\"font-size: 15.008px;\">Rozmery (\u0160xHxV):<\/b><span style=\"font-size: 15.008px;\">\u00a0120x42x46 cm<br \/>\n<\/span>Typ 16 Reg\u00e1l n\u00edzky otvoren\u00fd &#8211;\u00a0<b style=\"font-size: 15.008px;\">Rozmery (\u0160xHxV):<\/b><span style=\"font-size: 15.008px;\">\u00a080x33x85 cm<br \/>\n<\/span>Typ 17 Ve\u0161iakov\u00e1 stena &#8211;\u00a0<b style=\"font-size: 15.008px;\">Rozmery (\u0160xHxV):<\/b><span style=\"font-size: 15.008px;\">\u00a080x23x100 cm<br \/>\nTyp 18 Konferen\u010dn\u00fd stol\u00edk 115 &#8211;\u00a0<\/span><b style=\"font-size: 15.008px;\">Rozmery (\u0160xHxV):<\/b><span style=\"font-size: 15.008px;\">\u00a0115x55x48 cm<\/span><span style=\"font-size: 15.008px;\"><br \/>\n<\/span><\/p>\n","protected":false},"excerpt":{"rendered":"<p>Modern\u00fd sektorov\u00fd n\u00e1bytok vhodn\u00fd\u00a0 do sp\u00e1ln\u00ed, ob\u00fdvac\u00edch izieb, jed\u00e1ln\u00ed, kancel\u00e1ri\u00ed \u010di detsk\u00fdch izieb. Na v\u00fdrobu bola pou\u017eit\u00e1 DTD laminovan\u00e1 v modernom preveden\u00ed biela+dub sonoma. &nbsp; Typ 01 dvojdverov\u00e1 skri\u0148a 2D1S &#8211;\u00a0Rozmery (\u0160xHxV):\u00a080x57x183 cm Typ 02 Vitr\u00edna 2D1W1S &#8211;\u00a0Rozmery (\u0160xHxV):\u00a080x33x145 cm Typ 03 Vitr\u00edna 1D1W1S &#8211;\u00a0Rozmery (\u0160xHxV):\u00a040x33x183 cm Typ 04 Reg\u00e1l 1D1S so z\u00e1suvkou &#8211;\u00a0Rozmery (\u0160xHxV):\u00a040x33x183&#8230;<\/p>\n","protected":false},"featured_media":70800,"comment_status":"closed","ping_status":"closed","template":"","meta":{"_seopress_robots_primary_cat":"none","_seopress_titles_title":"","_seopress_titles_desc":"","_seopress_robots_index":""},"product_brand":[],"product_cat":[824],"product_tag":[],"class_list":{"0":"post-70654","1":"product","2":"type-product","3":"status-publish","4":"has-post-thumbnail","6":"product_cat-rtv-stoliky","7":"pa_typ-produktu-typ-01-dvojdverova-skrina-2d1s","8":"pa_typ-produktu-typ-02-vitrina-2d1w1s","9":"pa_typ-produktu-typ-03-vitrina-1d1w1s","10":"pa_typ-produktu-typ-04-regal-1d1s","11":"pa_typ-produktu-typ-05-regal-2d1s","12":"pa_typ-produktu-typ-06-regal-otvoreny-vysoky","13":"pa_typ-produktu-typ-07-komoda-3d2s","14":"pa_typ-produktu-typ-08-komoda-2d5s","15":"pa_typ-produktu-typ-09-pc-stol-1d1s","16":"pa_typ-produktu-typ-10-botnik-3k","17":"pa_typ-produktu-typ-11-botnik-2k","18":"pa_typ-produktu-typ-12-komoda-1d4s","19":"pa_typ-produktu-typ-13-komoda-2d","20":"pa_typ-produktu-typ-14-komoda-2d1s","21":"pa_typ-produktu-typ-15-rtv-stolik-2d","22":"pa_typ-produktu-typ-16-regal-nizky-otvoreny","23":"pa_typ-produktu-typ-17-vesiakova-stena","24":"pa_typ-produktu-typ-18-konferencny-stolik-115","26":"first","27":"onbackorder","28":"shipping-taxable","29":"purchasable","30":"product-type-variable"},"_links":{"self":[{"href":"https:\/\/nabytoklaguna.sk\/sk\/wp-json\/wp\/v2\/product\/70654","targetHints":{"allow":["GET"]}}],"collection":[{"href":"https:\/\/nabytoklaguna.sk\/sk\/wp-json\/wp\/v2\/product"}],"about":[{"href":"https:\/\/nabytoklaguna.sk\/sk\/wp-json\/wp\/v2\/types\/product"}],"replies":[{"embeddable":true,"href":"https:\/\/nabytoklaguna.sk\/sk\/wp-json\/wp\/v2\/comments?post=70654"}],"wp:featuredmedia":[{"embeddable":true,"href":"https:\/\/nabytoklaguna.sk\/sk\/wp-json\/wp\/v2\/media\/70800"}],"wp:attachment":[{"href":"https:\/\/nabytoklaguna.sk\/sk\/wp-json\/wp\/v2\/media?parent=70654"}],"wp:term":[{"taxonomy":"product_brand","embeddable":true,"href":"https:\/\/nabytoklaguna.sk\/sk\/wp-json\/wp\/v2\/product_brand?post=70654"},{"taxonomy":"product_cat","embeddable":true,"href":"https:\/\/nabytoklaguna.sk\/sk\/wp-json\/wp\/v2\/product_cat?post=70654"},{"taxonomy":"product_tag","embeddable":true,"href":"https:\/\/nabytoklaguna.sk\/sk\/wp-json\/wp\/v2\/product_tag?post=70654"}],"curies":[{"name":"wp","href":"https:\/\/api.w.org\/{rel}","templated":true}]}}