{"id":70678,"date":"2021-04-30T11:04:14","date_gmt":"2021-04-30T09:04:14","guid":{"rendered":"https:\/\/nabytoklaguna.sk\/sk\/?post_type=product&#038;p=70678"},"modified":"2025-09-02T14:05:20","modified_gmt":"2025-09-02T12:05:20","slug":"k-botnik-fp-01","status":"publish","type":"product","link":"https:\/\/nabytoklaguna.sk\/sk\/produkt\/k-botnik-fp-01\/","title":{"rendered":"K BOTNIK FP-01"},"content":{"rendered":"<p><b>Praktick\u00fd<\/b>,\u00a0<b>kvalitn\u00fd<\/b>\u00a0a\u00a0<b>mas\u00edvny<\/b>. T\u00fdm v\u0161etk\u00fdm sa m\u00f4\u017ee pochv\u00e1li\u0165\u00a0<b>dvojdverov\u00fd botn\u00edk FP 01<\/b>. Vyroben\u00fd je z\u00a0<b>popul\u00e1rneho materi\u00e1lu MDF laminovan\u00e1<\/b>, dvierka s\u00fa z\u00a0<b>mas\u00edvu<\/b>\u00a0vo farebnom preveden\u00ed\u00a0<b>americk\u00e1 \u010dere\u0161\u0148a<\/b>.<\/p>\n<ul>\n<li><b>Materi\u00e1l:<\/b>\u00a0MDF laminovan\u00e1<\/li>\n<li><b>Farba:<\/b> americk\u00e1 \u010dere\u0161\u0148a,<\/li>\n<li><b>Rozmery (\u0160xHxV):<\/b>\u00a075&#215;36,8&#215;65,1 cm<\/li>\n<li>Dvojdverov\u00fd botn\u00edk<\/li>\n<li>Vo vn\u00fatri 3 police<\/li>\n<li>Dod\u00e1van\u00e9 v demonte<\/li>\n<\/ul>\n","protected":false},"excerpt":{"rendered":"<p>Praktick\u00fd,\u00a0kvalitn\u00fd\u00a0a\u00a0mas\u00edvny. T\u00fdm v\u0161etk\u00fdm sa m\u00f4\u017ee pochv\u00e1li\u0165\u00a0dvojdverov\u00fd botn\u00edk FP 01. Vyroben\u00fd je z\u00a0popul\u00e1rneho materi\u00e1lu MDF laminovan\u00e1, dvierka s\u00fa z\u00a0mas\u00edvu\u00a0vo farebnom preveden\u00ed\u00a0americk\u00e1 \u010dere\u0161\u0148a. Materi\u00e1l:\u00a0MDF laminovan\u00e1 Farba: americk\u00e1 \u010dere\u0161\u0148a, Rozmery (\u0160xHxV):\u00a075&#215;36,8&#215;65,1 cm Dvojdverov\u00fd botn\u00edk Vo vn\u00fatri 3 police Dod\u00e1van\u00e9 v demonte<\/p>\n","protected":false},"featured_media":70683,"comment_status":"closed","ping_status":"closed","template":"","meta":{"_seopress_robots_primary_cat":"257","_seopress_titles_title":"","_seopress_titles_desc":"","_seopress_robots_index":""},"product_brand":[],"product_cat":[252,257],"product_tag":[],"class_list":{"0":"post-70678","1":"product","2":"type-product","3":"status-publish","4":"has-post-thumbnail","6":"product_cat-botniky","7":"product_cat-predsiene","8":"pa_farba-americka-ceresna","9":"pa_farba-natural","11":"first","12":"onbackorder","13":"shipping-taxable","14":"purchasable","15":"product-type-variable"},"_links":{"self":[{"href":"https:\/\/nabytoklaguna.sk\/sk\/wp-json\/wp\/v2\/product\/70678","targetHints":{"allow":["GET"]}}],"collection":[{"href":"https:\/\/nabytoklaguna.sk\/sk\/wp-json\/wp\/v2\/product"}],"about":[{"href":"https:\/\/nabytoklaguna.sk\/sk\/wp-json\/wp\/v2\/types\/product"}],"replies":[{"embeddable":true,"href":"https:\/\/nabytoklaguna.sk\/sk\/wp-json\/wp\/v2\/comments?post=70678"}],"wp:featuredmedia":[{"embeddable":true,"href":"https:\/\/nabytoklaguna.sk\/sk\/wp-json\/wp\/v2\/media\/70683"}],"wp:attachment":[{"href":"https:\/\/nabytoklaguna.sk\/sk\/wp-json\/wp\/v2\/media?parent=70678"}],"wp:term":[{"taxonomy":"product_brand","embeddable":true,"href":"https:\/\/nabytoklaguna.sk\/sk\/wp-json\/wp\/v2\/product_brand?post=70678"},{"taxonomy":"product_cat","embeddable":true,"href":"https:\/\/nabytoklaguna.sk\/sk\/wp-json\/wp\/v2\/product_cat?post=70678"},{"taxonomy":"product_tag","embeddable":true,"href":"https:\/\/nabytoklaguna.sk\/sk\/wp-json\/wp\/v2\/product_tag?post=70678"}],"curies":[{"name":"wp","href":"https:\/\/api.w.org\/{rel}","templated":true}]}}