{"id":71079,"date":"2021-04-30T11:04:14","date_gmt":"2021-04-30T09:04:14","guid":{"rendered":"https:\/\/nabytoklaguna.sk\/sk\/?post_type=product&#038;p=71079"},"modified":"2025-08-07T15:21:30","modified_gmt":"2025-08-07T13:21:30","slug":"k-teyo","status":"publish","type":"product","link":"https:\/\/nabytoklaguna.sk\/sk\/produkt\/k-teyo\/","title":{"rendered":"K TEYO"},"content":{"rendered":"<p>Modern\u00fd sektorov\u00fd n\u00e1bytok vhodn\u00fd na zariadenie detsk\u00fdch \u010di \u0161tudentsk\u00fdch izieb. Na v\u00fdrobu bola pou\u017eit\u00e1 DTD laminovan\u00e1 v dvoch modern\u00fdch farebn\u00fdch prevedeniach; dub sonoma a biela\/dub sonoma.<\/p>\n<p>Poste\u013e je dod\u00e1van\u00e1 s \u00falo\u017en\u00fdm priestorom bez ro\u0161tu a matraca.<\/p>\n<p>Vitr\u00edna 2D1W1S\/80 &#8211;\u00a0<b style=\"font-size: 15.008px;\">Rozmery (\u0160xHxV)<\/b><span style=\"font-size: 15.008px;\">: 83x34x144 cm<br \/>\n<\/span>Komoda 3D2S &#8211;\u00a0<b style=\"font-size: 15.008px;\">Rozmery(\u0160xHxV)<\/b><span style=\"font-size: 15.008px;\">: 123x34x85 cm<br \/>\n<\/span>Visiaca skrinka 1D &#8211;\u00a0<b style=\"font-size: 15.008px;\">Rozmery(\u0160xHxV)<\/b><span style=\"font-size: 15.008px;\">: 120x23x55 cm<br \/>\n<\/span>Visiaca polica 120 &#8211;\u00a0\u00a0<b style=\"font-size: 15.008px;\">Rozmery(\u0160xHxV)<\/b><span style=\"font-size: 15.008px;\">: 120x23x45,5 cm<br \/>\n<\/span>Komoda 2D1S &#8211;\u00a0<b style=\"font-size: 15.008px;\">Rozmery(\u0160xHxV)<\/b><span style=\"font-size: 15.008px;\">: 83x34x85 cm<br \/>\n<\/span>PC st\u00f4l 1S so z\u00e1suvkou &#8211;\u00a0<b style=\"font-size: 15.008px;\">Rozmery(\u0160xHxV)<\/b><span style=\"font-size: 15.008px;\">: 120x77x54 cm,\u00a0<\/span><b style=\"font-size: 15.008px;\">Rozmery \u0161upl\u00edka (\u0160xHxV)<\/b><span style=\"font-size: 15.008px;\">: 39&#215;49,5&#215;16 cm<br \/>\n<\/span>Konferen\u010dn\u00fd stol\u00edk 120 &#8211;\u00a0<b style=\"font-size: 15.008px;\">Rozmery(\u0160xHxV)<\/b><span style=\"font-size: 15.008px;\">: 120x59x55 cm<br \/>\n<\/span>Reg\u00e1l otvoren\u00fd 1S &#8211;\u00a0<b style=\"font-size: 15.008px;\">Rozmery (\u0160xHxV)<\/b><span style=\"font-size: 15.008px;\">: 50x34x195 cm<br \/>\n<\/span>Vitr\u00edna 1D1W1S &#8211;\u00a0<b style=\"font-size: 15.008px;\">Rozmery (\u0160xHxV)<\/b><span style=\"font-size: 15.008px;\">: 50x34x195 cm<br \/>\n<\/span>Reg\u00e1l 2D1S &#8211;\u00a0<b style=\"font-size: 15.008px;\">Rozmery (\u0160xHxV)<\/b><span style=\"font-size: 15.008px;\">: 50x34x195 cm<br \/>\n<\/span>Ve\u0161iakov\u00e1 skri\u0148a 4D s policami &#8211;\u00a0<b style=\"font-size: 15.008px;\">Rozmery(\u0160xHxV)<\/b><span style=\"font-size: 15.008px;\">: 83x195x55 cm<br \/>\n<\/span>Komoda 1D1S &#8211;\u00a0<b style=\"font-size: 15.008px;\">Rozmery(\u0160xHxV)<\/b><span style=\"font-size: 15.008px;\">: 83x34x42 cm<br \/>\n<\/span>RTV stol\u00edk 2D1S &#8211;\u00a0<b style=\"font-size: 15.008px;\">Rozmery (\u0160xHxV)<\/b><span style=\"font-size: 15.008px;\">: 123x38x42 cm<br \/>\n<\/span>Poste\u013e 1S\/90 s \u00falo\u017en\u00fdm priestorom &#8211;\u00a0<b style=\"font-size: 15.008px;\">Rozmery(\u0160xHxV)<\/b><span style=\"font-size: 15.008px;\">: 95,5x203x60 cm,\u00a0<\/span><b style=\"font-size: 15.008px;\">Plocha na spanie<\/b><span style=\"font-size: 15.008px;\">: 90&#215;200 cm<\/span><\/p>\n","protected":false},"excerpt":{"rendered":"<p>Modern\u00fd sektorov\u00fd n\u00e1bytok vhodn\u00fd na zariadenie detsk\u00fdch \u010di \u0161tudentsk\u00fdch izieb. Na v\u00fdrobu bola pou\u017eit\u00e1 DTD laminovan\u00e1 v dvoch modern\u00fdch farebn\u00fdch prevedeniach; dub sonoma a biela\/dub sonoma. Poste\u013e je dod\u00e1van\u00e1 s \u00falo\u017en\u00fdm priestorom bez ro\u0161tu a matraca. Vitr\u00edna 2D1W1S\/80 &#8211;\u00a0Rozmery (\u0160xHxV): 83x34x144 cm Komoda 3D2S &#8211;\u00a0Rozmery(\u0160xHxV): 123x34x85 cm Visiaca skrinka 1D &#8211;\u00a0Rozmery(\u0160xHxV): 120x23x55 cm Visiaca polica&#8230;<\/p>\n","protected":false},"featured_media":71124,"comment_status":"closed","ping_status":"closed","template":"","meta":{"_seopress_robots_primary_cat":"210","_seopress_titles_title":"","_seopress_titles_desc":"","_seopress_robots_index":""},"product_brand":[],"product_cat":[210,209],"product_tag":[],"class_list":{"0":"post-71079","1":"product","2":"type-product","3":"status-publish","4":"has-post-thumbnail","6":"product_cat-sektorove-detske-izby","7":"product_cat-detske-izby","8":"pa_farba-dub-sonoma","9":"pa_farba-dub-sonomabiela","10":"pa_typ-produktu-komoda-1d1s","11":"pa_typ-produktu-komoda-2d1s","12":"pa_typ-produktu-komoda-3d2s","13":"pa_typ-produktu-konferencny-stolik-120","14":"pa_typ-produktu-pc-stol-so-zasuvkou","15":"pa_typ-produktu-postel-1s-90-s-uloznym-priestorom","16":"pa_typ-produktu-regal-2d1s","17":"pa_typ-produktu-regal-otvoreny-1s","18":"pa_typ-produktu-rtv-stolik-2d1s","19":"pa_typ-produktu-vesiakova-skrina-4d-s-policami","20":"pa_typ-produktu-visiaca-polica-120","21":"pa_typ-produktu-visiaca-skrinka-1d","22":"pa_typ-produktu-vitrina-1d1w1s","23":"pa_typ-produktu-vitrina-2d1w1s-80","25":"first","26":"onbackorder","27":"shipping-taxable","28":"purchasable","29":"product-type-variable"},"_links":{"self":[{"href":"https:\/\/nabytoklaguna.sk\/sk\/wp-json\/wp\/v2\/product\/71079","targetHints":{"allow":["GET"]}}],"collection":[{"href":"https:\/\/nabytoklaguna.sk\/sk\/wp-json\/wp\/v2\/product"}],"about":[{"href":"https:\/\/nabytoklaguna.sk\/sk\/wp-json\/wp\/v2\/types\/product"}],"replies":[{"embeddable":true,"href":"https:\/\/nabytoklaguna.sk\/sk\/wp-json\/wp\/v2\/comments?post=71079"}],"wp:featuredmedia":[{"embeddable":true,"href":"https:\/\/nabytoklaguna.sk\/sk\/wp-json\/wp\/v2\/media\/71124"}],"wp:attachment":[{"href":"https:\/\/nabytoklaguna.sk\/sk\/wp-json\/wp\/v2\/media?parent=71079"}],"wp:term":[{"taxonomy":"product_brand","embeddable":true,"href":"https:\/\/nabytoklaguna.sk\/sk\/wp-json\/wp\/v2\/product_brand?post=71079"},{"taxonomy":"product_cat","embeddable":true,"href":"https:\/\/nabytoklaguna.sk\/sk\/wp-json\/wp\/v2\/product_cat?post=71079"},{"taxonomy":"product_tag","embeddable":true,"href":"https:\/\/nabytoklaguna.sk\/sk\/wp-json\/wp\/v2\/product_tag?post=71079"}],"curies":[{"name":"wp","href":"https:\/\/api.w.org\/{rel}","templated":true}]}}