{"id":71257,"date":"2021-04-30T11:04:14","date_gmt":"2021-04-30T09:04:14","guid":{"rendered":"https:\/\/nabytoklaguna.sk\/sk\/?post_type=product&#038;p=71257"},"modified":"2025-05-30T16:18:18","modified_gmt":"2025-05-30T14:18:18","slug":"tempo-kondela-split","status":"publish","type":"product","link":"https:\/\/nabytoklaguna.sk\/sk\/produkt\/tempo-kondela-split\/","title":{"rendered":"K SPLIT"},"content":{"rendered":"<p>Modern\u00fd sektorov\u00fd kuchynsk\u00fd n\u00e1bytok v preveden\u00ed: dvierka biely mat a korpus biely. Na v\u00fdrobu bola pou\u017eit\u00e1 DTD laminovan\u00e1. Hr\u00fabka pracovnej dosky je 28 mm. Skrinky s\u00fa dod\u00e1van\u00e9 vr\u00e1tane dolnej li\u0161ty bez pracovnej dosky. Mo\u017enos\u0165 dok\u00fapenia pracovnej dosky Dub lancelot. Taktie\u017e mo\u017enos\u0165 dok\u00fapi\u0165 univerz\u00e1lny drez.<\/p>\n<p>Drezov\u00e1 skrinka 80 ZL 2F BB &#8211;\u00a0<b style=\"font-size: 15.008px;\">Rozmery (\u0160xHxV):<\/b><span style=\"font-size: 15.008px;\">\u00a080x52x82 cm<br \/>\n<\/span>Spodn\u00e1 skrinka 80 D 2F BB &#8211;\u00a0<b style=\"font-size: 15.008px;\">Rozmery (\u0160xHxV):<\/b><span style=\"font-size: 15.008px;\">\u00a080x52x82 cm<br \/>\n<\/span>Spodn\u00e1 skrinka 60 D 2F BB &#8211;\u00a0<b style=\"font-size: 15.008px;\">Rozmery (\u0160xHxV):<\/b><span style=\"font-size: 15.008px;\">\u00a060x52x82 cm<br \/>\n<\/span>Spodn\u00e1 skrinka 40 D 4S BB &#8211;\u00a0<b style=\"font-size: 15.008px;\">Rozmery (\u0160xHxV):<\/b><span style=\"font-size: 15.008px;\">\u00a040x52x82 cm<br \/>\n<\/span>Skrinka na spor\u00e1k 60 DG BB &#8211;\u00a0<b style=\"font-size: 15.008px;\">Rozmery (\u0160xHxV):<\/b><span style=\"font-size: 15.008px;\">\u00a060x52x82 cm<br \/>\n<\/span>Horn\u00e1 skrinka 30 G-72 1F &#8211;\u00a0<b style=\"font-size: 15.008px;\">Rozmery (\u0160xHxV):<\/b><span style=\"font-size: 15.008px;\">\u00a030x31x71,5 cm<br \/>\n<\/span>Horn\u00e1 rohov\u00e1 skrinka 30 G ZAK-72 &#8211;\u00a0<b style=\"font-size: 15.008px;\">Rozmery (\u0160xHxV):<\/b><span style=\"font-size: 15.008px;\">\u00a030x30x71,5 cm<br \/>\n<\/span>Rohov\u00e1 spodn\u00e1 skrinka 89&#215;89 DN 1F BB &#8211;\u00a0<b style=\"font-size: 15.008px;\">Rozmery (\u0160xHxV):<\/b><span style=\"font-size: 15.008px;\">\u00a083\/83x52x82 cm<br \/>\n<\/span>Horn\u00e1 skrinka 80 GS-72 2F &#8211;\u00a0<b style=\"font-size: 15.008px;\">Rozmery (\u0160xHxV):<\/b><span style=\"font-size: 15.008px;\">\u00a080x31x71,5 cm<br \/>\n<\/span>Horn\u00e1 skrinka 80 G-72 2F &#8211;\u00a0<b style=\"font-size: 15.008px;\">Rozmery (\u0160xHxV):<\/b><span style=\"font-size: 15.008px;\">\u00a080x31x71,5 cm<br \/>\n<\/span>Horn\u00e1 skrinka 60 G-72 2F &#8211;\u00a0<b style=\"font-size: 15.008px;\">Rozmery (\u0160xHxV):<\/b><span style=\"font-size: 15.008px;\">\u00a060x31x71,5 cm<br \/>\n<\/span>Horn\u00e1 skrinka 40 G-72 1F &#8211;\u00a0<b style=\"font-size: 15.008px;\">Rozmery (\u0160xHxV):<\/b><span style=\"font-size: 15.008px;\">\u00a040x31x71,5 cm<br \/>\n<\/span>Horn\u00e1 skrinka 50 OK-40 &#8211;\u00a0<b style=\"font-size: 15.008px;\">Rozmery (\u0160xHxV):<\/b><span style=\"font-size: 15.008px;\">\u00a050x31x40 cm<br \/>\n<\/span>Horn\u00e1 skrinka 60 OK-40 &#8211;\u00a0<b style=\"font-size: 15.008px;\">Rozmery (\u0160xHxV):<\/b><span style=\"font-size: 15.008px;\">\u00a060x31x40 cm<br \/>\n<\/span>Spodn\u00e1 rohov\u00e1 skrinka 30 D ZAK BB &#8211;\u00a0<b style=\"font-size: 15.008px;\">Rozmery (\u0160xHxV):<\/b><span style=\"font-size: 15.008px;\">\u00a030x55x72 cm<br \/>\n<\/span>Rohov\u00e1 horn\u00e1 skrinka 58&#215;58 GN-72 1F &#8211;\u00a0<b style=\"font-size: 15.008px;\">Rozmery (\u0160xHxV):<\/b><span style=\"font-size: 15.008px;\">\u00a058,5\/58,5x31x71,5 cm<br \/>\n<\/span>Vysok\u00e1 skrinka 40 DK-210 2F &#8211;\u00a0<b style=\"font-size: 15.008px;\">Rozmery (\u0160xHxV):<\/b><span style=\"font-size: 15.008px;\">\u00a040x57x210 cm<br \/>\n<\/span>Vysok\u00e1 skrinka 60 DK-210 2F &#8211;\u00a0<b style=\"font-size: 15.008px;\">Rozmery (\u0160xHxV):<\/b><span style=\"font-size: 15.008px;\">\u00a060x57x210 cm<\/span><\/p>\n<p>&nbsp;<\/p>\n","protected":false},"excerpt":{"rendered":"<p><a href=\"mailto:nabytok.laguna@zoznam.sk\"><img loading=\"lazy\" decoding=\"async\" class=\"alignnone size-full wp-image-5342\" src=\"http:\/\/nabytoklaguna.sk\/sk\/wp-content\/uploads\/2017\/01\/N\u00e1vrh.png\" alt=\"\" width=\"366\" height=\"107\" \/><\/a><\/p>\n","protected":false},"featured_media":71295,"comment_status":"closed","ping_status":"closed","template":"","meta":{"_seopress_robots_primary_cat":"248","_seopress_titles_title":"","_seopress_titles_desc":"","_seopress_robots_index":""},"product_brand":[],"product_cat":[248,176],"product_tag":[],"class_list":{"0":"post-71257","1":"product","2":"type-product","3":"status-publish","4":"has-post-thumbnail","6":"product_cat-kuchyne-sektor","7":"product_cat-kuchyne","8":"pa_typ-produktu-30-d-zak-bb","9":"pa_typ-produktu-30-g-zak-72","10":"pa_typ-produktu-30-g-72-1f","11":"pa_typ-produktu-40-d-4s-bb","12":"pa_typ-produktu-40-dk-210-2f","13":"pa_typ-produktu-40-g-72-1f","14":"pa_typ-produktu-50-ok-40","15":"pa_typ-produktu-58x58-gn-72-1f","16":"pa_typ-produktu-60-d-2f-bb","17":"pa_typ-produktu-60-dg-bb","18":"pa_typ-produktu-60-dk-210-2f","19":"pa_typ-produktu-60-g-72-2f","20":"pa_typ-produktu-60-ok-40","21":"pa_typ-produktu-80-d-2f-bb","22":"pa_typ-produktu-80-g-72-2f","23":"pa_typ-produktu-80-gs-72-2f","24":"pa_typ-produktu-80-zl-2f-bb","25":"pa_typ-produktu-89x89-dn-1f-bb","27":"first","28":"onbackorder","29":"shipping-taxable","30":"purchasable","31":"product-type-variable"},"_links":{"self":[{"href":"https:\/\/nabytoklaguna.sk\/sk\/wp-json\/wp\/v2\/product\/71257","targetHints":{"allow":["GET"]}}],"collection":[{"href":"https:\/\/nabytoklaguna.sk\/sk\/wp-json\/wp\/v2\/product"}],"about":[{"href":"https:\/\/nabytoklaguna.sk\/sk\/wp-json\/wp\/v2\/types\/product"}],"replies":[{"embeddable":true,"href":"https:\/\/nabytoklaguna.sk\/sk\/wp-json\/wp\/v2\/comments?post=71257"}],"wp:featuredmedia":[{"embeddable":true,"href":"https:\/\/nabytoklaguna.sk\/sk\/wp-json\/wp\/v2\/media\/71295"}],"wp:attachment":[{"href":"https:\/\/nabytoklaguna.sk\/sk\/wp-json\/wp\/v2\/media?parent=71257"}],"wp:term":[{"taxonomy":"product_brand","embeddable":true,"href":"https:\/\/nabytoklaguna.sk\/sk\/wp-json\/wp\/v2\/product_brand?post=71257"},{"taxonomy":"product_cat","embeddable":true,"href":"https:\/\/nabytoklaguna.sk\/sk\/wp-json\/wp\/v2\/product_cat?post=71257"},{"taxonomy":"product_tag","embeddable":true,"href":"https:\/\/nabytoklaguna.sk\/sk\/wp-json\/wp\/v2\/product_tag?post=71257"}],"curies":[{"name":"wp","href":"https:\/\/api.w.org\/{rel}","templated":true}]}}