{"id":71608,"date":"2021-04-30T11:04:14","date_gmt":"2021-04-30T09:04:14","guid":{"rendered":"https:\/\/nabytoklaguna.sk\/sk\/?post_type=product&#038;p=71608"},"modified":"2025-09-17T10:59:31","modified_gmt":"2025-09-17T08:59:31","slug":"tempo-kondela-vega","status":"publish","type":"product","link":"https:\/\/nabytoklaguna.sk\/sk\/produkt\/tempo-kondela-vega\/","title":{"rendered":"K VEGA"},"content":{"rendered":"<p>Modern\u00fd kuchynsk\u00fd sektorov\u00fd n\u00e1bytok. Korpus je vo farebnom preveden\u00ed dub lancelot alebo siv\u00fd mat. Dvierka s\u00fa vo farebnom preveden\u00ed MDF biela extra vysok\u00fd lesk HG\/dub lancelot. Vyroben\u00fd z DTD laminovanej. hr\u00fabka pracovnej dosky je 28mm. Sektorov\u00e9 skrinky s\u00fa dod\u00e1van\u00e9 vr\u00e1tane dolnej li\u0161ty bez pracovnej dosky. Mo\u017enos\u0165 dok\u00fapi\u0165 pracovn\u00fa dosku dub lancelot v cene 59 \u20ac\/m. Mo\u017enos\u0165 dok\u00fapi\u0165 univerz\u00e1lny drez v cene 89,- \u20ac.<\/p>\n<p>Foto ilustra\u010dn\u00e9.<\/p>\n<p>Drezov\u00e1 skrinka 80 ZL 2F BB &#8211;\u00a0<b style=\"font-size: 15.008px;\">Rozmery (\u0160xHxV):<\/b><span style=\"font-size: 15.008px;\">\u00a080x52x82 cm<br \/>\n<\/span>Spodn\u00e1 skrinka 80 D 2F BB &#8211;\u00a0<b style=\"font-size: 15.008px;\">Rozmery (\u0160xHxV):<\/b><span style=\"font-size: 15.008px;\">\u00a080x52x82 cm<br \/>\n<\/span>Spodn\u00e1 skrinka 80 D 3S BB &#8211;\u00a0<b style=\"font-size: 15.008px;\">Rozmery (\u0160xHxV):<\/b><span style=\"font-size: 15.008px;\">\u00a080x52x82 cm<br \/>\n<\/span>Spodn\u00e1 skrinka 60 D 3S BB &#8211;\u00a0<b style=\"font-size: 15.008px;\">Rozmery (\u0160xHxV):<\/b><span style=\"font-size: 15.008px;\">\u00a060x52x82 cm<br \/>\n<\/span>Spodn\u00e1 skrinka 40 D 3S BB &#8211;\u00a0<b style=\"font-size: 15.008px;\">Rozmery (\u0160xHxV):<\/b><span style=\"font-size: 15.008px;\">\u00a040x52x82 cm<br \/>\n<\/span>Spodn\u00e1 skrinka 60 D 1F BB &#8211;\u00a0<b style=\"font-size: 15.008px;\">Rozmery (\u0160xHxV):<\/b><span style=\"font-size: 15.008px;\">\u00a060x52x82 cm<br \/>\n<\/span>Spodn\u00e1 skrinka 40 D 1F BB &#8211;\u00a0<b style=\"font-size: 15.008px;\">Rozmery (\u0160xHxV):<\/b><span style=\"font-size: 15.008px;\">\u00a040x52x82 cm<br \/>\n<\/span>Spodn\u00e1 skrinka s v\u00fdsuvn\u00fdm ko\u0161om 30 D CARGO BB &#8211;\u00a0<b style=\"font-size: 15.008px;\">Rozmery (\u0160xHxV):<\/b><span style=\"font-size: 15.008px;\">\u00a030x52x82 cm<br \/>\n<\/span>Spodn\u00e1 skrinka s v\u00fdsuvn\u00fdm ko\u0161om 15 D CARGO BB &#8211;\u00a0<b style=\"font-size: 15.008px;\">Rozmery (\u0160xHxV):<\/b><span style=\"font-size: 15.008px;\">\u00a015x52x82 cm<br \/>\n<\/span>Spodn\u00e1 skrinka rohov\u00e1 90&#215;90 DN 1 BB &#8211;\u00a0<b style=\"font-size: 15.008px;\">Rozmery (\u0160xHxV):<\/b><span style=\"font-size: 15.008px;\">\u00a083\/83x52x82 cm<br \/>\n<\/span>Spodn\u00e1 skrinka 60 D GAZ BB &#8211;\u00a0<b style=\"font-size: 15.008px;\">Rozmery (\u0160xHxV):<\/b><span style=\"font-size: 15.008px;\">\u00a060x52x82 cm<br \/>\n<\/span>Spodn\u00e1 policov\u00e1 skrinka 30 D OTW BB &#8211;\u00a0<b style=\"font-size: 15.008px;\">Rozmery (\u0160xHxV):<\/b><span style=\"font-size: 15.008px;\">\u00a030x50x82 cm<br \/>\n<\/span>Spodn\u00e1 policov\u00e1 skrinka 15 D OTW BB &#8211;\u00a0<b style=\"font-size: 15.008px;\">Rozmery (\u0160xHxV):<\/b><span style=\"font-size: 15.008px;\">\u00a015x50x82 cm<br \/>\n<\/span>\u0160upl\u00edkov\u00e1 skrinka 40 G-13 1S &#8211;\u00a0<b style=\"font-size: 15.008px;\">Rozmery (\u0160xHxV):<\/b><span style=\"font-size: 15.008px;\">\u00a040x31x13 cm<br \/>\n<\/span>Horn\u00e1 skrinka 80 GU-72 2F &#8211;\u00a0<b style=\"font-size: 15.008px;\">Rozmery (\u0160xHxV):<\/b><span style=\"font-size: 15.008px;\">\u00a080x31x71,5 cm<br \/>\n<\/span>Horn\u00e1 skrinka 80 GU-36 1F &#8211;\u00a0<b style=\"font-size: 15.008px;\">Rozmery (\u0160xHxV):<\/b><span style=\"font-size: 15.008px;\">\u00a080x31x36 cm<br \/>\n<\/span>horn\u00e1 skrinka 80 NAGU-36 1F &#8211;\u00a0<b style=\"font-size: 15.008px;\">Rozmery (\u0160xHxV):<\/b><span style=\"font-size: 15.008px;\">\u00a080x57x36 cm<br \/>\n<\/span>Horn\u00e1 skrinka 60 GU-72 2F &#8211;\u00a0<b style=\"font-size: 15.008px;\">Rozmery (\u0160xHxV):<\/b><span style=\"font-size: 15.008px;\">\u00a060x31x71,5 cm<br \/>\n<\/span>Horn\u00e1 skrinka 60 GU-36 1F &#8211;\u00a0<b style=\"font-size: 15.008px;\">Rozmery (\u0160xHxV):<\/b><span style=\"font-size: 15.008px;\">\u00a060x31x36 cm<br \/>\n<\/span>Horn\u00e1 skrinka 60 NAGU-36 1F &#8211;\u00a0<b style=\"font-size: 15.008px;\">Rozmery (\u0160xHxV):<\/b><span style=\"font-size: 15.008px;\">\u00a060x57x36 cm<br \/>\n<\/span>Horn\u00e1 skrinka 50 GU-36 1F &#8211;\u00a0<b style=\"font-size: 15.008px;\">Rozmery (\u0160xHxV):<\/b><span style=\"font-size: 15.008px;\">\u00a050x31x36 cm<br \/>\n<\/span>Horn\u00e1 skrinka 40 NAGU-36 1F &#8211;\u00a0<b style=\"font-size: 15.008px;\">Rozmery (\u0160xHxV):<\/b><span style=\"font-size: 15.008px;\">\u00a040x57x36 cm<br \/>\n<\/span>Horn\u00e1 skrinka 60 G-72 1F &#8211;\u00a0<b style=\"font-size: 15.008px;\">Rozmery (\u0160xHxV):<\/b><span style=\"font-size: 15.008px;\">\u00a060x31x71,5 cm<br \/>\n<\/span>Horn\u00e1 skrinka 40 G-72 1F &#8211;\u00a0<b style=\"font-size: 15.008px;\">Rozmery (\u0160xHxV):<\/b><span style=\"font-size: 15.008px;\">\u00a040x31x71,5 cm<br \/>\n<\/span>Horn\u00e1 skrinka 30 G-72 1F &#8211;\u00a0<b style=\"font-size: 15.008px;\">Rozmery (\u0160xHxV):<\/b><span style=\"font-size: 15.008px;\">\u00a030x31x71,5 cm<br \/>\n<\/span>Horn\u00e1 rohov\u00e1 skrinka 58&#215;58 GN-72 1F &#8211;\u00a0<b style=\"font-size: 15.008px;\">Rozmery (\u0160xHxV):<\/b><span style=\"font-size: 15.008px;\">\u00a059\/59x31x71,5 cm<br \/>\n<\/span>Horn\u00e1 policov\u00e1 skrinka 30 G-72 OTW &#8211;\u00a0\u00a0<b style=\"font-size: 15.008px;\">Rozmery (\u0160xHxV):<\/b><span style=\"font-size: 15.008px;\">\u00a030x29x71,5 cm<br \/>\n<\/span>Horn\u00e1 policov\u00e1 skrinka 15 G-72 OTW &#8211;\u00a0<b style=\"font-size: 15.008px;\">Rozmery (\u0160xHxV):<\/b><span style=\"font-size: 15.008px;\">\u00a015x29x71,5 cm<br \/>\n<\/span>Horn\u00e1 policov\u00e1 skrinka 30 G-72 ZAK &#8211;\u00a0<b style=\"font-size: 15.008px;\">Rozmery (\u0160xHxV):<\/b><span style=\"font-size: 15.008px;\">\u00a030x29x71,5 cm<br \/>\n<\/span>Spodn\u00e1 policov\u00e1 skrinka 30 D ZAK BB &#8211;\u00a0<b style=\"font-size: 15.008px;\">Rozmery (\u0160xHxV):<\/b><span style=\"font-size: 15.008px;\">\u00a030x55x72 cm<br \/>\n<\/span>Dvierka na um\u00fdva\u010dku riadu ZM 713&#215;596 &#8211;\u00a0<b style=\"font-size: 15.008px;\">Rozmery (\u0160xHxV):<\/b><span style=\"font-size: 15.008px;\">\u00a044,6&#215;1,6&#215;71,3 cm<br \/>\n<\/span>Dvierka na um\u00fdva\u010dku riadu ZM 570&#215;596 &#8211;\u00a0<b style=\"font-size: 15.008px;\">Rozmery (\u0160xHxV):<\/b><span style=\"font-size: 15.008px;\">\u00a059,6&#215;1,6&#215;57 cm<br \/>\n<\/span>Dvierka na um\u00fdva\u010dku riadu ZM 713&#215;446 &#8211;\u00a0<b style=\"font-size: 15.008px;\">Rozmery (\u0160xHxV):<\/b><span style=\"font-size: 15.008px;\">\u00a044,6&#215;1,6&#215;57 cm<br \/>\n<\/span>Dvierka na um\u00fdva\u010dku riadu ZM 570&#215;446 &#8211;\u00a0<b style=\"font-size: 15.008px;\">Rozmery (\u0160xHxV):<\/b><span style=\"font-size: 15.008px;\">\u00a044,6&#215;1,6&#215;57 cm<br \/>\n<\/span>Vysok\u00e1 skrinka 40 DK-210 2F &#8211;\u00a0<b style=\"font-size: 15.008px;\">Rozmery (\u0160xHxV):<\/b><span style=\"font-size: 15.008px;\">\u00a040x57x210 cm<br \/>\n<\/span>Vysok\u00e1 skrinka 60 DK-210 2F &#8211;\u00a0<b style=\"font-size: 15.008px;\">Rozmery (\u0160xHxV):<\/b><span style=\"font-size: 15.008px;\">\u00a060x57x210 cm<br \/>\n<\/span>Vysok\u00e1 skrinka 60 DKS-210 3S 1F &#8211;\u00a0<b style=\"font-size: 15.008px;\">Rozmery (\u0160xHxV):<\/b><span style=\"font-size: 15.008px;\">\u00a060x57x210 cm<br \/>\n<\/span>Vysok\u00e1 skrinka na vstavan\u00fa r\u00faru 60 DP-210 2F &#8211;\u00a0<b style=\"font-size: 15.008px;\">Rozmery (\u0160xHxV):<\/b><span style=\"font-size: 15.008px;\">\u00a060x57x210 cm<br \/>\n<\/span>Vysok\u00e1 skrinka na vstavan\u00fa r\u00faru 60 DPS-210 3S 1F &#8211;\u00a0<b style=\"font-size: 15.008px;\">Rozmery (\u0160xHxV):<\/b><span style=\"font-size: 15.008px;\">\u00a060x57x210 cm<\/span><\/p>\n<p>&nbsp;<\/p>\n","protected":false},"excerpt":{"rendered":"<p><a href=\"mailto:nabytok.laguna@zoznam.sk\"><img loading=\"lazy\" decoding=\"async\" class=\"alignnone size-full wp-image-5342\" src=\"http:\/\/nabytoklaguna.sk\/sk\/wp-content\/uploads\/2017\/01\/N\u00e1vrh.png\" alt=\"\" width=\"366\" height=\"107\" \/><\/a><\/p>\n","protected":false},"featured_media":71761,"comment_status":"closed","ping_status":"closed","template":"","meta":{"_seopress_robots_primary_cat":"248","_seopress_titles_title":"","_seopress_titles_desc":"","_seopress_robots_index":""},"product_brand":[],"product_cat":[248,176],"product_tag":[],"class_list":{"0":"post-71608","1":"product","2":"type-product","3":"status-publish","4":"has-post-thumbnail","6":"product_cat-kuchyne-sektor","7":"product_cat-kuchyne","8":"pa_farba-biely-extra-vysoky-lesk-dub-lancelot","9":"pa_farba-sivy-mat-dub-lancelot","10":"pa_typ-produktu-15-d-cargo-bb","11":"pa_typ-produktu-15-d-otw-bb","12":"pa_typ-produktu-15-g-72-otw","13":"pa_typ-produktu-30-d-cargo-bb","14":"pa_typ-produktu-30-d-otw-bb","15":"pa_typ-produktu-30-d-zak-bb","16":"pa_typ-produktu-30-g-72-1f","17":"pa_typ-produktu-30-g-72-otw","18":"pa_typ-produktu-30-g-72-zak","19":"pa_typ-produktu-40-d-1f-bb","20":"pa_typ-produktu-40-d-3s-bb","21":"pa_typ-produktu-40-dk-210-2f","22":"pa_typ-produktu-40-g-13-1s","23":"pa_typ-produktu-40-g-72-1f","24":"pa_typ-produktu-40-nagu-36-1f","25":"pa_typ-produktu-50-gu-36-1f","26":"pa_typ-produktu-58x58-gn-72-1f","27":"pa_typ-produktu-60-d-1f-bb","28":"pa_typ-produktu-60-d-3s-bb","29":"pa_typ-produktu-60-d-gaz-bb","30":"pa_typ-produktu-60-dk-210-2f","31":"pa_typ-produktu-60-dks-210-3s-1f","32":"pa_typ-produktu-60-dp-210-2f","33":"pa_typ-produktu-60-dps-210-3s-1f","34":"pa_typ-produktu-60-g-72-1f","35":"pa_typ-produktu-60-gu-36-1f","36":"pa_typ-produktu-60-gu-72-2f","37":"pa_typ-produktu-60-nagu-36-1f","38":"pa_typ-produktu-80-d-2f-zb","39":"pa_typ-produktu-80-d-3s-bb","40":"pa_typ-produktu-80-gu-72-2f","41":"pa_typ-produktu-80-gu-36-1f","42":"pa_typ-produktu-80-nagu-36-1f","43":"pa_typ-produktu-80-zl-2f-bb","44":"pa_typ-produktu-90x90-dn-1f-bb","45":"pa_typ-produktu-zm-570x446","46":"pa_typ-produktu-zm-570x596","47":"pa_typ-produktu-zm-713x446","48":"pa_typ-produktu-zm-713x596","50":"first","51":"onbackorder","52":"shipping-taxable","53":"purchasable","54":"product-type-variable"},"_links":{"self":[{"href":"https:\/\/nabytoklaguna.sk\/sk\/wp-json\/wp\/v2\/product\/71608","targetHints":{"allow":["GET"]}}],"collection":[{"href":"https:\/\/nabytoklaguna.sk\/sk\/wp-json\/wp\/v2\/product"}],"about":[{"href":"https:\/\/nabytoklaguna.sk\/sk\/wp-json\/wp\/v2\/types\/product"}],"replies":[{"embeddable":true,"href":"https:\/\/nabytoklaguna.sk\/sk\/wp-json\/wp\/v2\/comments?post=71608"}],"wp:featuredmedia":[{"embeddable":true,"href":"https:\/\/nabytoklaguna.sk\/sk\/wp-json\/wp\/v2\/media\/71761"}],"wp:attachment":[{"href":"https:\/\/nabytoklaguna.sk\/sk\/wp-json\/wp\/v2\/media?parent=71608"}],"wp:term":[{"taxonomy":"product_brand","embeddable":true,"href":"https:\/\/nabytoklaguna.sk\/sk\/wp-json\/wp\/v2\/product_brand?post=71608"},{"taxonomy":"product_cat","embeddable":true,"href":"https:\/\/nabytoklaguna.sk\/sk\/wp-json\/wp\/v2\/product_cat?post=71608"},{"taxonomy":"product_tag","embeddable":true,"href":"https:\/\/nabytoklaguna.sk\/sk\/wp-json\/wp\/v2\/product_tag?post=71608"}],"curies":[{"name":"wp","href":"https:\/\/api.w.org\/{rel}","templated":true}]}}