{"id":7179,"date":"2021-02-13T11:35:32","date_gmt":"2021-02-13T10:35:32","guid":{"rendered":"http:\/\/nabytoklaguna.sk\/sk\/shop\/sedacie-supravy\/latkove-sedacie-supravy\/rohove-supravy\/genova\/"},"modified":"2025-02-17T11:13:21","modified_gmt":"2025-02-17T10:13:21","slug":"renova","status":"publish","type":"product","link":"https:\/\/nabytoklaguna.sk\/sk\/produkt\/renova\/","title":{"rendered":"STG RENOVA"},"content":{"rendered":"<table id=\"parameters_table_above_spec\" class=\"comments detail_params_tables\" style=\"width: 0.553562%; height: 96px;\" cellspacing=\"0\" cellpadding=\"0\">\n<tbody>\n<tr id=\"parameter_row_368975\" class=\"dark params_row\" style=\"height: 52px;\">\n<td class=\"param_name_cells\" style=\"height: 52px; width: 34.9699%;\"><\/td>\n<td class=\"param_value_cells\" style=\"height: 52px; width: 11.236%;\" colspan=\"3\" width=\"65%\"><\/td>\n<\/tr>\n<tr id=\"parameter_row_368976\" class=\"light params_row\" style=\"height: 52px;\">\n<td class=\"param_name_cells\" style=\"height: 52px; width: 34.9699%;\"><\/td>\n<td class=\"param_value_cells\" style=\"height: 52px; width: 11.236%;\" colspan=\"3\" width=\"65%\"><\/td>\n<\/tr>\n<tr id=\"parameter_row_451152\" class=\"dark params_row\" style=\"height: 10px;\">\n<td class=\"param_name_cells\" style=\"height: 10px; width: 34.9699%;\"><\/td>\n<td class=\"param_value_cells\" style=\"height: 10px; width: 11.236%;\" colspan=\"3\" width=\"65%\"><\/td>\n<\/tr>\n<\/tbody>\n<\/table>\n<p><strong>Sedacia s\u00faprava RENOVA sa m\u00f4\u017ee r\u00fdchlo a jednoducho zmeni\u0165 na l\u00f4\u017eko<\/strong><\/p>\n<p><strong>Modern\u00e1 rohov\u00e1<\/strong> sedacia s\u00faprava <strong>RENOVA <\/strong>na jednej strane reprezentuje klasick\u00fd poh\u013ead na tento druh n\u00e1bytku, na druhej strane poskytuje v\u0161etky v\u00fdhody a\u00a0vlastnosti pre modern\u00fd odpo\u010dinok. Rozsiahly priestor na sedenie, <strong>vyprofilovan\u00e9 operadl\u00e1<\/strong> ukon\u010den\u00e9 <strong>regulovate\u013en\u00fdmi opierkami<\/strong> na hlavu a dlh\u00e9 boky sedacej s\u00fapravy poz\u00fdvaj\u00fa k zaujatiu ob\u013e\u00fabenej polohy a\u00a0<strong>pr\u00edjemn\u00e9mu tr\u00e1veniu \u010dasu.<\/strong><\/p>\n<p><strong>3 najd\u00f4le\u017eitej\u0161ie <\/strong>vlastnosti rohovej sedacej s\u00fapravy <strong>RENOVA<\/strong><\/p>\n<p>Praktick\u00fdm doplnkom funkcionality sedacej s\u00fapravy<strong> RENOVA <\/strong>je taburet. Mo\u017eno ho vyu\u017ei\u0165 r\u00f4znymi sp\u00f4sobmi, napr. ako podno\u017eku \u010di miesto na postavenie ob\u010derstvenia.<\/p>\n<p><strong>1. nastavite\u013en\u00e1 opierka hlavy <\/strong>zabezpe\u010d\u00ed pohodln\u00fa podporu hlave i\u00a0krku<br \/>\n<strong>2. charakteristick\u00e9 no\u017ei\u010dky <\/strong>na prv\u00fd poh\u013ead drobn\u00e9, v\u00a0skuto\u010dnosti v\u0161ak stabiln\u00e9 a\u00a0odoln\u00e9<br \/>\n<strong>3. jemn\u00e9 detaily <\/strong>zdobia bez toho, aby sa predv\u00e1dzali formou alebo farebnos\u0165ou<\/p>\n<p><strong>Jasn\u00e9 \u010dal\u00fanenie je dobr\u00fdm pozad\u00edm pre dodato\u010dn\u00e9 vank\u00fa\u0161iky<\/strong><\/p>\n<p>Sedacia s\u00faprava <strong>RENOVA <\/strong>m\u00e1 jeden rozmer v\u00a0pravej alebo \u013eavej verzii. M\u00f4\u017ee obsahova\u0165 funkciu na spanie a\u00a0priestor na poste\u013en\u00fa bielize\u0148. \u010eal\u0161ie vank\u00fa\u0161e nepatria do v\u00fdbavy sedacej s\u00fapravy \u2013 s\u00fa predstaven\u00e9 ako mo\u017en\u00fd sp\u00f4sob prezent\u00e1cie alebo si ich m\u00f4\u017eete zak\u00fapi\u0165 oddelene.<\/p>\n<p><strong>VZORKOVN\u00cdK L\u00c1TOK<\/strong><\/p>\n<p><a href=\"https:\/\/nabytoklaguna.sk\/sk\/wp-content\/uploads\/2021\/02\/stagra-vzorkovniky.docx\"><img loading=\"lazy\" decoding=\"async\" class=\"alignnone size-full wp-image-100592\" src=\"https:\/\/nabytoklaguna.sk\/sk\/wp-content\/uploads\/2021\/01\/tlacidlo-vzorkovnik-latok-2.jpg\" alt=\"tlacidlo vzorkovnik latok (2)\" width=\"100\" height=\"100\" \/><\/a><\/p>\n<p>Ceny s\u00fa platn\u00e9 pre l\u00e1tky v cenovej skupine 0.<\/p>\n<p>Mo\u017enos\u0165 dok\u00fapi\u0165: <strong>1.Taburet<\/strong>&#8230;&#8230;&#8230;. Rozmer taburetu: <span class=\"param_values\">105 x 65 x 42 cmv<\/span><\/p>\n<p><strong>2. Dvojsed <\/strong>&#8230;&#8230;.Rozmer dvojsedu: <span class=\"param_values\">176 x 105 x 78\/95 cm<\/span><\/p>\n<p><strong>3. Trojsed <\/strong>&#8230;&#8230;..Rozmer trojsedu: <span class=\"param_values\">206 x 105 x 78\/95 cm<\/span><\/p>\n<p><strong>4.Kreslo<\/strong>&#8230;&#8230;&#8230;&#8230;Rozmer kresla: 116 x 105 cm<\/p>\n<p><strong>Trojsed a dvojsed s\u00fa bez rozkladu i bez \u00falo\u017en\u00e9ho priestoru. Prevedenie 3FB+R+OS, 3FB+OSB, 3FB+R+1SB m\u00e1 rozklad i \u00falo\u017en\u00fd priestor<\/strong><\/p>\n<p>ROZMERY:<\/p>\n<p>3FB+OSB&#8230;280x170x78\/95cm, v\u00fd\u0161ka sedu 42cm, plocha na spanie 120x220cm<\/p>\n<p>3FB+R+1SB&#8230;.280x207x78\/95cm, v\u00fd\u0161ka sedu 42cm, plocha na spanie 120x200cm<\/p>\n<p>3FB+R+OS&#8230;.280x225x78\/95cm, v\u00fd\u0161ka sedu 42 cm, plocha na spanie 120&#215;200 cm<\/p>\n<p style=\"text-align: left;\">\n","protected":false},"excerpt":{"rendered":"<p>Sedacia s\u00faprava RENOVA sa m\u00f4\u017ee r\u00fdchlo a jednoducho zmeni\u0165 na l\u00f4\u017eko Modern\u00e1 rohov\u00e1 sedacia s\u00faprava RENOVA na jednej strane reprezentuje klasick\u00fd poh\u013ead na tento druh n\u00e1bytku, na druhej strane poskytuje v\u0161etky v\u00fdhody a\u00a0vlastnosti pre modern\u00fd odpo\u010dinok. Rozsiahly priestor na sedenie, vyprofilovan\u00e9 operadl\u00e1 ukon\u010den\u00e9 regulovate\u013en\u00fdmi opierkami na hlavu a dlh\u00e9 boky sedacej s\u00fapravy poz\u00fdvaj\u00fa k zaujatiu&#8230;<\/p>\n","protected":false},"featured_media":31266,"comment_status":"closed","ping_status":"closed","template":"","meta":{"_seopress_robots_primary_cat":"140","_seopress_titles_title":"","_seopress_titles_desc":"","_seopress_robots_index":""},"product_brand":[],"product_cat":[255,140],"product_tag":[],"class_list":{"0":"post-7179","1":"product","2":"type-product","3":"status-publish","4":"has-post-thumbnail","6":"product_cat-rohove-supravy","7":"product_cat-sedacie-supravy","9":"first","10":"onbackorder","11":"shipping-taxable","12":"purchasable","13":"product-type-variable"},"_links":{"self":[{"href":"https:\/\/nabytoklaguna.sk\/sk\/wp-json\/wp\/v2\/product\/7179","targetHints":{"allow":["GET"]}}],"collection":[{"href":"https:\/\/nabytoklaguna.sk\/sk\/wp-json\/wp\/v2\/product"}],"about":[{"href":"https:\/\/nabytoklaguna.sk\/sk\/wp-json\/wp\/v2\/types\/product"}],"replies":[{"embeddable":true,"href":"https:\/\/nabytoklaguna.sk\/sk\/wp-json\/wp\/v2\/comments?post=7179"}],"wp:featuredmedia":[{"embeddable":true,"href":"https:\/\/nabytoklaguna.sk\/sk\/wp-json\/wp\/v2\/media\/31266"}],"wp:attachment":[{"href":"https:\/\/nabytoklaguna.sk\/sk\/wp-json\/wp\/v2\/media?parent=7179"}],"wp:term":[{"taxonomy":"product_brand","embeddable":true,"href":"https:\/\/nabytoklaguna.sk\/sk\/wp-json\/wp\/v2\/product_brand?post=7179"},{"taxonomy":"product_cat","embeddable":true,"href":"https:\/\/nabytoklaguna.sk\/sk\/wp-json\/wp\/v2\/product_cat?post=7179"},{"taxonomy":"product_tag","embeddable":true,"href":"https:\/\/nabytoklaguna.sk\/sk\/wp-json\/wp\/v2\/product_tag?post=7179"}],"curies":[{"name":"wp","href":"https:\/\/api.w.org\/{rel}","templated":true}]}}